{"id":10975,"date":"2023-08-14T05:55:32","date_gmt":"2023-08-14T05:55:32","guid":{"rendered":"https:\/\/www.coldcabinets.com\/product\/conveyor-type-dishwasher-byk-220l-r\/"},"modified":"2023-09-10T09:16:50","modified_gmt":"2023-09-10T09:16:50","slug":"konveyor-tipi-bulasik-makinesi-byk-220l-r","status":"publish","type":"product","link":"https:\/\/www.coldcabinets.com\/tr\/urun\/konveyor-tipi-bulasik-makinesi-byk-220l-r\/","title":{"rendered":"Konvey\u00f6rl\u00fc Tip Bula\u015f\u0131k Makinesi &#8211; BYK 220L\/R"},"content":{"rendered":"<p><strong><u>GENEL \u00d6ZELL\u0130KLER <\/u><\/strong><\/p>\n<p>* Elektromekanik olarak kontrol edilir,<\/p>\n<p>* \u00c7ift h\u0131zl\u0131 (h\u0131zl\u0131-yava\u015f) y\u0131kama,<\/p>\n<p>* Temizlik amac\u0131yla y\u0131kama\/durulama kollar\u0131n\u0131n ve filtrelerin kolay \u00e7\u0131kar\u0131lmas\u0131 ve tak\u0131lmas\u0131,<\/p>\n<p>* 480 mm y\u00fcksekli\u011fe kadar mutfak gere\u00e7lerini y\u0131kamak i\u00e7in uygundur,<\/p>\n<p>* Kap\u0131 a\u00e7\u0131ld\u0131\u011f\u0131nda bula\u015f\u0131k makinesinin \u00e7al\u0131\u015fmas\u0131n\u0131 durduran g\u00fcvenlik sistemi,<\/p>\n<p>* 500&#215;500 mm&#8217;lik raf boyutlar\u0131,<\/p>\n<p>* Kazan\u0131n s\u0131cakl\u0131k emniyet termostatlar\u0131,<\/p>\n<p>* Kuyu s\u0131cakl\u0131k emniyet termostatlar\u0131,<\/p>\n<p>* AISI 304 Cr-Ni s\/s sacdan imal edilmi\u015f su ile temas eden par\u00e7alar,<\/p>\n<p>* 4 adet tabak raf\u0131,<\/p>\n<p>* 1 adet \u00e7atal b\u0131\u00e7ak raf\u0131,<\/p>\n<p>* 1 adet cam raf,<\/p>\n<p>* Opsiyonlar: Durulama pompas\u0131, deterjan pompas\u0131, parlat\u0131c\u0131 pompas\u0131 ve \u0131s\u0131 geri kazan\u0131m sistemi,<\/p>\n<p>* Tank i\u00e7indeki su seviyesi otomatik olarak bir presostat taraf\u0131ndan kontrol edilir,<\/p>\n<p>*D\u00f6nen bir mekanizma taraf\u0131ndan tahrik edilen konvey\u00f6r besleme sistemi,<\/p>\n<p>* Su s\u0131cakl\u0131\u011f\u0131n\u0131 g\u00f6steren dijital termometreler,<\/p>\n<p>*Giri\u015f ve \u00e7\u0131k\u0131\u015f masalar\u0131na montaj i\u00e7in uygun y\u00fckseklik ve derinlik, +<\/p>\n<p>*Mod\u00fcler sistem (y\u0131kama, durulama, kurutma)<\/p>\n<p>&nbsp;<\/p>\n<p><strong><u>TEKN\u0130K \u00d6ZELL\u0130KLER <\/u><\/strong><\/p>\n<table class=\"Table\" cellspacing=\"0\">\n<tbody>\n<tr>\n<td>Su giri\u015fi<\/td>\n<td>3\/4<\/td>\n<td>in\u00e7<\/td>\n<\/tr>\n<tr>\n<td>Su bas\u0131nc\u0131<\/td>\n<td>2-4<\/td>\n<td>Bar<\/td>\n<\/tr>\n<tr>\n<td>Elektrikli giri\u015f<\/td>\n<td>380-50<\/td>\n<td>V-Hz.<\/td>\n<\/tr>\n<tr>\n<td>Y\u0131kama Motor G\u00fcc\u00fc<\/td>\n<td>1,5<\/td>\n<td>kW<\/td>\n<\/tr>\n<tr>\n<td>\u00d6n y\u0131kama motor g\u00fcc\u00fc<\/td>\n<td>0,6<\/td>\n<td>kW<\/td>\n<\/tr>\n<tr>\n<td>Max. Elektrik g\u00fcc\u00fc<\/td>\n<td>34<\/td>\n<td>kW<\/td>\n<\/tr>\n<tr>\n<td>Frekans<\/td>\n<td>50-60<\/td>\n<td>Hz<\/td>\n<\/tr>\n<tr>\n<td>Su t\u00fcketimi<\/td>\n<td>4<\/td>\n<td>Lts\/cyc<\/td>\n<\/tr>\n<tr>\n<td>Tank g\u00fcc\u00fc<\/td>\n<td>8<\/td>\n<td>kW<\/td>\n<\/tr>\n<tr>\n<td>Kazan G\u00fcc\u00fc<\/td>\n<td>24<\/td>\n<td>kW<\/td>\n<\/tr>\n<tr>\n<td>Red\u00fckt\u00f6r motor g\u00fcc\u00fc<\/td>\n<td>0,55<\/td>\n<td>kW<\/td>\n<\/tr>\n<tr>\n<td>Y\u0131kama s\u0131cakl\u0131\u011f\u0131<\/td>\n<td>55<\/td>\n<td>\u00b0C<\/td>\n<\/tr>\n<tr>\n<td>Durulama s\u0131cakl\u0131\u011f\u0131<\/td>\n<td>85<\/td>\n<td>\u00b0C<\/td>\n<\/tr>\n<tr>\n<td>Su giri\u015f s\u0131cakl\u0131\u011f\u0131<\/td>\n<td>45-50<\/td>\n<td>\u00b0C<\/td>\n<\/tr>\n<tr>\n<td>Kazan hacmi<\/td>\n<td>30<\/td>\n<td>lts<\/td>\n<\/tr>\n<tr>\n<td>Ana y\u0131kama suyu hacmi<\/td>\n<td>125<\/td>\n<td>lts<\/td>\n<\/tr>\n<tr>\n<td>\u00d6n y\u0131kama tank\u0131 su hacmi<\/td>\n<td>54<\/td>\n<td>lts<\/td>\n<\/tr>\n<tr>\n<td>Plaka kapasitesi<\/td>\n<td>2200<\/td>\n<td>adet\/h<\/td>\n<\/tr>\n<tr>\n<td>Raf kapasitesi<\/td>\n<td>155<\/td>\n<td>adet\/h<\/td>\n<\/tr>\n<tr>\n<td>Cam kapasitesi<\/td>\n<td>3875<\/td>\n<td>adet\/h<\/td>\n<\/tr>\n<tr>\n<td>Tepsi kapasitesi<\/td>\n<td>1085<\/td>\n<td>adet\/h<\/td>\n<\/tr>\n<tr>\n<td>Maksimum kap y\u00fcksekli\u011fi<\/td>\n<td>480<\/td>\n<td>mms<\/td>\n<\/tr>\n<tr>\n<td>Plaka y\u00fcksekli\u011fi<\/td>\n<td>350<\/td>\n<td>mms<\/td>\n<\/tr>\n<tr>\n<td>Kablo b\u00f6l\u00fcm\u00fc<\/td>\n<td>4&#215;16<\/td>\n<td>mm2<\/td>\n<\/tr>\n<tr>\n<td>Durulama Motor g\u00fcc\u00fc<\/td>\n<td>0,33<\/td>\n<td>kW<\/td>\n<\/tr>\n<\/tbody>\n<\/table>\n","protected":false},"excerpt":{"rendered":"<p>Yenilik\u00e7i bula\u015f\u0131k makinemizle tan\u0131\u015f\u0131n. Bu makine, h\u0131zl\u0131 ve yava\u015f olmak \u00fczere \u00e7ift h\u0131z se\u00e7ene\u011fi sunar ve zahmetsiz temizlik i\u00e7in kolayca \u00e7\u0131kar\u0131labilen y\u0131kama ve durulama kollar\u0131na sahiptir. Y\u00fcksekli\u011fi 480 mm&#8217;ye kadar olan mutfak gere\u00e7lerini y\u0131kama kapasitesine sahip olan \u00fcr\u00fcn, kap\u0131 a\u00e7\u0131ld\u0131\u011f\u0131nda otomatik olarak \u00e7al\u0131\u015fmay\u0131 durdurarak g\u00fcvenli\u011fi \u00f6n planda tutuyor. AISI 304 Cr-Ni paslanmaz \u00e7elikten \u00fcretilen su ile temas eden par\u00e7alar hem dayan\u0131kl\u0131l\u0131k hem de hijyen sa\u011flar. Su s\u0131cakl\u0131\u011f\u0131n\u0131 izlemek i\u00e7in dijital termometrelerle desteklenen 500&#215;500 mm raf boyutu ve mod\u00fcler tasar\u0131m\u0131yla bula\u015f\u0131k y\u0131kama deneyiminizi yeni bir seviyeye y\u00fckseltin.<\/p>\n","protected":false},"featured_media":10892,"comment_status":"open","ping_status":"closed","template":"","meta":{"om_disable_all_campaigns":false,"_monsterinsights_skip_tracking":false,"_monsterinsights_sitenote_active":false,"_monsterinsights_sitenote_note":"","_monsterinsights_sitenote_category":0},"product_brand":[],"product_cat":[214],"product_tag":[265],"class_list":{"0":"post-10975","1":"product","2":"type-product","3":"status-publish","4":"has-post-thumbnail","6":"product_cat-konveyor-yikama","7":"product_tag-dishwasher-tr","9":"first","10":"instock","11":"shipping-taxable","12":"product-type-simple"},"yoast_head":"<!-- This site is optimized with the Yoast SEO plugin v25.2 - https:\/\/yoast.com\/wordpress\/plugins\/seo\/ -->\n<title>Konvey\u00f6rl\u00fc Tip Bula\u015f\u0131k Makinesi - BYK 220L\/R - Cold Cabinets Industrial Market &amp; Kitchen Equipment<\/title>\n<meta name=\"robots\" content=\"index, follow, max-snippet:-1, max-image-preview:large, max-video-preview:-1\" \/>\n<link rel=\"canonical\" href=\"https:\/\/www.coldcabinets.com\/tr\/urun\/konveyor-tipi-bulasik-makinesi-byk-220l-r\/\" \/>\n<meta property=\"og:locale\" content=\"tr_TR\" \/>\n<meta property=\"og:type\" content=\"article\" \/>\n<meta property=\"og:title\" content=\"Konvey\u00f6rl\u00fc Tip Bula\u015f\u0131k Makinesi - BYK 220L\/R - Cold Cabinets Industrial Market &amp; Kitchen Equipment\" \/>\n<meta property=\"og:description\" content=\"Yenilik\u00e7i bula\u015f\u0131k makinemizle tan\u0131\u015f\u0131n. Bu makine, h\u0131zl\u0131 ve yava\u015f olmak \u00fczere \u00e7ift h\u0131z se\u00e7ene\u011fi sunar ve zahmetsiz temizlik i\u00e7in kolayca \u00e7\u0131kar\u0131labilen y\u0131kama ve durulama kollar\u0131na sahiptir. Y\u00fcksekli\u011fi 480 mm&#039;ye kadar olan mutfak gere\u00e7lerini y\u0131kama kapasitesine sahip olan \u00fcr\u00fcn, kap\u0131 a\u00e7\u0131ld\u0131\u011f\u0131nda otomatik olarak \u00e7al\u0131\u015fmay\u0131 durdurarak g\u00fcvenli\u011fi \u00f6n planda tutuyor. AISI 304 Cr-Ni paslanmaz \u00e7elikten \u00fcretilen su ile temas eden par\u00e7alar hem dayan\u0131kl\u0131l\u0131k hem de hijyen sa\u011flar. Su s\u0131cakl\u0131\u011f\u0131n\u0131 izlemek i\u00e7in dijital termometrelerle desteklenen 500x500 mm raf boyutu ve mod\u00fcler tasar\u0131m\u0131yla bula\u015f\u0131k y\u0131kama deneyiminizi yeni bir seviyeye y\u00fckseltin.\" \/>\n<meta property=\"og:url\" content=\"https:\/\/www.coldcabinets.com\/tr\/urun\/konveyor-tipi-bulasik-makinesi-byk-220l-r\/\" \/>\n<meta property=\"og:site_name\" content=\"Cold Cabinets Industrial Market &amp; Kitchen Equipment\" \/>\n<meta property=\"article:modified_time\" content=\"2023-09-10T09:16:50+00:00\" \/>\n<meta property=\"og:image\" content=\"https:\/\/www.coldcabinets.com\/wp-content\/uploads\/2023\/08\/Conveyor-Type-Dishwasher-BYK-220LR-1.jpg\" \/>\n\t<meta property=\"og:image:width\" content=\"1200\" \/>\n\t<meta property=\"og:image:height\" content=\"1200\" \/>\n\t<meta property=\"og:image:type\" content=\"image\/jpeg\" \/>\n<meta name=\"twitter:card\" content=\"summary_large_image\" \/>\n<meta name=\"twitter:label1\" content=\"Tahmini okuma s\u00fcresi\" \/>\n\t<meta name=\"twitter:data1\" content=\"1 dakika\" \/>\n<script type=\"application\/ld+json\" class=\"yoast-schema-graph\">{\"@context\":\"https:\/\/schema.org\",\"@graph\":[{\"@type\":\"WebPage\",\"@id\":\"https:\/\/www.coldcabinets.com\/tr\/urun\/konveyor-tipi-bulasik-makinesi-byk-220l-r\/\",\"url\":\"https:\/\/www.coldcabinets.com\/tr\/urun\/konveyor-tipi-bulasik-makinesi-byk-220l-r\/\",\"name\":\"Konvey\u00f6rl\u00fc Tip Bula\u015f\u0131k Makinesi - BYK 220L\/R - Cold Cabinets Industrial Market &amp; Kitchen Equipment\",\"isPartOf\":{\"@id\":\"https:\/\/www.coldcabinets.com\/tr\/#website\"},\"primaryImageOfPage\":{\"@id\":\"https:\/\/www.coldcabinets.com\/tr\/urun\/konveyor-tipi-bulasik-makinesi-byk-220l-r\/#primaryimage\"},\"image\":{\"@id\":\"https:\/\/www.coldcabinets.com\/tr\/urun\/konveyor-tipi-bulasik-makinesi-byk-220l-r\/#primaryimage\"},\"thumbnailUrl\":\"https:\/\/www.coldcabinets.com\/wp-content\/uploads\/2023\/08\/Conveyor-Type-Dishwasher-BYK-220LR-1.jpg\",\"datePublished\":\"2023-08-14T05:55:32+00:00\",\"dateModified\":\"2023-09-10T09:16:50+00:00\",\"breadcrumb\":{\"@id\":\"https:\/\/www.coldcabinets.com\/tr\/urun\/konveyor-tipi-bulasik-makinesi-byk-220l-r\/#breadcrumb\"},\"inLanguage\":\"tr\",\"potentialAction\":[{\"@type\":\"ReadAction\",\"target\":[\"https:\/\/www.coldcabinets.com\/tr\/urun\/konveyor-tipi-bulasik-makinesi-byk-220l-r\/\"]}]},{\"@type\":\"ImageObject\",\"inLanguage\":\"tr\",\"@id\":\"https:\/\/www.coldcabinets.com\/tr\/urun\/konveyor-tipi-bulasik-makinesi-byk-220l-r\/#primaryimage\",\"url\":\"https:\/\/www.coldcabinets.com\/wp-content\/uploads\/2023\/08\/Conveyor-Type-Dishwasher-BYK-220LR-1.jpg\",\"contentUrl\":\"https:\/\/www.coldcabinets.com\/wp-content\/uploads\/2023\/08\/Conveyor-Type-Dishwasher-BYK-220LR-1.jpg\",\"width\":1200,\"height\":1200},{\"@type\":\"BreadcrumbList\",\"@id\":\"https:\/\/www.coldcabinets.com\/tr\/urun\/konveyor-tipi-bulasik-makinesi-byk-220l-r\/#breadcrumb\",\"itemListElement\":[{\"@type\":\"ListItem\",\"position\":1,\"name\":\"Home\",\"item\":\"https:\/\/www.coldcabinets.com\/tr\/shop-2\/\"},{\"@type\":\"ListItem\",\"position\":2,\"name\":\"Konvey\u00f6rl\u00fc Tip Bula\u015f\u0131k Makinesi &#8211; BYK 220L\/R\"}]},{\"@type\":\"WebSite\",\"@id\":\"https:\/\/www.coldcabinets.com\/tr\/#website\",\"url\":\"https:\/\/www.coldcabinets.com\/tr\/\",\"name\":\"Cold Cabinets Industrial Market Equipment\",\"description\":\"Refrigeration Cabinets, Dishwasher Equipment ,Ovens,Tea &amp; Coffee Equipment , Cafe &amp; Bar Equipment, Main Kitchen Equipment, Cold Rooms\",\"publisher\":{\"@id\":\"https:\/\/www.coldcabinets.com\/tr\/#organization\"},\"potentialAction\":[{\"@type\":\"SearchAction\",\"target\":{\"@type\":\"EntryPoint\",\"urlTemplate\":\"https:\/\/www.coldcabinets.com\/tr\/?s={search_term_string}\"},\"query-input\":{\"@type\":\"PropertyValueSpecification\",\"valueRequired\":true,\"valueName\":\"search_term_string\"}}],\"inLanguage\":\"tr\"},{\"@type\":\"Organization\",\"@id\":\"https:\/\/www.coldcabinets.com\/tr\/#organization\",\"name\":\"Cold Cabinets - Refrigeration Cabinets, Dishwasher Equipment ,Ovens,Tea & Coffee Equipment , Cafe & Bar Equipment ,Main Kitchen Equipment ,Cold Rooms\",\"url\":\"https:\/\/www.coldcabinets.com\/tr\/\",\"logo\":{\"@type\":\"ImageObject\",\"inLanguage\":\"tr\",\"@id\":\"https:\/\/www.coldcabinets.com\/tr\/#\/schema\/logo\/image\/\",\"url\":\"https:\/\/www.coldcabinets.com\/wp-content\/uploads\/2022\/12\/cold-cabinets-logo@3x.png\",\"contentUrl\":\"https:\/\/www.coldcabinets.com\/wp-content\/uploads\/2022\/12\/cold-cabinets-logo@3x.png\",\"width\":1632,\"height\":536,\"caption\":\"Cold Cabinets - Refrigeration Cabinets, Dishwasher Equipment ,Ovens,Tea & Coffee Equipment , Cafe & Bar Equipment ,Main Kitchen Equipment ,Cold Rooms\"},\"image\":{\"@id\":\"https:\/\/www.coldcabinets.com\/tr\/#\/schema\/logo\/image\/\"},\"sameAs\":[\"https:\/\/www.linkedin.com\/company\/coldcabinets\/\"]}]}<\/script>\n<!-- \/ Yoast SEO plugin. -->","yoast_head_json":{"title":"Konvey\u00f6rl\u00fc Tip Bula\u015f\u0131k Makinesi - BYK 220L\/R - Cold Cabinets Industrial Market &amp; Kitchen Equipment","robots":{"index":"index","follow":"follow","max-snippet":"max-snippet:-1","max-image-preview":"max-image-preview:large","max-video-preview":"max-video-preview:-1"},"canonical":"https:\/\/www.coldcabinets.com\/tr\/urun\/konveyor-tipi-bulasik-makinesi-byk-220l-r\/","og_locale":"tr_TR","og_type":"article","og_title":"Konvey\u00f6rl\u00fc Tip Bula\u015f\u0131k Makinesi - BYK 220L\/R - Cold Cabinets Industrial Market &amp; Kitchen Equipment","og_description":"Yenilik\u00e7i bula\u015f\u0131k makinemizle tan\u0131\u015f\u0131n. Bu makine, h\u0131zl\u0131 ve yava\u015f olmak \u00fczere \u00e7ift h\u0131z se\u00e7ene\u011fi sunar ve zahmetsiz temizlik i\u00e7in kolayca \u00e7\u0131kar\u0131labilen y\u0131kama ve durulama kollar\u0131na sahiptir. Y\u00fcksekli\u011fi 480 mm'ye kadar olan mutfak gere\u00e7lerini y\u0131kama kapasitesine sahip olan \u00fcr\u00fcn, kap\u0131 a\u00e7\u0131ld\u0131\u011f\u0131nda otomatik olarak \u00e7al\u0131\u015fmay\u0131 durdurarak g\u00fcvenli\u011fi \u00f6n planda tutuyor. AISI 304 Cr-Ni paslanmaz \u00e7elikten \u00fcretilen su ile temas eden par\u00e7alar hem dayan\u0131kl\u0131l\u0131k hem de hijyen sa\u011flar. Su s\u0131cakl\u0131\u011f\u0131n\u0131 izlemek i\u00e7in dijital termometrelerle desteklenen 500x500 mm raf boyutu ve mod\u00fcler tasar\u0131m\u0131yla bula\u015f\u0131k y\u0131kama deneyiminizi yeni bir seviyeye y\u00fckseltin.","og_url":"https:\/\/www.coldcabinets.com\/tr\/urun\/konveyor-tipi-bulasik-makinesi-byk-220l-r\/","og_site_name":"Cold Cabinets Industrial Market &amp; Kitchen Equipment","article_modified_time":"2023-09-10T09:16:50+00:00","og_image":[{"width":1200,"height":1200,"url":"https:\/\/www.coldcabinets.com\/wp-content\/uploads\/2023\/08\/Conveyor-Type-Dishwasher-BYK-220LR-1.jpg","type":"image\/jpeg"}],"twitter_card":"summary_large_image","twitter_misc":{"Tahmini okuma s\u00fcresi":"1 dakika"},"schema":{"@context":"https:\/\/schema.org","@graph":[{"@type":"WebPage","@id":"https:\/\/www.coldcabinets.com\/tr\/urun\/konveyor-tipi-bulasik-makinesi-byk-220l-r\/","url":"https:\/\/www.coldcabinets.com\/tr\/urun\/konveyor-tipi-bulasik-makinesi-byk-220l-r\/","name":"Konvey\u00f6rl\u00fc Tip Bula\u015f\u0131k Makinesi - BYK 220L\/R - Cold Cabinets Industrial Market &amp; Kitchen Equipment","isPartOf":{"@id":"https:\/\/www.coldcabinets.com\/tr\/#website"},"primaryImageOfPage":{"@id":"https:\/\/www.coldcabinets.com\/tr\/urun\/konveyor-tipi-bulasik-makinesi-byk-220l-r\/#primaryimage"},"image":{"@id":"https:\/\/www.coldcabinets.com\/tr\/urun\/konveyor-tipi-bulasik-makinesi-byk-220l-r\/#primaryimage"},"thumbnailUrl":"https:\/\/www.coldcabinets.com\/wp-content\/uploads\/2023\/08\/Conveyor-Type-Dishwasher-BYK-220LR-1.jpg","datePublished":"2023-08-14T05:55:32+00:00","dateModified":"2023-09-10T09:16:50+00:00","breadcrumb":{"@id":"https:\/\/www.coldcabinets.com\/tr\/urun\/konveyor-tipi-bulasik-makinesi-byk-220l-r\/#breadcrumb"},"inLanguage":"tr","potentialAction":[{"@type":"ReadAction","target":["https:\/\/www.coldcabinets.com\/tr\/urun\/konveyor-tipi-bulasik-makinesi-byk-220l-r\/"]}]},{"@type":"ImageObject","inLanguage":"tr","@id":"https:\/\/www.coldcabinets.com\/tr\/urun\/konveyor-tipi-bulasik-makinesi-byk-220l-r\/#primaryimage","url":"https:\/\/www.coldcabinets.com\/wp-content\/uploads\/2023\/08\/Conveyor-Type-Dishwasher-BYK-220LR-1.jpg","contentUrl":"https:\/\/www.coldcabinets.com\/wp-content\/uploads\/2023\/08\/Conveyor-Type-Dishwasher-BYK-220LR-1.jpg","width":1200,"height":1200},{"@type":"BreadcrumbList","@id":"https:\/\/www.coldcabinets.com\/tr\/urun\/konveyor-tipi-bulasik-makinesi-byk-220l-r\/#breadcrumb","itemListElement":[{"@type":"ListItem","position":1,"name":"Home","item":"https:\/\/www.coldcabinets.com\/tr\/shop-2\/"},{"@type":"ListItem","position":2,"name":"Konvey\u00f6rl\u00fc Tip Bula\u015f\u0131k Makinesi &#8211; BYK 220L\/R"}]},{"@type":"WebSite","@id":"https:\/\/www.coldcabinets.com\/tr\/#website","url":"https:\/\/www.coldcabinets.com\/tr\/","name":"Cold Cabinets Industrial Market Equipment","description":"Refrigeration Cabinets, Dishwasher Equipment ,Ovens,Tea &amp; Coffee Equipment , Cafe &amp; Bar Equipment, Main Kitchen Equipment, Cold Rooms","publisher":{"@id":"https:\/\/www.coldcabinets.com\/tr\/#organization"},"potentialAction":[{"@type":"SearchAction","target":{"@type":"EntryPoint","urlTemplate":"https:\/\/www.coldcabinets.com\/tr\/?s={search_term_string}"},"query-input":{"@type":"PropertyValueSpecification","valueRequired":true,"valueName":"search_term_string"}}],"inLanguage":"tr"},{"@type":"Organization","@id":"https:\/\/www.coldcabinets.com\/tr\/#organization","name":"Cold Cabinets - Refrigeration Cabinets, Dishwasher Equipment ,Ovens,Tea & Coffee Equipment , Cafe & Bar Equipment ,Main Kitchen Equipment ,Cold Rooms","url":"https:\/\/www.coldcabinets.com\/tr\/","logo":{"@type":"ImageObject","inLanguage":"tr","@id":"https:\/\/www.coldcabinets.com\/tr\/#\/schema\/logo\/image\/","url":"https:\/\/www.coldcabinets.com\/wp-content\/uploads\/2022\/12\/cold-cabinets-logo@3x.png","contentUrl":"https:\/\/www.coldcabinets.com\/wp-content\/uploads\/2022\/12\/cold-cabinets-logo@3x.png","width":1632,"height":536,"caption":"Cold Cabinets - Refrigeration Cabinets, Dishwasher Equipment ,Ovens,Tea & Coffee Equipment , Cafe & Bar Equipment ,Main Kitchen Equipment ,Cold Rooms"},"image":{"@id":"https:\/\/www.coldcabinets.com\/tr\/#\/schema\/logo\/image\/"},"sameAs":["https:\/\/www.linkedin.com\/company\/coldcabinets\/"]}]}},"_links":{"self":[{"href":"https:\/\/www.coldcabinets.com\/tr\/wp-json\/wp\/v2\/product\/10975","targetHints":{"allow":["GET"]}}],"collection":[{"href":"https:\/\/www.coldcabinets.com\/tr\/wp-json\/wp\/v2\/product"}],"about":[{"href":"https:\/\/www.coldcabinets.com\/tr\/wp-json\/wp\/v2\/types\/product"}],"replies":[{"embeddable":true,"href":"https:\/\/www.coldcabinets.com\/tr\/wp-json\/wp\/v2\/comments?post=10975"}],"version-history":[{"count":1,"href":"https:\/\/www.coldcabinets.com\/tr\/wp-json\/wp\/v2\/product\/10975\/revisions"}],"predecessor-version":[{"id":12060,"href":"https:\/\/www.coldcabinets.com\/tr\/wp-json\/wp\/v2\/product\/10975\/revisions\/12060"}],"wp:featuredmedia":[{"embeddable":true,"href":"https:\/\/www.coldcabinets.com\/tr\/wp-json\/wp\/v2\/media\/10892"}],"wp:attachment":[{"href":"https:\/\/www.coldcabinets.com\/tr\/wp-json\/wp\/v2\/media?parent=10975"}],"wp:term":[{"taxonomy":"product_brand","embeddable":true,"href":"https:\/\/www.coldcabinets.com\/tr\/wp-json\/wp\/v2\/product_brand?post=10975"},{"taxonomy":"product_cat","embeddable":true,"href":"https:\/\/www.coldcabinets.com\/tr\/wp-json\/wp\/v2\/product_cat?post=10975"},{"taxonomy":"product_tag","embeddable":true,"href":"https:\/\/www.coldcabinets.com\/tr\/wp-json\/wp\/v2\/product_tag?post=10975"}],"curies":[{"name":"wp","href":"https:\/\/api.w.org\/{rel}","templated":true}]}}