{"id":10630,"date":"2023-01-02T13:40:15","date_gmt":"2023-01-02T13:40:15","guid":{"rendered":"https:\/\/www.coldcabinets.com\/product\/libra-multideck-vertical-refrigeration-cabinets\/"},"modified":"2023-09-10T09:27:16","modified_gmt":"2023-09-10T09:27:16","slug":"terazi-multideck-dikey-sogutma-dolaplar","status":"publish","type":"product","link":"https:\/\/www.coldcabinets.com\/tr\/urun\/terazi-multideck-dikey-sogutma-dolaplar\/","title":{"rendered":"Libra Multideck Dikey So\u011futma Kabinleri"},"content":{"rendered":"<p><strong>ANAHTAR \u00d6ZELL\u0130KLER<\/strong><\/p>\n<ul>\n<li>Dikey Kumandal\u0131 Te\u015fhir Dolaplar\u0131<\/li>\n<li>S\u0131cakl\u0131k Aral\u0131\u011f\u0131: 3M1-3M2-3H0<\/li>\n<li>\u00c7evre dostu Siklo-pentan Poli\u00fcretan G\u00f6vde<\/li>\n<li>G\u00fcvenilir So\u011futma Sistemi<\/li>\n<li>Kolay \u00c7oklanabilir<\/li>\n<li>Maksimum Ekran Alan\u0131<\/li>\n<li>Kolay Temizlik<\/li>\n<\/ul>\n<p><strong>SE\u00c7ENEKLER<\/strong><\/p>\n<ul>\n<li>Elektronik Kontrol\u00f6r<\/li>\n<li>Motorlu Gece Perdeleri<\/li>\n<li>Ayna \/ \u00c7ift B\u00f6lmeli Yan Duvarlar<\/li>\n<li>Mente\u015feli\/S\u00fcrg\u00fcl\u00fc \u00c7ift Caml\u0131 kap\u0131lar veya Tek Caml\u0131 Kap\u0131lar<\/li>\n<li>Ayarlanabilir Raflar<\/li>\n<\/ul>\n<p><img fetchpriority=\"high\" decoding=\"async\" class=\"alignnone wp-image-489 size-full\" src=\"http:\/\/www.coldcabinets.com\/wp-content\/uploads\/2023\/01\/Multideckscataloguespecifications-2.png\" alt=\"\" width=\"2400\" height=\"1554\" srcset=\"https:\/\/www.coldcabinets.com\/wp-content\/uploads\/2023\/01\/Multideckscataloguespecifications-2.png 2400w, https:\/\/www.coldcabinets.com\/wp-content\/uploads\/2023\/01\/Multideckscataloguespecifications-2-430x278.png 430w, https:\/\/www.coldcabinets.com\/wp-content\/uploads\/2023\/01\/Multideckscataloguespecifications-2-150x97.png 150w, https:\/\/www.coldcabinets.com\/wp-content\/uploads\/2023\/01\/Multideckscataloguespecifications-2-700x453.png 700w, https:\/\/www.coldcabinets.com\/wp-content\/uploads\/2023\/01\/Multideckscataloguespecifications-2-300x194.png 300w, https:\/\/www.coldcabinets.com\/wp-content\/uploads\/2023\/01\/Multideckscataloguespecifications-2-1024x663.png 1024w, https:\/\/www.coldcabinets.com\/wp-content\/uploads\/2023\/01\/Multideckscataloguespecifications-2-768x497.png 768w, https:\/\/www.coldcabinets.com\/wp-content\/uploads\/2023\/01\/Multideckscataloguespecifications-2-1536x995.png 1536w, https:\/\/www.coldcabinets.com\/wp-content\/uploads\/2023\/01\/Multideckscataloguespecifications-2-2048x1326.png 2048w\" sizes=\"(max-width: 2400px) 100vw, 2400px\" \/><\/p>\n","protected":false},"excerpt":{"rendered":"<p>De\u011fi\u015fken derinliklerde ve modellerde \u00e7oklu g\u00fcverteler, b\u00f6ylece at\u00f6lyenin tam gereksinimlerini kar\u015f\u0131l\u0131yoruz. Geni\u015f model yelpazesini korurken, \u00e7e\u015fitli dolap t\u00fcrlerini g\u00fczel ge\u00e7i\u015flerle birle\u015ftirmeyi ba\u015far\u0131yoruz. Minimalist tasar\u0131m, b\u00fcy\u00fck bir uyumla farkl\u0131 modellerden olu\u015fan s\u00fcrekli bir diziye sahip olmam\u0131z\u0131 sa\u011flar. \u00c7ok say\u0131da ba\u011flant\u0131 par\u00e7as\u0131 ve aksesuar ile tam boy ve yar\u0131 \u00e7ok katl\u0131 \u00fcr\u00fcn yelpazesi t\u00fcm bireysel ihtiya\u00e7lar\u0131n\u0131z\u0131 kar\u015f\u0131lar.<\/p>\n","protected":false},"featured_media":8766,"comment_status":"open","ping_status":"closed","template":"","meta":{"om_disable_all_campaigns":false,"_monsterinsights_skip_tracking":false,"_monsterinsights_sitenote_active":false,"_monsterinsights_sitenote_note":"","_monsterinsights_sitenote_category":0},"product_brand":[],"product_cat":[224,218],"product_tag":[257],"class_list":{"0":"post-10630","1":"product","2":"type-product","3":"status-publish","4":"has-post-thumbnail","6":"product_cat-dikey-buzdolabi","7":"product_cat-sogutma-dolaplari","8":"product_tag-sogutma-dolaplari","10":"first","11":"instock","12":"shipping-taxable","13":"product-type-simple"},"yoast_head":"<!-- This site is optimized with the Yoast SEO plugin v25.2 - https:\/\/yoast.com\/wordpress\/plugins\/seo\/ -->\n<title>Libra Multideck Dikey So\u011futma Kabinleri - Cold Cabinets Industrial Market &amp; Kitchen Equipment<\/title>\n<meta name=\"robots\" content=\"index, follow, max-snippet:-1, max-image-preview:large, max-video-preview:-1\" \/>\n<link rel=\"canonical\" href=\"https:\/\/www.coldcabinets.com\/tr\/urun\/terazi-multideck-dikey-sogutma-dolaplar\/\" \/>\n<meta property=\"og:locale\" content=\"tr_TR\" \/>\n<meta property=\"og:type\" content=\"article\" \/>\n<meta property=\"og:title\" content=\"Libra Multideck Dikey So\u011futma Kabinleri - Cold Cabinets Industrial Market &amp; Kitchen Equipment\" \/>\n<meta property=\"og:description\" content=\"De\u011fi\u015fken derinliklerde ve modellerde \u00e7oklu g\u00fcverteler, b\u00f6ylece at\u00f6lyenin tam gereksinimlerini kar\u015f\u0131l\u0131yoruz. Geni\u015f model yelpazesini korurken, \u00e7e\u015fitli dolap t\u00fcrlerini g\u00fczel ge\u00e7i\u015flerle birle\u015ftirmeyi ba\u015far\u0131yoruz. Minimalist tasar\u0131m, b\u00fcy\u00fck bir uyumla farkl\u0131 modellerden olu\u015fan s\u00fcrekli bir diziye sahip olmam\u0131z\u0131 sa\u011flar. \u00c7ok say\u0131da ba\u011flant\u0131 par\u00e7as\u0131 ve aksesuar ile tam boy ve yar\u0131 \u00e7ok katl\u0131 \u00fcr\u00fcn yelpazesi t\u00fcm bireysel ihtiya\u00e7lar\u0131n\u0131z\u0131 kar\u015f\u0131lar.\" \/>\n<meta property=\"og:url\" content=\"https:\/\/www.coldcabinets.com\/tr\/urun\/terazi-multideck-dikey-sogutma-dolaplar\/\" \/>\n<meta property=\"og:site_name\" content=\"Cold Cabinets Industrial Market &amp; Kitchen Equipment\" \/>\n<meta property=\"article:modified_time\" content=\"2023-09-10T09:27:16+00:00\" \/>\n<meta property=\"og:image\" content=\"https:\/\/www.coldcabinets.com\/wp-content\/uploads\/2023\/01\/Libra-Multideck-Vertical-Refrigeration-Cabinets\u200b.jpg\" \/>\n\t<meta property=\"og:image:width\" content=\"1200\" \/>\n\t<meta property=\"og:image:height\" content=\"1200\" \/>\n\t<meta property=\"og:image:type\" content=\"image\/jpeg\" \/>\n<meta name=\"twitter:card\" content=\"summary_large_image\" \/>\n<meta name=\"twitter:label1\" content=\"Tahmini okuma s\u00fcresi\" \/>\n\t<meta name=\"twitter:data1\" content=\"1 dakika\" \/>\n<script type=\"application\/ld+json\" class=\"yoast-schema-graph\">{\"@context\":\"https:\/\/schema.org\",\"@graph\":[{\"@type\":\"WebPage\",\"@id\":\"https:\/\/www.coldcabinets.com\/tr\/urun\/terazi-multideck-dikey-sogutma-dolaplar\/\",\"url\":\"https:\/\/www.coldcabinets.com\/tr\/urun\/terazi-multideck-dikey-sogutma-dolaplar\/\",\"name\":\"Libra Multideck Dikey So\u011futma Kabinleri - Cold Cabinets Industrial Market &amp; Kitchen Equipment\",\"isPartOf\":{\"@id\":\"https:\/\/www.coldcabinets.com\/tr\/#website\"},\"primaryImageOfPage\":{\"@id\":\"https:\/\/www.coldcabinets.com\/tr\/urun\/terazi-multideck-dikey-sogutma-dolaplar\/#primaryimage\"},\"image\":{\"@id\":\"https:\/\/www.coldcabinets.com\/tr\/urun\/terazi-multideck-dikey-sogutma-dolaplar\/#primaryimage\"},\"thumbnailUrl\":\"https:\/\/www.coldcabinets.com\/wp-content\/uploads\/2023\/01\/Libra-Multideck-Vertical-Refrigeration-Cabinets\u200b.jpg\",\"datePublished\":\"2023-01-02T13:40:15+00:00\",\"dateModified\":\"2023-09-10T09:27:16+00:00\",\"breadcrumb\":{\"@id\":\"https:\/\/www.coldcabinets.com\/tr\/urun\/terazi-multideck-dikey-sogutma-dolaplar\/#breadcrumb\"},\"inLanguage\":\"tr\",\"potentialAction\":[{\"@type\":\"ReadAction\",\"target\":[\"https:\/\/www.coldcabinets.com\/tr\/urun\/terazi-multideck-dikey-sogutma-dolaplar\/\"]}]},{\"@type\":\"ImageObject\",\"inLanguage\":\"tr\",\"@id\":\"https:\/\/www.coldcabinets.com\/tr\/urun\/terazi-multideck-dikey-sogutma-dolaplar\/#primaryimage\",\"url\":\"https:\/\/www.coldcabinets.com\/wp-content\/uploads\/2023\/01\/Libra-Multideck-Vertical-Refrigeration-Cabinets\u200b.jpg\",\"contentUrl\":\"https:\/\/www.coldcabinets.com\/wp-content\/uploads\/2023\/01\/Libra-Multideck-Vertical-Refrigeration-Cabinets\u200b.jpg\",\"width\":1200,\"height\":1200},{\"@type\":\"BreadcrumbList\",\"@id\":\"https:\/\/www.coldcabinets.com\/tr\/urun\/terazi-multideck-dikey-sogutma-dolaplar\/#breadcrumb\",\"itemListElement\":[{\"@type\":\"ListItem\",\"position\":1,\"name\":\"Home\",\"item\":\"https:\/\/www.coldcabinets.com\/tr\/shop-2\/\"},{\"@type\":\"ListItem\",\"position\":2,\"name\":\"Libra Multideck Dikey So\u011futma Kabinleri\"}]},{\"@type\":\"WebSite\",\"@id\":\"https:\/\/www.coldcabinets.com\/tr\/#website\",\"url\":\"https:\/\/www.coldcabinets.com\/tr\/\",\"name\":\"Cold Cabinets Industrial Market Equipment\",\"description\":\"Refrigeration Cabinets, Dishwasher Equipment ,Ovens,Tea &amp; Coffee Equipment , Cafe &amp; Bar Equipment, Main Kitchen Equipment, Cold Rooms\",\"publisher\":{\"@id\":\"https:\/\/www.coldcabinets.com\/tr\/#organization\"},\"potentialAction\":[{\"@type\":\"SearchAction\",\"target\":{\"@type\":\"EntryPoint\",\"urlTemplate\":\"https:\/\/www.coldcabinets.com\/tr\/?s={search_term_string}\"},\"query-input\":{\"@type\":\"PropertyValueSpecification\",\"valueRequired\":true,\"valueName\":\"search_term_string\"}}],\"inLanguage\":\"tr\"},{\"@type\":\"Organization\",\"@id\":\"https:\/\/www.coldcabinets.com\/tr\/#organization\",\"name\":\"Cold Cabinets - Refrigeration Cabinets, Dishwasher Equipment ,Ovens,Tea & Coffee Equipment , Cafe & Bar Equipment ,Main Kitchen Equipment ,Cold Rooms\",\"url\":\"https:\/\/www.coldcabinets.com\/tr\/\",\"logo\":{\"@type\":\"ImageObject\",\"inLanguage\":\"tr\",\"@id\":\"https:\/\/www.coldcabinets.com\/tr\/#\/schema\/logo\/image\/\",\"url\":\"https:\/\/www.coldcabinets.com\/wp-content\/uploads\/2022\/12\/cold-cabinets-logo@3x.png\",\"contentUrl\":\"https:\/\/www.coldcabinets.com\/wp-content\/uploads\/2022\/12\/cold-cabinets-logo@3x.png\",\"width\":1632,\"height\":536,\"caption\":\"Cold Cabinets - Refrigeration Cabinets, Dishwasher Equipment ,Ovens,Tea & Coffee Equipment , Cafe & Bar Equipment ,Main Kitchen Equipment ,Cold Rooms\"},\"image\":{\"@id\":\"https:\/\/www.coldcabinets.com\/tr\/#\/schema\/logo\/image\/\"},\"sameAs\":[\"https:\/\/www.linkedin.com\/company\/coldcabinets\/\"]}]}<\/script>\n<!-- \/ Yoast SEO plugin. -->","yoast_head_json":{"title":"Libra Multideck Dikey So\u011futma Kabinleri - Cold Cabinets Industrial Market &amp; Kitchen Equipment","robots":{"index":"index","follow":"follow","max-snippet":"max-snippet:-1","max-image-preview":"max-image-preview:large","max-video-preview":"max-video-preview:-1"},"canonical":"https:\/\/www.coldcabinets.com\/tr\/urun\/terazi-multideck-dikey-sogutma-dolaplar\/","og_locale":"tr_TR","og_type":"article","og_title":"Libra Multideck Dikey So\u011futma Kabinleri - Cold Cabinets Industrial Market &amp; Kitchen Equipment","og_description":"De\u011fi\u015fken derinliklerde ve modellerde \u00e7oklu g\u00fcverteler, b\u00f6ylece at\u00f6lyenin tam gereksinimlerini kar\u015f\u0131l\u0131yoruz. Geni\u015f model yelpazesini korurken, \u00e7e\u015fitli dolap t\u00fcrlerini g\u00fczel ge\u00e7i\u015flerle birle\u015ftirmeyi ba\u015far\u0131yoruz. Minimalist tasar\u0131m, b\u00fcy\u00fck bir uyumla farkl\u0131 modellerden olu\u015fan s\u00fcrekli bir diziye sahip olmam\u0131z\u0131 sa\u011flar. \u00c7ok say\u0131da ba\u011flant\u0131 par\u00e7as\u0131 ve aksesuar ile tam boy ve yar\u0131 \u00e7ok katl\u0131 \u00fcr\u00fcn yelpazesi t\u00fcm bireysel ihtiya\u00e7lar\u0131n\u0131z\u0131 kar\u015f\u0131lar.","og_url":"https:\/\/www.coldcabinets.com\/tr\/urun\/terazi-multideck-dikey-sogutma-dolaplar\/","og_site_name":"Cold Cabinets Industrial Market &amp; Kitchen Equipment","article_modified_time":"2023-09-10T09:27:16+00:00","og_image":[{"width":1200,"height":1200,"url":"https:\/\/www.coldcabinets.com\/wp-content\/uploads\/2023\/01\/Libra-Multideck-Vertical-Refrigeration-Cabinets\u200b.jpg","type":"image\/jpeg"}],"twitter_card":"summary_large_image","twitter_misc":{"Tahmini okuma s\u00fcresi":"1 dakika"},"schema":{"@context":"https:\/\/schema.org","@graph":[{"@type":"WebPage","@id":"https:\/\/www.coldcabinets.com\/tr\/urun\/terazi-multideck-dikey-sogutma-dolaplar\/","url":"https:\/\/www.coldcabinets.com\/tr\/urun\/terazi-multideck-dikey-sogutma-dolaplar\/","name":"Libra Multideck Dikey So\u011futma Kabinleri - Cold Cabinets Industrial Market &amp; Kitchen Equipment","isPartOf":{"@id":"https:\/\/www.coldcabinets.com\/tr\/#website"},"primaryImageOfPage":{"@id":"https:\/\/www.coldcabinets.com\/tr\/urun\/terazi-multideck-dikey-sogutma-dolaplar\/#primaryimage"},"image":{"@id":"https:\/\/www.coldcabinets.com\/tr\/urun\/terazi-multideck-dikey-sogutma-dolaplar\/#primaryimage"},"thumbnailUrl":"https:\/\/www.coldcabinets.com\/wp-content\/uploads\/2023\/01\/Libra-Multideck-Vertical-Refrigeration-Cabinets\u200b.jpg","datePublished":"2023-01-02T13:40:15+00:00","dateModified":"2023-09-10T09:27:16+00:00","breadcrumb":{"@id":"https:\/\/www.coldcabinets.com\/tr\/urun\/terazi-multideck-dikey-sogutma-dolaplar\/#breadcrumb"},"inLanguage":"tr","potentialAction":[{"@type":"ReadAction","target":["https:\/\/www.coldcabinets.com\/tr\/urun\/terazi-multideck-dikey-sogutma-dolaplar\/"]}]},{"@type":"ImageObject","inLanguage":"tr","@id":"https:\/\/www.coldcabinets.com\/tr\/urun\/terazi-multideck-dikey-sogutma-dolaplar\/#primaryimage","url":"https:\/\/www.coldcabinets.com\/wp-content\/uploads\/2023\/01\/Libra-Multideck-Vertical-Refrigeration-Cabinets\u200b.jpg","contentUrl":"https:\/\/www.coldcabinets.com\/wp-content\/uploads\/2023\/01\/Libra-Multideck-Vertical-Refrigeration-Cabinets\u200b.jpg","width":1200,"height":1200},{"@type":"BreadcrumbList","@id":"https:\/\/www.coldcabinets.com\/tr\/urun\/terazi-multideck-dikey-sogutma-dolaplar\/#breadcrumb","itemListElement":[{"@type":"ListItem","position":1,"name":"Home","item":"https:\/\/www.coldcabinets.com\/tr\/shop-2\/"},{"@type":"ListItem","position":2,"name":"Libra Multideck Dikey So\u011futma Kabinleri"}]},{"@type":"WebSite","@id":"https:\/\/www.coldcabinets.com\/tr\/#website","url":"https:\/\/www.coldcabinets.com\/tr\/","name":"Cold Cabinets Industrial Market Equipment","description":"Refrigeration Cabinets, Dishwasher Equipment ,Ovens,Tea &amp; Coffee Equipment , Cafe &amp; Bar Equipment, Main Kitchen Equipment, Cold Rooms","publisher":{"@id":"https:\/\/www.coldcabinets.com\/tr\/#organization"},"potentialAction":[{"@type":"SearchAction","target":{"@type":"EntryPoint","urlTemplate":"https:\/\/www.coldcabinets.com\/tr\/?s={search_term_string}"},"query-input":{"@type":"PropertyValueSpecification","valueRequired":true,"valueName":"search_term_string"}}],"inLanguage":"tr"},{"@type":"Organization","@id":"https:\/\/www.coldcabinets.com\/tr\/#organization","name":"Cold Cabinets - Refrigeration Cabinets, Dishwasher Equipment ,Ovens,Tea & Coffee Equipment , Cafe & Bar Equipment ,Main Kitchen Equipment ,Cold Rooms","url":"https:\/\/www.coldcabinets.com\/tr\/","logo":{"@type":"ImageObject","inLanguage":"tr","@id":"https:\/\/www.coldcabinets.com\/tr\/#\/schema\/logo\/image\/","url":"https:\/\/www.coldcabinets.com\/wp-content\/uploads\/2022\/12\/cold-cabinets-logo@3x.png","contentUrl":"https:\/\/www.coldcabinets.com\/wp-content\/uploads\/2022\/12\/cold-cabinets-logo@3x.png","width":1632,"height":536,"caption":"Cold Cabinets - Refrigeration Cabinets, Dishwasher Equipment ,Ovens,Tea & Coffee Equipment , Cafe & Bar Equipment ,Main Kitchen Equipment ,Cold Rooms"},"image":{"@id":"https:\/\/www.coldcabinets.com\/tr\/#\/schema\/logo\/image\/"},"sameAs":["https:\/\/www.linkedin.com\/company\/coldcabinets\/"]}]}},"_links":{"self":[{"href":"https:\/\/www.coldcabinets.com\/tr\/wp-json\/wp\/v2\/product\/10630","targetHints":{"allow":["GET"]}}],"collection":[{"href":"https:\/\/www.coldcabinets.com\/tr\/wp-json\/wp\/v2\/product"}],"about":[{"href":"https:\/\/www.coldcabinets.com\/tr\/wp-json\/wp\/v2\/types\/product"}],"replies":[{"embeddable":true,"href":"https:\/\/www.coldcabinets.com\/tr\/wp-json\/wp\/v2\/comments?post=10630"}],"version-history":[{"count":1,"href":"https:\/\/www.coldcabinets.com\/tr\/wp-json\/wp\/v2\/product\/10630\/revisions"}],"predecessor-version":[{"id":12082,"href":"https:\/\/www.coldcabinets.com\/tr\/wp-json\/wp\/v2\/product\/10630\/revisions\/12082"}],"wp:featuredmedia":[{"embeddable":true,"href":"https:\/\/www.coldcabinets.com\/tr\/wp-json\/wp\/v2\/media\/8766"}],"wp:attachment":[{"href":"https:\/\/www.coldcabinets.com\/tr\/wp-json\/wp\/v2\/media?parent=10630"}],"wp:term":[{"taxonomy":"product_brand","embeddable":true,"href":"https:\/\/www.coldcabinets.com\/tr\/wp-json\/wp\/v2\/product_brand?post=10630"},{"taxonomy":"product_cat","embeddable":true,"href":"https:\/\/www.coldcabinets.com\/tr\/wp-json\/wp\/v2\/product_cat?post=10630"},{"taxonomy":"product_tag","embeddable":true,"href":"https:\/\/www.coldcabinets.com\/tr\/wp-json\/wp\/v2\/product_tag?post=10630"}],"curies":[{"name":"wp","href":"https:\/\/api.w.org\/{rel}","templated":true}]}}