{"id":10609,"date":"2023-01-02T17:15:14","date_gmt":"2023-01-02T17:15:14","guid":{"rendered":"https:\/\/www.coldcabinets.com\/product\/cetus-semi-vertical-refrigeration-cabinets\/"},"modified":"2023-09-10T09:27:57","modified_gmt":"2023-09-10T09:27:57","slug":"cetus-yari-dikey-sogutma-kabinleri","status":"publish","type":"product","link":"https:\/\/www.coldcabinets.com\/tr\/urun\/cetus-yari-dikey-sogutma-kabinleri\/","title":{"rendered":"Cetus Yar\u0131 Dikey So\u011futma Dolaplar\u0131"},"content":{"rendered":"<div class=\"col-sm-6 m-b-10 p-l-5 p-r-5\">\n<p><strong>ANAHTAR \u00d6ZELL\u0130KLER<\/strong><\/p>\n<ul>\n<li>Dikey Kumandal\u0131 Te\u015fhir Dolaplar\u0131<\/li>\n<li>S\u0131cakl\u0131k Aral\u0131\u011f\u0131: 3M1-3M2-3H0<\/li>\n<li>\u00c7evre dostu Cyclo-pentan Poli\u00fcretan G\u00f6vde<\/li>\n<li>G\u00fcvenilir So\u011futma Sistemi<\/li>\n<li>Kolay \u00c7oklanabilir<\/li>\n<li>Maksimum Ekran Alan\u0131<\/li>\n<li>Kolay Temizlik<\/li>\n<\/ul>\n<\/div>\n<div class=\"col-sm-6 m-b-10 p-l-5 p-r-5\">\n<p><strong>SE\u00c7ENEKLER<\/strong><\/p>\n<ul>\n<li>Elektronik Kontrol\u00f6r<\/li>\n<li>Gece Perdeleri<\/li>\n<li>Ayna \/ \u00c7ift B\u00f6lmeli Yan Duvarlar<\/li>\n<li>Ayarlanabilir Raflar<\/li>\n<\/ul>\n<p><img fetchpriority=\"high\" decoding=\"async\" class=\"alignnone size-full wp-image-605\" src=\"http:\/\/www.coldcabinets.com\/wp-content\/uploads\/2023\/01\/Semiverticalscataloguespecifications-2.png\" alt=\"\" width=\"2400\" height=\"3263\" srcset=\"https:\/\/www.coldcabinets.com\/wp-content\/uploads\/2023\/01\/Semiverticalscataloguespecifications-2.png 2400w, https:\/\/www.coldcabinets.com\/wp-content\/uploads\/2023\/01\/Semiverticalscataloguespecifications-2-430x585.png 430w, https:\/\/www.coldcabinets.com\/wp-content\/uploads\/2023\/01\/Semiverticalscataloguespecifications-2-150x204.png 150w, https:\/\/www.coldcabinets.com\/wp-content\/uploads\/2023\/01\/Semiverticalscataloguespecifications-2-700x952.png 700w, https:\/\/www.coldcabinets.com\/wp-content\/uploads\/2023\/01\/Semiverticalscataloguespecifications-2-221x300.png 221w, https:\/\/www.coldcabinets.com\/wp-content\/uploads\/2023\/01\/Semiverticalscataloguespecifications-2-753x1024.png 753w, https:\/\/www.coldcabinets.com\/wp-content\/uploads\/2023\/01\/Semiverticalscataloguespecifications-2-768x1044.png 768w, https:\/\/www.coldcabinets.com\/wp-content\/uploads\/2023\/01\/Semiverticalscataloguespecifications-2-1130x1536.png 1130w, https:\/\/www.coldcabinets.com\/wp-content\/uploads\/2023\/01\/Semiverticalscataloguespecifications-2-1506x2048.png 1506w\" sizes=\"(max-width: 2400px) 100vw, 2400px\" \/> <img decoding=\"async\" class=\"alignnone size-full wp-image-606\" src=\"http:\/\/www.coldcabinets.com\/wp-content\/uploads\/2023\/01\/Semiverticalscataloguespecifications-3.png\" alt=\"\" width=\"1788\" height=\"3263\" srcset=\"https:\/\/www.coldcabinets.com\/wp-content\/uploads\/2023\/01\/Semiverticalscataloguespecifications-3.png 1788w, https:\/\/www.coldcabinets.com\/wp-content\/uploads\/2023\/01\/Semiverticalscataloguespecifications-3-430x785.png 430w, https:\/\/www.coldcabinets.com\/wp-content\/uploads\/2023\/01\/Semiverticalscataloguespecifications-3-150x274.png 150w, https:\/\/www.coldcabinets.com\/wp-content\/uploads\/2023\/01\/Semiverticalscataloguespecifications-3-700x1277.png 700w, https:\/\/www.coldcabinets.com\/wp-content\/uploads\/2023\/01\/Semiverticalscataloguespecifications-3-164x300.png 164w, https:\/\/www.coldcabinets.com\/wp-content\/uploads\/2023\/01\/Semiverticalscataloguespecifications-3-561x1024.png 561w, https:\/\/www.coldcabinets.com\/wp-content\/uploads\/2023\/01\/Semiverticalscataloguespecifications-3-768x1402.png 768w, https:\/\/www.coldcabinets.com\/wp-content\/uploads\/2023\/01\/Semiverticalscataloguespecifications-3-842x1536.png 842w, https:\/\/www.coldcabinets.com\/wp-content\/uploads\/2023\/01\/Semiverticalscataloguespecifications-3-1122x2048.png 1122w\" sizes=\"(max-width: 1788px) 100vw, 1788px\" \/><\/p>\n<\/div>\n","protected":false},"excerpt":{"rendered":"<div class=\"col-sm-12 m-b-10 p-l-5 p-r-5\">\n<p>Semi-Multideck Cetus, yeni sat\u0131\u015f alan\u0131n\u0131n modern y\u00fcz\u00fcd\u00fcr. Estetik g\u00f6r\u00fcn\u00fcm\u00fc ile dolap, ma\u011faza i\u00e7inde bir \u00e7ekim noktas\u0131 olarak hizmet veriyor. Uzun y\u0131llar s\u00fcren geli\u015ftirme \u00e7al\u0131\u015fmalar\u0131n\u0131n ard\u0131ndan, yar\u0131 \u00e7ok katl\u0131 Cetus serisi nihai durumuna ula\u015ft\u0131. Minimalist tasar\u0131m\u0131 ile yar\u0131 \u00e7oklu g\u00fcverteler, maksimum \u00fcr\u00fcn g\u00f6r\u00fcn\u00fcrl\u00fc\u011f\u00fc ve rahat kullan\u0131ma odaklanm\u0131\u015ft\u0131r.<\/p>\n<\/div>\n","protected":false},"featured_media":8775,"comment_status":"open","ping_status":"closed","template":"","meta":{"om_disable_all_campaigns":false,"_monsterinsights_skip_tracking":false,"_monsterinsights_sitenote_active":false,"_monsterinsights_sitenote_note":"","_monsterinsights_sitenote_category":0},"product_brand":[],"product_cat":[224,218],"product_tag":[257],"class_list":{"0":"post-10609","1":"product","2":"type-product","3":"status-publish","4":"has-post-thumbnail","6":"product_cat-dikey-buzdolabi","7":"product_cat-sogutma-dolaplari","8":"product_tag-sogutma-dolaplari","10":"first","11":"instock","12":"shipping-taxable","13":"product-type-simple"},"yoast_head":"<!-- This site is optimized with the Yoast SEO plugin v25.2 - https:\/\/yoast.com\/wordpress\/plugins\/seo\/ -->\n<title>Cetus Yar\u0131 Dikey So\u011futma Dolaplar\u0131 - Cold Cabinets Industrial Market &amp; Kitchen Equipment<\/title>\n<meta name=\"robots\" content=\"index, follow, max-snippet:-1, max-image-preview:large, max-video-preview:-1\" \/>\n<link rel=\"canonical\" href=\"https:\/\/www.coldcabinets.com\/tr\/urun\/cetus-yari-dikey-sogutma-kabinleri\/\" \/>\n<meta property=\"og:locale\" content=\"tr_TR\" \/>\n<meta property=\"og:type\" content=\"article\" \/>\n<meta property=\"og:title\" content=\"Cetus Yar\u0131 Dikey So\u011futma Dolaplar\u0131 - Cold Cabinets Industrial Market &amp; Kitchen Equipment\" \/>\n<meta property=\"og:description\" content=\"Semi-Multideck Cetus, yeni sat\u0131\u015f alan\u0131n\u0131n modern y\u00fcz\u00fcd\u00fcr. Estetik g\u00f6r\u00fcn\u00fcm\u00fc ile dolap, ma\u011faza i\u00e7inde bir \u00e7ekim noktas\u0131 olarak hizmet veriyor. Uzun y\u0131llar s\u00fcren geli\u015ftirme \u00e7al\u0131\u015fmalar\u0131n\u0131n ard\u0131ndan, yar\u0131 \u00e7ok katl\u0131 Cetus serisi nihai durumuna ula\u015ft\u0131. Minimalist tasar\u0131m\u0131 ile yar\u0131 \u00e7oklu g\u00fcverteler, maksimum \u00fcr\u00fcn g\u00f6r\u00fcn\u00fcrl\u00fc\u011f\u00fc ve rahat kullan\u0131ma odaklanm\u0131\u015ft\u0131r.\" \/>\n<meta property=\"og:url\" content=\"https:\/\/www.coldcabinets.com\/tr\/urun\/cetus-yari-dikey-sogutma-kabinleri\/\" \/>\n<meta property=\"og:site_name\" content=\"Cold Cabinets Industrial Market &amp; Kitchen Equipment\" \/>\n<meta property=\"article:modified_time\" content=\"2023-09-10T09:27:57+00:00\" \/>\n<meta property=\"og:image\" content=\"https:\/\/www.coldcabinets.com\/wp-content\/uploads\/2023\/01\/Cetus-Semi-Vertical-Refrigeration-Cabinets3-1.jpg\" \/>\n\t<meta property=\"og:image:width\" content=\"1200\" \/>\n\t<meta property=\"og:image:height\" content=\"1200\" \/>\n\t<meta property=\"og:image:type\" content=\"image\/jpeg\" \/>\n<meta name=\"twitter:card\" content=\"summary_large_image\" \/>\n<meta name=\"twitter:label1\" content=\"Tahmini okuma s\u00fcresi\" \/>\n\t<meta name=\"twitter:data1\" content=\"1 dakika\" \/>\n<script type=\"application\/ld+json\" class=\"yoast-schema-graph\">{\"@context\":\"https:\/\/schema.org\",\"@graph\":[{\"@type\":\"WebPage\",\"@id\":\"https:\/\/www.coldcabinets.com\/tr\/urun\/cetus-yari-dikey-sogutma-kabinleri\/\",\"url\":\"https:\/\/www.coldcabinets.com\/tr\/urun\/cetus-yari-dikey-sogutma-kabinleri\/\",\"name\":\"Cetus Yar\u0131 Dikey So\u011futma Dolaplar\u0131 - Cold Cabinets Industrial Market &amp; Kitchen Equipment\",\"isPartOf\":{\"@id\":\"https:\/\/www.coldcabinets.com\/tr\/#website\"},\"primaryImageOfPage\":{\"@id\":\"https:\/\/www.coldcabinets.com\/tr\/urun\/cetus-yari-dikey-sogutma-kabinleri\/#primaryimage\"},\"image\":{\"@id\":\"https:\/\/www.coldcabinets.com\/tr\/urun\/cetus-yari-dikey-sogutma-kabinleri\/#primaryimage\"},\"thumbnailUrl\":\"https:\/\/www.coldcabinets.com\/wp-content\/uploads\/2023\/01\/Cetus-Semi-Vertical-Refrigeration-Cabinets3-1.jpg\",\"datePublished\":\"2023-01-02T17:15:14+00:00\",\"dateModified\":\"2023-09-10T09:27:57+00:00\",\"breadcrumb\":{\"@id\":\"https:\/\/www.coldcabinets.com\/tr\/urun\/cetus-yari-dikey-sogutma-kabinleri\/#breadcrumb\"},\"inLanguage\":\"tr\",\"potentialAction\":[{\"@type\":\"ReadAction\",\"target\":[\"https:\/\/www.coldcabinets.com\/tr\/urun\/cetus-yari-dikey-sogutma-kabinleri\/\"]}]},{\"@type\":\"ImageObject\",\"inLanguage\":\"tr\",\"@id\":\"https:\/\/www.coldcabinets.com\/tr\/urun\/cetus-yari-dikey-sogutma-kabinleri\/#primaryimage\",\"url\":\"https:\/\/www.coldcabinets.com\/wp-content\/uploads\/2023\/01\/Cetus-Semi-Vertical-Refrigeration-Cabinets3-1.jpg\",\"contentUrl\":\"https:\/\/www.coldcabinets.com\/wp-content\/uploads\/2023\/01\/Cetus-Semi-Vertical-Refrigeration-Cabinets3-1.jpg\",\"width\":1200,\"height\":1200},{\"@type\":\"BreadcrumbList\",\"@id\":\"https:\/\/www.coldcabinets.com\/tr\/urun\/cetus-yari-dikey-sogutma-kabinleri\/#breadcrumb\",\"itemListElement\":[{\"@type\":\"ListItem\",\"position\":1,\"name\":\"Home\",\"item\":\"https:\/\/www.coldcabinets.com\/tr\/shop-2\/\"},{\"@type\":\"ListItem\",\"position\":2,\"name\":\"Cetus Yar\u0131 Dikey So\u011futma Dolaplar\u0131\"}]},{\"@type\":\"WebSite\",\"@id\":\"https:\/\/www.coldcabinets.com\/tr\/#website\",\"url\":\"https:\/\/www.coldcabinets.com\/tr\/\",\"name\":\"Cold Cabinets Industrial Market Equipment\",\"description\":\"Refrigeration Cabinets, Dishwasher Equipment ,Ovens,Tea &amp; Coffee Equipment , Cafe &amp; Bar Equipment, Main Kitchen Equipment, Cold Rooms\",\"publisher\":{\"@id\":\"https:\/\/www.coldcabinets.com\/tr\/#organization\"},\"potentialAction\":[{\"@type\":\"SearchAction\",\"target\":{\"@type\":\"EntryPoint\",\"urlTemplate\":\"https:\/\/www.coldcabinets.com\/tr\/?s={search_term_string}\"},\"query-input\":{\"@type\":\"PropertyValueSpecification\",\"valueRequired\":true,\"valueName\":\"search_term_string\"}}],\"inLanguage\":\"tr\"},{\"@type\":\"Organization\",\"@id\":\"https:\/\/www.coldcabinets.com\/tr\/#organization\",\"name\":\"Cold Cabinets - Refrigeration Cabinets, Dishwasher Equipment ,Ovens,Tea & Coffee Equipment , Cafe & Bar Equipment ,Main Kitchen Equipment ,Cold Rooms\",\"url\":\"https:\/\/www.coldcabinets.com\/tr\/\",\"logo\":{\"@type\":\"ImageObject\",\"inLanguage\":\"tr\",\"@id\":\"https:\/\/www.coldcabinets.com\/tr\/#\/schema\/logo\/image\/\",\"url\":\"https:\/\/www.coldcabinets.com\/wp-content\/uploads\/2022\/12\/cold-cabinets-logo@3x.png\",\"contentUrl\":\"https:\/\/www.coldcabinets.com\/wp-content\/uploads\/2022\/12\/cold-cabinets-logo@3x.png\",\"width\":1632,\"height\":536,\"caption\":\"Cold Cabinets - Refrigeration Cabinets, Dishwasher Equipment ,Ovens,Tea & Coffee Equipment , Cafe & Bar Equipment ,Main Kitchen Equipment ,Cold Rooms\"},\"image\":{\"@id\":\"https:\/\/www.coldcabinets.com\/tr\/#\/schema\/logo\/image\/\"},\"sameAs\":[\"https:\/\/www.linkedin.com\/company\/coldcabinets\/\"]}]}<\/script>\n<!-- \/ Yoast SEO plugin. -->","yoast_head_json":{"title":"Cetus Yar\u0131 Dikey So\u011futma Dolaplar\u0131 - Cold Cabinets Industrial Market &amp; Kitchen Equipment","robots":{"index":"index","follow":"follow","max-snippet":"max-snippet:-1","max-image-preview":"max-image-preview:large","max-video-preview":"max-video-preview:-1"},"canonical":"https:\/\/www.coldcabinets.com\/tr\/urun\/cetus-yari-dikey-sogutma-kabinleri\/","og_locale":"tr_TR","og_type":"article","og_title":"Cetus Yar\u0131 Dikey So\u011futma Dolaplar\u0131 - Cold Cabinets Industrial Market &amp; Kitchen Equipment","og_description":"Semi-Multideck Cetus, yeni sat\u0131\u015f alan\u0131n\u0131n modern y\u00fcz\u00fcd\u00fcr. Estetik g\u00f6r\u00fcn\u00fcm\u00fc ile dolap, ma\u011faza i\u00e7inde bir \u00e7ekim noktas\u0131 olarak hizmet veriyor. Uzun y\u0131llar s\u00fcren geli\u015ftirme \u00e7al\u0131\u015fmalar\u0131n\u0131n ard\u0131ndan, yar\u0131 \u00e7ok katl\u0131 Cetus serisi nihai durumuna ula\u015ft\u0131. Minimalist tasar\u0131m\u0131 ile yar\u0131 \u00e7oklu g\u00fcverteler, maksimum \u00fcr\u00fcn g\u00f6r\u00fcn\u00fcrl\u00fc\u011f\u00fc ve rahat kullan\u0131ma odaklanm\u0131\u015ft\u0131r.","og_url":"https:\/\/www.coldcabinets.com\/tr\/urun\/cetus-yari-dikey-sogutma-kabinleri\/","og_site_name":"Cold Cabinets Industrial Market &amp; Kitchen Equipment","article_modified_time":"2023-09-10T09:27:57+00:00","og_image":[{"width":1200,"height":1200,"url":"https:\/\/www.coldcabinets.com\/wp-content\/uploads\/2023\/01\/Cetus-Semi-Vertical-Refrigeration-Cabinets3-1.jpg","type":"image\/jpeg"}],"twitter_card":"summary_large_image","twitter_misc":{"Tahmini okuma s\u00fcresi":"1 dakika"},"schema":{"@context":"https:\/\/schema.org","@graph":[{"@type":"WebPage","@id":"https:\/\/www.coldcabinets.com\/tr\/urun\/cetus-yari-dikey-sogutma-kabinleri\/","url":"https:\/\/www.coldcabinets.com\/tr\/urun\/cetus-yari-dikey-sogutma-kabinleri\/","name":"Cetus Yar\u0131 Dikey So\u011futma Dolaplar\u0131 - Cold Cabinets Industrial Market &amp; Kitchen Equipment","isPartOf":{"@id":"https:\/\/www.coldcabinets.com\/tr\/#website"},"primaryImageOfPage":{"@id":"https:\/\/www.coldcabinets.com\/tr\/urun\/cetus-yari-dikey-sogutma-kabinleri\/#primaryimage"},"image":{"@id":"https:\/\/www.coldcabinets.com\/tr\/urun\/cetus-yari-dikey-sogutma-kabinleri\/#primaryimage"},"thumbnailUrl":"https:\/\/www.coldcabinets.com\/wp-content\/uploads\/2023\/01\/Cetus-Semi-Vertical-Refrigeration-Cabinets3-1.jpg","datePublished":"2023-01-02T17:15:14+00:00","dateModified":"2023-09-10T09:27:57+00:00","breadcrumb":{"@id":"https:\/\/www.coldcabinets.com\/tr\/urun\/cetus-yari-dikey-sogutma-kabinleri\/#breadcrumb"},"inLanguage":"tr","potentialAction":[{"@type":"ReadAction","target":["https:\/\/www.coldcabinets.com\/tr\/urun\/cetus-yari-dikey-sogutma-kabinleri\/"]}]},{"@type":"ImageObject","inLanguage":"tr","@id":"https:\/\/www.coldcabinets.com\/tr\/urun\/cetus-yari-dikey-sogutma-kabinleri\/#primaryimage","url":"https:\/\/www.coldcabinets.com\/wp-content\/uploads\/2023\/01\/Cetus-Semi-Vertical-Refrigeration-Cabinets3-1.jpg","contentUrl":"https:\/\/www.coldcabinets.com\/wp-content\/uploads\/2023\/01\/Cetus-Semi-Vertical-Refrigeration-Cabinets3-1.jpg","width":1200,"height":1200},{"@type":"BreadcrumbList","@id":"https:\/\/www.coldcabinets.com\/tr\/urun\/cetus-yari-dikey-sogutma-kabinleri\/#breadcrumb","itemListElement":[{"@type":"ListItem","position":1,"name":"Home","item":"https:\/\/www.coldcabinets.com\/tr\/shop-2\/"},{"@type":"ListItem","position":2,"name":"Cetus Yar\u0131 Dikey So\u011futma Dolaplar\u0131"}]},{"@type":"WebSite","@id":"https:\/\/www.coldcabinets.com\/tr\/#website","url":"https:\/\/www.coldcabinets.com\/tr\/","name":"Cold Cabinets Industrial Market Equipment","description":"Refrigeration Cabinets, Dishwasher Equipment ,Ovens,Tea &amp; Coffee Equipment , Cafe &amp; Bar Equipment, Main Kitchen Equipment, Cold Rooms","publisher":{"@id":"https:\/\/www.coldcabinets.com\/tr\/#organization"},"potentialAction":[{"@type":"SearchAction","target":{"@type":"EntryPoint","urlTemplate":"https:\/\/www.coldcabinets.com\/tr\/?s={search_term_string}"},"query-input":{"@type":"PropertyValueSpecification","valueRequired":true,"valueName":"search_term_string"}}],"inLanguage":"tr"},{"@type":"Organization","@id":"https:\/\/www.coldcabinets.com\/tr\/#organization","name":"Cold Cabinets - Refrigeration Cabinets, Dishwasher Equipment ,Ovens,Tea & Coffee Equipment , Cafe & Bar Equipment ,Main Kitchen Equipment ,Cold Rooms","url":"https:\/\/www.coldcabinets.com\/tr\/","logo":{"@type":"ImageObject","inLanguage":"tr","@id":"https:\/\/www.coldcabinets.com\/tr\/#\/schema\/logo\/image\/","url":"https:\/\/www.coldcabinets.com\/wp-content\/uploads\/2022\/12\/cold-cabinets-logo@3x.png","contentUrl":"https:\/\/www.coldcabinets.com\/wp-content\/uploads\/2022\/12\/cold-cabinets-logo@3x.png","width":1632,"height":536,"caption":"Cold Cabinets - Refrigeration Cabinets, Dishwasher Equipment ,Ovens,Tea & Coffee Equipment , Cafe & Bar Equipment ,Main Kitchen Equipment ,Cold Rooms"},"image":{"@id":"https:\/\/www.coldcabinets.com\/tr\/#\/schema\/logo\/image\/"},"sameAs":["https:\/\/www.linkedin.com\/company\/coldcabinets\/"]}]}},"_links":{"self":[{"href":"https:\/\/www.coldcabinets.com\/tr\/wp-json\/wp\/v2\/product\/10609","targetHints":{"allow":["GET"]}}],"collection":[{"href":"https:\/\/www.coldcabinets.com\/tr\/wp-json\/wp\/v2\/product"}],"about":[{"href":"https:\/\/www.coldcabinets.com\/tr\/wp-json\/wp\/v2\/types\/product"}],"replies":[{"embeddable":true,"href":"https:\/\/www.coldcabinets.com\/tr\/wp-json\/wp\/v2\/comments?post=10609"}],"version-history":[{"count":1,"href":"https:\/\/www.coldcabinets.com\/tr\/wp-json\/wp\/v2\/product\/10609\/revisions"}],"predecessor-version":[{"id":12071,"href":"https:\/\/www.coldcabinets.com\/tr\/wp-json\/wp\/v2\/product\/10609\/revisions\/12071"}],"wp:featuredmedia":[{"embeddable":true,"href":"https:\/\/www.coldcabinets.com\/tr\/wp-json\/wp\/v2\/media\/8775"}],"wp:attachment":[{"href":"https:\/\/www.coldcabinets.com\/tr\/wp-json\/wp\/v2\/media?parent=10609"}],"wp:term":[{"taxonomy":"product_brand","embeddable":true,"href":"https:\/\/www.coldcabinets.com\/tr\/wp-json\/wp\/v2\/product_brand?post=10609"},{"taxonomy":"product_cat","embeddable":true,"href":"https:\/\/www.coldcabinets.com\/tr\/wp-json\/wp\/v2\/product_cat?post=10609"},{"taxonomy":"product_tag","embeddable":true,"href":"https:\/\/www.coldcabinets.com\/tr\/wp-json\/wp\/v2\/product_tag?post=10609"}],"curies":[{"name":"wp","href":"https:\/\/api.w.org\/{rel}","templated":true}]}}