{"id":10541,"date":"2023-01-05T09:47:46","date_gmt":"2023-01-05T09:47:46","guid":{"rendered":"https:\/\/www.coldcabinets.com\/product\/mechanic-glass-dishwasher35x35-electrical-oby-35m-pd\/"},"modified":"2023-09-10T09:12:31","modified_gmt":"2023-09-10T09:12:31","slug":"mechanic-glass-dishwasher35x35-electrical-oby-35m-pd-2","status":"publish","type":"product","link":"https:\/\/www.coldcabinets.com\/tr\/urun\/mechanic-glass-dishwasher35x35-electrical-oby-35m-pd-2\/","title":{"rendered":"Mekanik Cam Bula\u015f\u0131k Makinesi (35&#215;35) Elektrikli OBY 35M PD"},"content":{"rendered":"<table class=\"table table-lg table-flush\">\n<tbody>\n<tr>\n<th class=\"pl-0 py-2 pr-2\">\u00dcr\u00fcn kodu<\/th>\n<td class=\"py-2 pr-2\">073M.11010.AD<\/td>\n<\/tr>\n<tr>\n<th class=\"pl-0 py-2 pr-2\">\u00dcr\u00fcn ad\u0131<\/th>\n<td class=\"py-2 pr-2\">Cam Bula\u015f\u0131k Makinesi( MEKAN\u0130K, (35&#215;35 cm) OBY 35M PDT<\/td>\n<\/tr>\n<tr>\n<th class=\"pl-0 py-2 pr-2\">Model numaras\u0131<\/th>\n<td class=\"py-2 pr-2\">OBY 35M PDT<\/td>\n<\/tr>\n<tr>\n<th class=\"pl-0 py-2 pr-2\">\u00dcr\u00fcn tipi<\/th>\n<td class=\"py-2 pr-2\">Elektrik<\/td>\n<\/tr>\n<tr>\n<th class=\"pl-0 py-2 pr-2\">Geni\u015flik<\/th>\n<td class=\"py-2 pr-2\">420<\/td>\n<\/tr>\n<tr>\n<th class=\"pl-0 py-2 pr-2\">Uzunluk<\/th>\n<td class=\"py-2 pr-2\">450<\/td>\n<\/tr>\n<tr>\n<th class=\"pl-0 py-2 pr-2\">Y\u00fckseklik<\/th>\n<td class=\"py-2 pr-2\">630<\/td>\n<\/tr>\n<tr>\n<th class=\"pl-0 py-2 pr-2\">Net a\u011f\u0131rl\u0131k<\/th>\n<td class=\"py-2 pr-2\">30 (+\/-5)<\/td>\n<\/tr>\n<tr>\n<th class=\"pl-0 py-2 pr-2\">Br\u00fct a\u011f\u0131rl\u0131k<\/th>\n<td class=\"py-2 pr-2\">35 (+\/-5)<\/td>\n<\/tr>\n<tr>\n<th class=\"pl-0 py-2 pr-2\">Hacim<\/th>\n<td class=\"py-2 pr-2\">0,12<\/td>\n<\/tr>\n<tr>\n<th class=\"pl-0 py-2 pr-2\">Kapasite<\/th>\n<td class=\"py-2 pr-2\">500 Bardak\/Saat<\/td>\n<\/tr>\n<tr>\n<th class=\"pl-0 py-2 pr-2\">Paket Geni\u015fli\u011fi<\/th>\n<td class=\"py-2 pr-2\">535<\/td>\n<\/tr>\n<tr>\n<th class=\"pl-0 py-2 pr-2\">Paket Boyutu<\/th>\n<td class=\"py-2 pr-2\">585<\/td>\n<\/tr>\n<tr>\n<th class=\"pl-0 py-2 pr-2\">Paket Y\u00fcksekli\u011fi<\/th>\n<td class=\"py-2 pr-2\">770<\/td>\n<\/tr>\n<tr>\n<th class=\"pl-0 py-2 pr-2\">Paket Hacmi<\/th>\n<td class=\"py-2 pr-2\">0,24<\/td>\n<\/tr>\n<tr>\n<th class=\"pl-0 py-2 pr-2\">Paket \u0130\u00e7indeki \u00dcr\u00fcn Miktar\u0131<\/th>\n<td class=\"py-2 pr-2\">1<\/td>\n<\/tr>\n<tr>\n<th class=\"pl-0 py-2 pr-2\">Elektrik Enerjisi<\/th>\n<td class=\"py-2 pr-2\">3,3<\/td>\n<\/tr>\n<tr>\n<th class=\"pl-0 py-2 pr-2\">Elektrikli Volt<\/th>\n<td class=\"py-2 pr-2\">230 V &#8211; NPE<\/td>\n<\/tr>\n<tr>\n<th class=\"pl-0 py-2 pr-2\">Elektrik Frekans\u0131<\/th>\n<td class=\"py-2 pr-2\">50<\/td>\n<\/tr>\n<tr>\n<th class=\"pl-0 py-2 pr-2\">S\u0131cak Su Giri\u015f \u00c7ap\u0131<\/th>\n<td class=\"py-2 pr-2\">3\/4&#8221;<\/td>\n<\/tr>\n<tr>\n<th class=\"pl-0 py-2 pr-2\">S\u0131cak Su Bas\u0131nc\u0131<\/th>\n<td class=\"py-2 pr-2\">2-4 bar<\/td>\n<\/tr>\n<tr>\n<th class=\"pl-0 py-2 pr-2\">S\u0131cak Su Sertli\u011fi<\/th>\n<td class=\"py-2 pr-2\">0-10 Frans\u0131z su sertli\u011fi<\/td>\n<\/tr>\n<tr>\n<th class=\"pl-0 py-2 pr-2\">So\u011fuk Su Giri\u015f \u00c7ap\u0131<\/th>\n<td class=\"py-2 pr-2\">3\/4&#8221;<\/td>\n<\/tr>\n<tr>\n<th class=\"pl-0 py-2 pr-2\">So\u011fuk Su Bas\u0131nc\u0131<\/th>\n<td class=\"py-2 pr-2\">2-4 bar<\/td>\n<\/tr>\n<tr>\n<th class=\"pl-0 py-2 pr-2\">So\u011fuk Su Sertli\u011fi<\/th>\n<td class=\"py-2 pr-2\">0-10 Frans\u0131z su sertli\u011fi<\/td>\n<\/tr>\n<tr>\n<th class=\"pl-0 py-2 pr-2\">Y\u0131kama Suyu S\u0131cakl\u0131\u011f\u0131<\/th>\n<td class=\"py-2 pr-2\">55 &#8211; 60<\/td>\n<\/tr>\n<tr>\n<th class=\"pl-0 py-2 pr-2\">Y\u0131kama Pompas\u0131 G\u00fcc\u00fc<\/th>\n<td class=\"py-2 pr-2\">0,27<\/td>\n<\/tr>\n<tr>\n<th class=\"pl-0 py-2 pr-2\">Y\u0131kama Pompas\u0131 Ak\u0131\u015f\u0131<\/th>\n<td class=\"py-2 pr-2\">170<\/td>\n<\/tr>\n<tr>\n<th class=\"pl-0 py-2 pr-2\">Durulama Suyu S\u0131cakl\u0131\u011f\u0131<\/th>\n<td class=\"py-2 pr-2\">80 &#8211; 85<\/td>\n<\/tr>\n<tr>\n<th class=\"pl-0 py-2 pr-2\">Durulama Pompas\u0131 G\u00fcc\u00fc<\/th>\n<td class=\"py-2 pr-2\">&#8211;<\/td>\n<\/tr>\n<tr>\n<th class=\"pl-0 py-2 pr-2\">Durulama Pompas\u0131 Ak\u0131\u015f\u0131<\/th>\n<td class=\"py-2 pr-2\">&#8211;<\/td>\n<\/tr>\n<tr>\n<th class=\"pl-0 py-2 pr-2\">Drenaj Giri\u015f \u00c7ap\u0131<\/th>\n<td class=\"py-2 pr-2\">3\/4&#8221;<\/td>\n<\/tr>\n<tr>\n<th class=\"pl-0 py-2 pr-2\">Maksimum G\u00fcr\u00fclt\u00fc<\/th>\n<td class=\"py-2 pr-2\">70<\/td>\n<\/tr>\n<tr>\n<th class=\"pl-0 py-2 pr-2\">Koruma S\u0131n\u0131f\u0131<\/th>\n<td class=\"py-2 pr-2\">IPX5<\/td>\n<\/tr>\n<tr>\n<th class=\"pl-0 py-2 pr-2\">Kazan Hacmi<\/th>\n<td class=\"py-2 pr-2\">2,8<\/td>\n<\/tr>\n<tr>\n<th class=\"pl-0 py-2 pr-2\">Kazan Is\u0131t\u0131c\u0131 G\u00fcc\u00fc<\/th>\n<td class=\"py-2 pr-2\">3<\/td>\n<\/tr>\n<tr>\n<th class=\"pl-0 py-2 pr-2\">Tank Hacmi<\/th>\n<td class=\"py-2 pr-2\">9,2<\/td>\n<\/tr>\n<tr>\n<th class=\"pl-0 py-2 pr-2\">Tank Is\u0131t\u0131c\u0131 G\u00fcc\u00fc<\/th>\n<td class=\"py-2 pr-2\">2<\/td>\n<\/tr>\n<\/tbody>\n<\/table>\n<h5>Standart Aksesuarlar<\/h5>\n<div class=\"table-responsive\">\n<table class=\"table table-striped\">\n<tbody>\n<tr>\n<td>1 Bardak Raf\u0131 \u00c7atal B\u0131\u00e7ak ve Bardak Tutucular ile Promosyon<\/td>\n<\/tr>\n<tr>\n<td>Elektrik Ba\u011flant\u0131 Kablosu, Esnek Su Besleme ve Tahliye Hortumu<\/td>\n<\/tr>\n<tr>\n<td>Parlat\u0131c\u0131 Dispenseri<\/td>\n<\/tr>\n<tr>\n<td>Deterjan Dispanseri<\/td>\n<\/tr>\n<tr>\n<td>Tahliye Pompas\u0131<\/td>\n<\/tr>\n<\/tbody>\n<\/table>\n<\/div>\n<h5>Opsiyonel Aksesuarlar<\/h5>\n<div class=\"table-responsive\">\n<table class=\"table table-striped\">\n<tbody>\n<tr>\n<td>Durulama Pompas\u0131<\/td>\n<\/tr>\n<\/tbody>\n<\/table>\n<\/div>\n","protected":false},"excerpt":{"rendered":"<p>&#8211; Y\u0131kama ve kazan tank\u0131 dahil paslanmaz \u00e7elik g\u00f6vde &#8211; Hijyenik y\u0131kama tank\u0131 &#8211; Saatte 30 raf (Raf \u00f6l\u00e7\u00fcs\u00fc 35 x 35 cm) &#8211; D\u00f6ng\u00fc ba\u015f\u0131na 2,5 lt su t\u00fcketimi &#8211; Otomatik, kullan\u0131c\u0131 dostu elektromekanik kontrol paneli &#8211; 1 Y\u0131kama Program\u0131 &#8211; D\u00f6ng\u00fc 120 saniye &#8211; Enerji, deterjan ve su tasarrufu sa\u011flar &#8211; G\u00fc\u00e7lendirilmi\u015f polipropilen y\u0131kama kollar\u0131 &#8211; Y\u00fckseklik optimizasyonu i\u00e7in ayarlanabilir ayaklar &#8211; Kolay \u00e7al\u0131\u015ft\u0131rma: kazan tank\u0131na su doldurmak ve \u0131s\u0131tmak i\u00e7in tek d\u00fc\u011fme &#8211; Uluslararas\u0131 standartlara ve g\u00fcvenlik d\u00fczenlemelerine uygun elektrik bile\u015fenleri ve kablolama. &#8211; IPX5 su korumas\u0131n\u0131 garanti etmek i\u00e7in tamamen s\u0131zd\u0131rmaz g\u00f6vde &#8211; Verimli y\u0131kama i\u00e7in termostat kontroll\u00fc durulama ve y\u0131kama s\u0131cakl\u0131\u011f\u0131 &#8211; Geri d\u00f6n\u00fc\u015fs\u00fcz &#8211; \u00c7ek valf Sistemi &#8211; 55-60\u00b0C&#8217;de y\u0131kama s\u0131cakl\u0131\u011f\u0131 (minimum 2 bar ve 50\u00b0C&#8217;de su beslemesi) &#8211; 80-85\u00b0C&#8217;de durulama s\u0131cakl\u0131\u011f\u0131 (minimum 2 bar ve 50\u00b0C&#8217;de su beslemesi)<\/p>\n","protected":false},"featured_media":8819,"comment_status":"open","ping_status":"closed","template":"","meta":{"om_disable_all_campaigns":false,"_monsterinsights_skip_tracking":false,"_monsterinsights_sitenote_active":false,"_monsterinsights_sitenote_note":"","_monsterinsights_sitenote_category":0},"product_brand":[],"product_cat":[],"product_tag":[806,807,808,809,810,811],"class_list":{"0":"post-10541","1":"product","2":"type-product","3":"status-publish","4":"has-post-thumbnail","6":"product_tag-35x35-tr-2","7":"product_tag-cupwasher-mechanical-tr-2","8":"product_tag-electrical-tr-2","9":"product_tag-glass-dishwasher-tr-2","10":"product_tag-mechanic-tr-2","11":"product_tag-oby-35m-pd-tr-2","13":"first","14":"instock","15":"shipping-taxable","16":"product-type-simple"},"yoast_head":"<!-- This site is optimized with the Yoast SEO plugin v25.2 - https:\/\/yoast.com\/wordpress\/plugins\/seo\/ -->\n<title>Mekanik Cam Bula\u015f\u0131k Makinesi (35x35) Elektrikli OBY 35M PD - Cold Cabinets Industrial Market &amp; Kitchen Equipment<\/title>\n<meta name=\"robots\" content=\"index, follow, max-snippet:-1, max-image-preview:large, max-video-preview:-1\" \/>\n<link rel=\"canonical\" href=\"https:\/\/www.coldcabinets.com\/tr\/urun\/mechanic-glass-dishwasher35x35-electrical-oby-35m-pd-2\/\" \/>\n<meta property=\"og:locale\" content=\"tr_TR\" \/>\n<meta property=\"og:type\" content=\"article\" \/>\n<meta property=\"og:title\" content=\"Mekanik Cam Bula\u015f\u0131k Makinesi (35x35) Elektrikli OBY 35M PD - Cold Cabinets Industrial Market &amp; Kitchen Equipment\" \/>\n<meta property=\"og:description\" content=\"- Y\u0131kama ve kazan tank\u0131 dahil paslanmaz \u00e7elik g\u00f6vde - Hijyenik y\u0131kama tank\u0131 - Saatte 30 raf (Raf \u00f6l\u00e7\u00fcs\u00fc 35 x 35 cm) - D\u00f6ng\u00fc ba\u015f\u0131na 2,5 lt su t\u00fcketimi - Otomatik, kullan\u0131c\u0131 dostu elektromekanik kontrol paneli - 1 Y\u0131kama Program\u0131 - D\u00f6ng\u00fc 120 saniye - Enerji, deterjan ve su tasarrufu sa\u011flar - G\u00fc\u00e7lendirilmi\u015f polipropilen y\u0131kama kollar\u0131 - Y\u00fckseklik optimizasyonu i\u00e7in ayarlanabilir ayaklar - Kolay \u00e7al\u0131\u015ft\u0131rma: kazan tank\u0131na su doldurmak ve \u0131s\u0131tmak i\u00e7in tek d\u00fc\u011fme - Uluslararas\u0131 standartlara ve g\u00fcvenlik d\u00fczenlemelerine uygun elektrik bile\u015fenleri ve kablolama. - IPX5 su korumas\u0131n\u0131 garanti etmek i\u00e7in tamamen s\u0131zd\u0131rmaz g\u00f6vde - Verimli y\u0131kama i\u00e7in termostat kontroll\u00fc durulama ve y\u0131kama s\u0131cakl\u0131\u011f\u0131 - Geri d\u00f6n\u00fc\u015fs\u00fcz - \u00c7ek valf Sistemi - 55-60\u00b0C&#039;de y\u0131kama s\u0131cakl\u0131\u011f\u0131 (minimum 2 bar ve 50\u00b0C&#039;de su beslemesi) - 80-85\u00b0C&#039;de durulama s\u0131cakl\u0131\u011f\u0131 (minimum 2 bar ve 50\u00b0C&#039;de su beslemesi)\" \/>\n<meta property=\"og:url\" content=\"https:\/\/www.coldcabinets.com\/tr\/urun\/mechanic-glass-dishwasher35x35-electrical-oby-35m-pd-2\/\" \/>\n<meta property=\"og:site_name\" content=\"Cold Cabinets Industrial Market &amp; Kitchen Equipment\" \/>\n<meta property=\"article:modified_time\" content=\"2023-09-10T09:12:31+00:00\" \/>\n<meta property=\"og:image\" content=\"https:\/\/www.coldcabinets.com\/wp-content\/uploads\/2023\/01\/Mechanic-Glass-Dishwasher35x35-073M.11010.AD-.jpg\" \/>\n\t<meta property=\"og:image:width\" content=\"1200\" \/>\n\t<meta property=\"og:image:height\" content=\"1200\" \/>\n\t<meta property=\"og:image:type\" content=\"image\/jpeg\" \/>\n<meta name=\"twitter:card\" content=\"summary_large_image\" \/>\n<meta name=\"twitter:label1\" content=\"Tahmini okuma s\u00fcresi\" \/>\n\t<meta name=\"twitter:data1\" content=\"1 dakika\" \/>\n<script type=\"application\/ld+json\" class=\"yoast-schema-graph\">{\"@context\":\"https:\/\/schema.org\",\"@graph\":[{\"@type\":\"WebPage\",\"@id\":\"https:\/\/www.coldcabinets.com\/tr\/urun\/mechanic-glass-dishwasher35x35-electrical-oby-35m-pd-2\/\",\"url\":\"https:\/\/www.coldcabinets.com\/tr\/urun\/mechanic-glass-dishwasher35x35-electrical-oby-35m-pd-2\/\",\"name\":\"Mekanik Cam Bula\u015f\u0131k Makinesi (35x35) Elektrikli OBY 35M PD - Cold Cabinets Industrial Market &amp; Kitchen Equipment\",\"isPartOf\":{\"@id\":\"https:\/\/www.coldcabinets.com\/tr\/#website\"},\"primaryImageOfPage\":{\"@id\":\"https:\/\/www.coldcabinets.com\/tr\/urun\/mechanic-glass-dishwasher35x35-electrical-oby-35m-pd-2\/#primaryimage\"},\"image\":{\"@id\":\"https:\/\/www.coldcabinets.com\/tr\/urun\/mechanic-glass-dishwasher35x35-electrical-oby-35m-pd-2\/#primaryimage\"},\"thumbnailUrl\":\"https:\/\/www.coldcabinets.com\/wp-content\/uploads\/2023\/01\/Mechanic-Glass-Dishwasher35x35-073M.11010.AD-.jpg\",\"datePublished\":\"2023-01-05T09:47:46+00:00\",\"dateModified\":\"2023-09-10T09:12:31+00:00\",\"breadcrumb\":{\"@id\":\"https:\/\/www.coldcabinets.com\/tr\/urun\/mechanic-glass-dishwasher35x35-electrical-oby-35m-pd-2\/#breadcrumb\"},\"inLanguage\":\"tr\",\"potentialAction\":[{\"@type\":\"ReadAction\",\"target\":[\"https:\/\/www.coldcabinets.com\/tr\/urun\/mechanic-glass-dishwasher35x35-electrical-oby-35m-pd-2\/\"]}]},{\"@type\":\"ImageObject\",\"inLanguage\":\"tr\",\"@id\":\"https:\/\/www.coldcabinets.com\/tr\/urun\/mechanic-glass-dishwasher35x35-electrical-oby-35m-pd-2\/#primaryimage\",\"url\":\"https:\/\/www.coldcabinets.com\/wp-content\/uploads\/2023\/01\/Mechanic-Glass-Dishwasher35x35-073M.11010.AD-.jpg\",\"contentUrl\":\"https:\/\/www.coldcabinets.com\/wp-content\/uploads\/2023\/01\/Mechanic-Glass-Dishwasher35x35-073M.11010.AD-.jpg\",\"width\":1200,\"height\":1200},{\"@type\":\"BreadcrumbList\",\"@id\":\"https:\/\/www.coldcabinets.com\/tr\/urun\/mechanic-glass-dishwasher35x35-electrical-oby-35m-pd-2\/#breadcrumb\",\"itemListElement\":[{\"@type\":\"ListItem\",\"position\":1,\"name\":\"Home\",\"item\":\"https:\/\/www.coldcabinets.com\/tr\/shop-2\/\"},{\"@type\":\"ListItem\",\"position\":2,\"name\":\"Mekanik Cam Bula\u015f\u0131k Makinesi (35&#215;35) Elektrikli OBY 35M PD\"}]},{\"@type\":\"WebSite\",\"@id\":\"https:\/\/www.coldcabinets.com\/tr\/#website\",\"url\":\"https:\/\/www.coldcabinets.com\/tr\/\",\"name\":\"Cold Cabinets Industrial Market Equipment\",\"description\":\"Refrigeration Cabinets, Dishwasher Equipment ,Ovens,Tea &amp; Coffee Equipment , Cafe &amp; Bar Equipment, Main Kitchen Equipment, Cold Rooms\",\"publisher\":{\"@id\":\"https:\/\/www.coldcabinets.com\/tr\/#organization\"},\"potentialAction\":[{\"@type\":\"SearchAction\",\"target\":{\"@type\":\"EntryPoint\",\"urlTemplate\":\"https:\/\/www.coldcabinets.com\/tr\/?s={search_term_string}\"},\"query-input\":{\"@type\":\"PropertyValueSpecification\",\"valueRequired\":true,\"valueName\":\"search_term_string\"}}],\"inLanguage\":\"tr\"},{\"@type\":\"Organization\",\"@id\":\"https:\/\/www.coldcabinets.com\/tr\/#organization\",\"name\":\"Cold Cabinets - Refrigeration Cabinets, Dishwasher Equipment ,Ovens,Tea & Coffee Equipment , Cafe & Bar Equipment ,Main Kitchen Equipment ,Cold Rooms\",\"url\":\"https:\/\/www.coldcabinets.com\/tr\/\",\"logo\":{\"@type\":\"ImageObject\",\"inLanguage\":\"tr\",\"@id\":\"https:\/\/www.coldcabinets.com\/tr\/#\/schema\/logo\/image\/\",\"url\":\"https:\/\/www.coldcabinets.com\/wp-content\/uploads\/2022\/12\/cold-cabinets-logo@3x.png\",\"contentUrl\":\"https:\/\/www.coldcabinets.com\/wp-content\/uploads\/2022\/12\/cold-cabinets-logo@3x.png\",\"width\":1632,\"height\":536,\"caption\":\"Cold Cabinets - Refrigeration Cabinets, Dishwasher Equipment ,Ovens,Tea & Coffee Equipment , Cafe & Bar Equipment ,Main Kitchen Equipment ,Cold Rooms\"},\"image\":{\"@id\":\"https:\/\/www.coldcabinets.com\/tr\/#\/schema\/logo\/image\/\"},\"sameAs\":[\"https:\/\/www.linkedin.com\/company\/coldcabinets\/\"]}]}<\/script>\n<!-- \/ Yoast SEO plugin. -->","yoast_head_json":{"title":"Mekanik Cam Bula\u015f\u0131k Makinesi (35x35) Elektrikli OBY 35M PD - Cold Cabinets Industrial Market &amp; Kitchen Equipment","robots":{"index":"index","follow":"follow","max-snippet":"max-snippet:-1","max-image-preview":"max-image-preview:large","max-video-preview":"max-video-preview:-1"},"canonical":"https:\/\/www.coldcabinets.com\/tr\/urun\/mechanic-glass-dishwasher35x35-electrical-oby-35m-pd-2\/","og_locale":"tr_TR","og_type":"article","og_title":"Mekanik Cam Bula\u015f\u0131k Makinesi (35x35) Elektrikli OBY 35M PD - Cold Cabinets Industrial Market &amp; Kitchen Equipment","og_description":"- Y\u0131kama ve kazan tank\u0131 dahil paslanmaz \u00e7elik g\u00f6vde - Hijyenik y\u0131kama tank\u0131 - Saatte 30 raf (Raf \u00f6l\u00e7\u00fcs\u00fc 35 x 35 cm) - D\u00f6ng\u00fc ba\u015f\u0131na 2,5 lt su t\u00fcketimi - Otomatik, kullan\u0131c\u0131 dostu elektromekanik kontrol paneli - 1 Y\u0131kama Program\u0131 - D\u00f6ng\u00fc 120 saniye - Enerji, deterjan ve su tasarrufu sa\u011flar - G\u00fc\u00e7lendirilmi\u015f polipropilen y\u0131kama kollar\u0131 - Y\u00fckseklik optimizasyonu i\u00e7in ayarlanabilir ayaklar - Kolay \u00e7al\u0131\u015ft\u0131rma: kazan tank\u0131na su doldurmak ve \u0131s\u0131tmak i\u00e7in tek d\u00fc\u011fme - Uluslararas\u0131 standartlara ve g\u00fcvenlik d\u00fczenlemelerine uygun elektrik bile\u015fenleri ve kablolama. - IPX5 su korumas\u0131n\u0131 garanti etmek i\u00e7in tamamen s\u0131zd\u0131rmaz g\u00f6vde - Verimli y\u0131kama i\u00e7in termostat kontroll\u00fc durulama ve y\u0131kama s\u0131cakl\u0131\u011f\u0131 - Geri d\u00f6n\u00fc\u015fs\u00fcz - \u00c7ek valf Sistemi - 55-60\u00b0C'de y\u0131kama s\u0131cakl\u0131\u011f\u0131 (minimum 2 bar ve 50\u00b0C'de su beslemesi) - 80-85\u00b0C'de durulama s\u0131cakl\u0131\u011f\u0131 (minimum 2 bar ve 50\u00b0C'de su beslemesi)","og_url":"https:\/\/www.coldcabinets.com\/tr\/urun\/mechanic-glass-dishwasher35x35-electrical-oby-35m-pd-2\/","og_site_name":"Cold Cabinets Industrial Market &amp; Kitchen Equipment","article_modified_time":"2023-09-10T09:12:31+00:00","og_image":[{"width":1200,"height":1200,"url":"https:\/\/www.coldcabinets.com\/wp-content\/uploads\/2023\/01\/Mechanic-Glass-Dishwasher35x35-073M.11010.AD-.jpg","type":"image\/jpeg"}],"twitter_card":"summary_large_image","twitter_misc":{"Tahmini okuma s\u00fcresi":"1 dakika"},"schema":{"@context":"https:\/\/schema.org","@graph":[{"@type":"WebPage","@id":"https:\/\/www.coldcabinets.com\/tr\/urun\/mechanic-glass-dishwasher35x35-electrical-oby-35m-pd-2\/","url":"https:\/\/www.coldcabinets.com\/tr\/urun\/mechanic-glass-dishwasher35x35-electrical-oby-35m-pd-2\/","name":"Mekanik Cam Bula\u015f\u0131k Makinesi (35x35) Elektrikli OBY 35M PD - Cold Cabinets Industrial Market &amp; Kitchen Equipment","isPartOf":{"@id":"https:\/\/www.coldcabinets.com\/tr\/#website"},"primaryImageOfPage":{"@id":"https:\/\/www.coldcabinets.com\/tr\/urun\/mechanic-glass-dishwasher35x35-electrical-oby-35m-pd-2\/#primaryimage"},"image":{"@id":"https:\/\/www.coldcabinets.com\/tr\/urun\/mechanic-glass-dishwasher35x35-electrical-oby-35m-pd-2\/#primaryimage"},"thumbnailUrl":"https:\/\/www.coldcabinets.com\/wp-content\/uploads\/2023\/01\/Mechanic-Glass-Dishwasher35x35-073M.11010.AD-.jpg","datePublished":"2023-01-05T09:47:46+00:00","dateModified":"2023-09-10T09:12:31+00:00","breadcrumb":{"@id":"https:\/\/www.coldcabinets.com\/tr\/urun\/mechanic-glass-dishwasher35x35-electrical-oby-35m-pd-2\/#breadcrumb"},"inLanguage":"tr","potentialAction":[{"@type":"ReadAction","target":["https:\/\/www.coldcabinets.com\/tr\/urun\/mechanic-glass-dishwasher35x35-electrical-oby-35m-pd-2\/"]}]},{"@type":"ImageObject","inLanguage":"tr","@id":"https:\/\/www.coldcabinets.com\/tr\/urun\/mechanic-glass-dishwasher35x35-electrical-oby-35m-pd-2\/#primaryimage","url":"https:\/\/www.coldcabinets.com\/wp-content\/uploads\/2023\/01\/Mechanic-Glass-Dishwasher35x35-073M.11010.AD-.jpg","contentUrl":"https:\/\/www.coldcabinets.com\/wp-content\/uploads\/2023\/01\/Mechanic-Glass-Dishwasher35x35-073M.11010.AD-.jpg","width":1200,"height":1200},{"@type":"BreadcrumbList","@id":"https:\/\/www.coldcabinets.com\/tr\/urun\/mechanic-glass-dishwasher35x35-electrical-oby-35m-pd-2\/#breadcrumb","itemListElement":[{"@type":"ListItem","position":1,"name":"Home","item":"https:\/\/www.coldcabinets.com\/tr\/shop-2\/"},{"@type":"ListItem","position":2,"name":"Mekanik Cam Bula\u015f\u0131k Makinesi (35&#215;35) Elektrikli OBY 35M PD"}]},{"@type":"WebSite","@id":"https:\/\/www.coldcabinets.com\/tr\/#website","url":"https:\/\/www.coldcabinets.com\/tr\/","name":"Cold Cabinets Industrial Market Equipment","description":"Refrigeration Cabinets, Dishwasher Equipment ,Ovens,Tea &amp; Coffee Equipment , Cafe &amp; Bar Equipment, Main Kitchen Equipment, Cold Rooms","publisher":{"@id":"https:\/\/www.coldcabinets.com\/tr\/#organization"},"potentialAction":[{"@type":"SearchAction","target":{"@type":"EntryPoint","urlTemplate":"https:\/\/www.coldcabinets.com\/tr\/?s={search_term_string}"},"query-input":{"@type":"PropertyValueSpecification","valueRequired":true,"valueName":"search_term_string"}}],"inLanguage":"tr"},{"@type":"Organization","@id":"https:\/\/www.coldcabinets.com\/tr\/#organization","name":"Cold Cabinets - Refrigeration Cabinets, Dishwasher Equipment ,Ovens,Tea & Coffee Equipment , Cafe & Bar Equipment ,Main Kitchen Equipment ,Cold Rooms","url":"https:\/\/www.coldcabinets.com\/tr\/","logo":{"@type":"ImageObject","inLanguage":"tr","@id":"https:\/\/www.coldcabinets.com\/tr\/#\/schema\/logo\/image\/","url":"https:\/\/www.coldcabinets.com\/wp-content\/uploads\/2022\/12\/cold-cabinets-logo@3x.png","contentUrl":"https:\/\/www.coldcabinets.com\/wp-content\/uploads\/2022\/12\/cold-cabinets-logo@3x.png","width":1632,"height":536,"caption":"Cold Cabinets - Refrigeration Cabinets, Dishwasher Equipment ,Ovens,Tea & Coffee Equipment , Cafe & Bar Equipment ,Main Kitchen Equipment ,Cold Rooms"},"image":{"@id":"https:\/\/www.coldcabinets.com\/tr\/#\/schema\/logo\/image\/"},"sameAs":["https:\/\/www.linkedin.com\/company\/coldcabinets\/"]}]}},"_links":{"self":[{"href":"https:\/\/www.coldcabinets.com\/tr\/wp-json\/wp\/v2\/product\/10541","targetHints":{"allow":["GET"]}}],"collection":[{"href":"https:\/\/www.coldcabinets.com\/tr\/wp-json\/wp\/v2\/product"}],"about":[{"href":"https:\/\/www.coldcabinets.com\/tr\/wp-json\/wp\/v2\/types\/product"}],"replies":[{"embeddable":true,"href":"https:\/\/www.coldcabinets.com\/tr\/wp-json\/wp\/v2\/comments?post=10541"}],"version-history":[{"count":2,"href":"https:\/\/www.coldcabinets.com\/tr\/wp-json\/wp\/v2\/product\/10541\/revisions"}],"predecessor-version":[{"id":12057,"href":"https:\/\/www.coldcabinets.com\/tr\/wp-json\/wp\/v2\/product\/10541\/revisions\/12057"}],"wp:featuredmedia":[{"embeddable":true,"href":"https:\/\/www.coldcabinets.com\/tr\/wp-json\/wp\/v2\/media\/8819"}],"wp:attachment":[{"href":"https:\/\/www.coldcabinets.com\/tr\/wp-json\/wp\/v2\/media?parent=10541"}],"wp:term":[{"taxonomy":"product_brand","embeddable":true,"href":"https:\/\/www.coldcabinets.com\/tr\/wp-json\/wp\/v2\/product_brand?post=10541"},{"taxonomy":"product_cat","embeddable":true,"href":"https:\/\/www.coldcabinets.com\/tr\/wp-json\/wp\/v2\/product_cat?post=10541"},{"taxonomy":"product_tag","embeddable":true,"href":"https:\/\/www.coldcabinets.com\/tr\/wp-json\/wp\/v2\/product_tag?post=10541"}],"curies":[{"name":"wp","href":"https:\/\/api.w.org\/{rel}","templated":true}]}}