{"id":10507,"date":"2023-01-16T10:54:07","date_gmt":"2023-01-16T10:54:07","guid":{"rendered":"https:\/\/www.coldcabinets.com\/product\/dishwasher-with-conveyor-left-entry-without-dry-obk-1500-e\/"},"modified":"2023-09-10T09:27:03","modified_gmt":"2023-09-10T09:27:03","slug":"bulasik-makinesi-konveyorlu-sol-girisli-kurutmasiz-obk-1500-e","status":"publish","type":"product","link":"https:\/\/www.coldcabinets.com\/tr\/urun\/bulasik-makinesi-konveyorlu-sol-girisli-kurutmasiz-obk-1500-e\/","title":{"rendered":"KONVEY\u00d6RL\u00dc BULA\u015eIK MAK\u0130NES\u0130. SOL G\u0130R\u0130\u015e\/KURUTMASIZ, OBK 1500 E"},"content":{"rendered":"<table class=\"table table-lg table-flush\">\n<tbody>\n<tr>\n<th class=\"pl-0 py-2 pr-2\">\u00dcr\u00fcn kodu<\/th>\n<td class=\"py-2 pr-2\">0710.01500.01<\/td>\n<\/tr>\n<tr>\n<th class=\"pl-0 py-2 pr-2\">\u00dcr\u00fcn Ad\u0131<\/th>\n<td class=\"py-2 pr-2\">KONVEY\u00d6RL\u00dc BULA\u015eIK MAK\u0130NES\u0130. SOL G\u0130R\u0130\u015e\/KURUTMASIZ, OBK 1500 E<\/td>\n<\/tr>\n<tr>\n<th class=\"pl-0 py-2 pr-2\">Model Numaras\u0131<\/th>\n<td class=\"py-2 pr-2\">OBK 1500 E<\/td>\n<\/tr>\n<tr>\n<th class=\"pl-0 py-2 pr-2\">\u00dcr\u00fcn Tipi<\/th>\n<td class=\"py-2 pr-2\">Elektrik<\/td>\n<\/tr>\n<tr>\n<th class=\"pl-0 py-2 pr-2\">Marka<\/th>\n<td class=\"py-2 pr-2\">\u00d6zti<\/td>\n<\/tr>\n<tr>\n<th class=\"pl-0 py-2 pr-2\">Geni\u015flik<\/th>\n<td class=\"py-2 pr-2\">1750<\/td>\n<\/tr>\n<tr>\n<th class=\"pl-0 py-2 pr-2\">Uzunluk<\/th>\n<td class=\"py-2 pr-2\">850<\/td>\n<\/tr>\n<tr>\n<th class=\"pl-0 py-2 pr-2\">Y\u00fckseklik<\/th>\n<td class=\"py-2 pr-2\">1500<\/td>\n<\/tr>\n<tr>\n<th class=\"pl-0 py-2 pr-2\">Net a\u011f\u0131rl\u0131k<\/th>\n<td class=\"py-2 pr-2\">220<\/td>\n<\/tr>\n<tr>\n<th class=\"pl-0 py-2 pr-2\">Br\u00fct a\u011f\u0131rl\u0131k<\/th>\n<td class=\"py-2 pr-2\">230<\/td>\n<\/tr>\n<tr>\n<th class=\"pl-0 py-2 pr-2\">Hacim<\/th>\n<td class=\"py-2 pr-2\">2,1000<\/td>\n<\/tr>\n<tr>\n<th class=\"pl-0 py-2 pr-2\">Kapasite<\/th>\n<td class=\"py-2 pr-2\">1650 Plaka\/Saat<\/td>\n<\/tr>\n<tr>\n<th class=\"pl-0 py-2 pr-2\">Paket Geni\u015fli\u011fi<\/th>\n<td class=\"py-2 pr-2\">1800<\/td>\n<\/tr>\n<tr>\n<th class=\"pl-0 py-2 pr-2\">Paket Boyutu<\/th>\n<td class=\"py-2 pr-2\">900<\/td>\n<\/tr>\n<tr>\n<th class=\"pl-0 py-2 pr-2\">Paket Y\u00fcksekli\u011fi<\/th>\n<td class=\"py-2 pr-2\">1700<\/td>\n<\/tr>\n<tr>\n<th class=\"pl-0 py-2 pr-2\">Paket Hacmi<\/th>\n<td class=\"py-2 pr-2\">2.754<\/td>\n<\/tr>\n<tr>\n<th class=\"pl-0 py-2 pr-2\">Paket \u0130\u00e7indeki \u00dcr\u00fcn Miktar\u0131<\/th>\n<td class=\"py-2 pr-2\">1<\/td>\n<\/tr>\n<tr>\n<th class=\"pl-0 py-2 pr-2\">Elektrik Enerjisi<\/th>\n<td class=\"py-2 pr-2\">38<\/td>\n<\/tr>\n<tr>\n<th class=\"pl-0 py-2 pr-2\">Elektrikli Volt<\/th>\n<td class=\"py-2 pr-2\">400 V \u2013 3NPE<\/td>\n<\/tr>\n<tr>\n<th class=\"pl-0 py-2 pr-2\">Elektrik Frekans\u0131<\/th>\n<td class=\"py-2 pr-2\">50<\/td>\n<\/tr>\n<tr>\n<th class=\"pl-0 py-2 pr-2\">S\u0131cak Su Bas\u0131nc\u0131<\/th>\n<td class=\"py-2 pr-2\">2 &#8211; 4 bar<\/td>\n<\/tr>\n<tr>\n<th class=\"pl-0 py-2 pr-2\">S\u0131cak Su Sertli\u011fi<\/th>\n<td class=\"py-2 pr-2\">0-10 Frans\u0131z su sertli\u011fi<\/td>\n<\/tr>\n<tr>\n<th class=\"pl-0 py-2 pr-2\">So\u011fuk Su Bas\u0131nc\u0131<\/th>\n<td class=\"py-2 pr-2\">2 &#8211; 4 bar<\/td>\n<\/tr>\n<tr>\n<th class=\"pl-0 py-2 pr-2\">So\u011fuk Su Sertli\u011fi<\/th>\n<td class=\"py-2 pr-2\">0-10 Frans\u0131z su sertli\u011fi<\/td>\n<\/tr>\n<tr>\n<th class=\"pl-0 py-2 pr-2\">Y\u0131kama Suyu S\u0131cakl\u0131\u011f\u0131<\/th>\n<td class=\"py-2 pr-2\">55-60<\/td>\n<\/tr>\n<tr>\n<th class=\"pl-0 py-2 pr-2\">Y\u0131kama Pompas\u0131 G\u00fcc\u00fc<\/th>\n<td class=\"py-2 pr-2\">1,5<\/td>\n<\/tr>\n<tr>\n<th class=\"pl-0 py-2 pr-2\">Y\u0131kama Pompas\u0131 Ak\u0131\u015f\u0131<\/th>\n<td class=\"py-2 pr-2\">659<\/td>\n<\/tr>\n<tr>\n<th class=\"pl-0 py-2 pr-2\">Durulama Suyu S\u0131cakl\u0131\u011f\u0131<\/th>\n<td class=\"py-2 pr-2\">80-85<\/td>\n<\/tr>\n<tr>\n<th class=\"pl-0 py-2 pr-2\">Durulama Pompas\u0131 G\u00fcc\u00fc<\/th>\n<td class=\"py-2 pr-2\">0,37<\/td>\n<\/tr>\n<tr>\n<th class=\"pl-0 py-2 pr-2\">Durulama Pompas\u0131 Ak\u0131\u015f\u0131<\/th>\n<td class=\"py-2 pr-2\">18<\/td>\n<\/tr>\n<tr>\n<th class=\"pl-0 py-2 pr-2\">Drenaj Giri\u015f \u00c7ap\u0131<\/th>\n<td class=\"py-2 pr-2\">1 1\/4&#8221;<\/td>\n<\/tr>\n<tr>\n<th class=\"pl-0 py-2 pr-2\">Maksimum G\u00fcr\u00fclt\u00fc<\/th>\n<td class=\"py-2 pr-2\">80<\/td>\n<\/tr>\n<tr>\n<th class=\"pl-0 py-2 pr-2\">Kazan Hacmi<\/th>\n<td class=\"py-2 pr-2\">18<\/td>\n<\/tr>\n<tr>\n<th class=\"pl-0 py-2 pr-2\">Kazan Is\u0131t\u0131c\u0131 G\u00fcc\u00fc<\/th>\n<td class=\"py-2 pr-2\">27<\/td>\n<\/tr>\n<tr>\n<th class=\"pl-0 py-2 pr-2\">Tank Hacmi<\/th>\n<td class=\"py-2 pr-2\">90<\/td>\n<\/tr>\n<tr>\n<th class=\"pl-0 py-2 pr-2\">Tank Is\u0131t\u0131c\u0131 G\u00fcc\u00fc<\/th>\n<td class=\"py-2 pr-2\">9<\/td>\n<\/tr>\n<\/tbody>\n<\/table>\n<h5>Standart Aksesuarlar<\/h5>\n<div class=\"table-responsive\">\n<table class=\"table table-striped\">\n<tbody>\n<tr>\n<td>Durulama pompas\u0131<\/td>\n<\/tr>\n<tr>\n<td>5 promosyon sepeti (3xTabak, 1xBardak, 1x\u00c7atal-B\u0131\u00e7ak)<\/td>\n<\/tr>\n<tr>\n<td>Esnek su besleme ve tahliye hortumu<\/td>\n<\/tr>\n<tr>\n<td>Paslanmaz \u00e7elik y\u0131kama kollar\u0131<\/td>\n<\/tr>\n<\/tbody>\n<\/table>\n<\/div>\n<h5>Opsiyonel Aksesuarlar<\/h5>\n<div class=\"table-responsive\">\n<table class=\"table table-striped\">\n<tbody>\n<tr>\n<td>Deterjan da\u011f\u0131t\u0131c\u0131s\u0131<\/td>\n<\/tr>\n<tr>\n<td>Tahliye pompas\u0131<\/td>\n<\/tr>\n<tr>\n<td>Parlat\u0131c\u0131 da\u011f\u0131t\u0131c\u0131s\u0131<\/td>\n<\/tr>\n<\/tbody>\n<\/table>\n<\/div>\n","protected":false},"excerpt":{"rendered":"<ul class=\"pl-3\">\n<li class=\"mt-2\">Y\u0131kama ve kazan tank\u0131 dahil paslanmaz \u00e7elik g\u00f6vde<\/li>\n<li class=\"mt-2\">Hijyenik y\u0131kama tank\u0131<\/li>\n<li class=\"mt-2\">Saatte 100 raf i\u00e7in (Raf boyutlar\u0131 50&#215;50 cm)<\/li>\n<li class=\"mt-2\">Y\u00fcksek g\u00fc\u00e7l\u00fc fan sayesinde etkili kurutma<\/li>\n<li class=\"mt-2\">D\u00f6ng\u00fc ba\u015f\u0131na 3 lt su t\u00fcketimi<\/li>\n<li class=\"mt-2\">Otomatik, kullan\u0131c\u0131 dostu kontrol paneli<\/li>\n<li class=\"mt-2\">Kurutuculu konvey\u00f6r sistemi ile s\u00fcrekli y\u0131kama<\/li>\n<li class=\"mt-2\">Enerji, deterjan ve su tasarrufu sa\u011flar<\/li>\n<li class=\"mt-2\">Paslanmaz \u00e7elik y\u0131kama kollar\u0131<\/li>\n<li class=\"mt-2\">Y\u00fckseklik optimizasyonu i\u00e7in ayarlanabilir ayaklar<\/li>\n<li class=\"mt-2\">Kolay \u00e7al\u0131\u015ft\u0131rma: Kazan tank\u0131na su doldurmak ve \u0131s\u0131tmak i\u00e7in tek d\u00fc\u011fme<\/li>\n<li class=\"mt-2\">Uluslararas\u0131 standartlara ve g\u00fcvenlik y\u00f6netmeliklerine uygun elektrik bile\u015fenleri ve kablolama<\/li>\n<li class=\"mt-2\">Bula\u015f\u0131k makinesi IPX5 su korumas\u0131n\u0131 garanti etmek i\u00e7in tamamen s\u0131zd\u0131rmazd\u0131r<\/li>\n<li class=\"mt-2\">Verimli y\u0131kama i\u00e7in termostat kontroll\u00fc durulama ve y\u0131kama s\u0131cakl\u0131klar\u0131<\/li>\n<li class=\"mt-2\">Geri d\u00f6n\u00fc\u015fs\u00fcz &#8211; \u00e7ek valf sistemi<\/li>\n<li class=\"mt-2\">55-60\u00b0C&#8217;de y\u0131kama s\u0131cakl\u0131\u011f\u0131 (minimum 2 bar ve 50\u00b0C&#8217;de su beslemesi)<\/li>\n<li class=\"mt-2\">80-85\u00b0C&#8217;de durulama s\u0131cakl\u0131\u011f\u0131 (minimum 2 bar ve 50\u00b0C&#8217;de su beslemesi)<\/li>\n<li class=\"mt-2\">Sol yaz\u0131 tipi<\/li>\n<\/ul>\n","protected":false},"featured_media":8982,"comment_status":"open","ping_status":"closed","template":"","meta":{"om_disable_all_campaigns":false,"_monsterinsights_skip_tracking":false,"_monsterinsights_sitenote_active":false,"_monsterinsights_sitenote_note":"","_monsterinsights_sitenote_category":0},"product_brand":[],"product_cat":[214],"product_tag":[265],"class_list":{"0":"post-10507","1":"product","2":"type-product","3":"status-publish","4":"has-post-thumbnail","6":"product_cat-konveyor-yikama","7":"product_tag-dishwasher-tr","9":"first","10":"instock","11":"shipping-taxable","12":"product-type-simple"},"yoast_head":"<!-- This site is optimized with the Yoast SEO plugin v25.2 - https:\/\/yoast.com\/wordpress\/plugins\/seo\/ -->\n<title>KONVEY\u00d6RL\u00dc BULA\u015eIK MAK\u0130NES\u0130. SOL G\u0130R\u0130\u015e\/KURUTMASIZ, OBK 1500 E - Cold Cabinets Industrial Market &amp; Kitchen Equipment<\/title>\n<meta name=\"robots\" content=\"index, follow, max-snippet:-1, max-image-preview:large, max-video-preview:-1\" \/>\n<link rel=\"canonical\" href=\"https:\/\/www.coldcabinets.com\/tr\/urun\/bulasik-makinesi-konveyorlu-sol-girisli-kurutmasiz-obk-1500-e\/\" \/>\n<meta property=\"og:locale\" content=\"tr_TR\" \/>\n<meta property=\"og:type\" content=\"article\" \/>\n<meta property=\"og:title\" content=\"KONVEY\u00d6RL\u00dc BULA\u015eIK MAK\u0130NES\u0130. SOL G\u0130R\u0130\u015e\/KURUTMASIZ, OBK 1500 E - Cold Cabinets Industrial Market &amp; Kitchen Equipment\" \/>\n<meta property=\"og:description\" content=\"Y\u0131kama ve kazan tank\u0131 dahil paslanmaz \u00e7elik g\u00f6vde  Hijyenik y\u0131kama tank\u0131  Saatte 100 raf i\u00e7in (Raf boyutlar\u0131 50x50 cm)  Y\u00fcksek g\u00fc\u00e7l\u00fc fan sayesinde etkili kurutma  D\u00f6ng\u00fc ba\u015f\u0131na 3 lt su t\u00fcketimi  Otomatik, kullan\u0131c\u0131 dostu kontrol paneli  Kurutuculu konvey\u00f6r sistemi ile s\u00fcrekli y\u0131kama  Enerji, deterjan ve su tasarrufu sa\u011flar  Paslanmaz \u00e7elik y\u0131kama kollar\u0131  Y\u00fckseklik optimizasyonu i\u00e7in ayarlanabilir ayaklar  Kolay \u00e7al\u0131\u015ft\u0131rma: Kazan tank\u0131na su doldurmak ve \u0131s\u0131tmak i\u00e7in tek d\u00fc\u011fme  Uluslararas\u0131 standartlara ve g\u00fcvenlik y\u00f6netmeliklerine uygun elektrik bile\u015fenleri ve kablolama  Bula\u015f\u0131k makinesi IPX5 su korumas\u0131n\u0131 garanti etmek i\u00e7in tamamen s\u0131zd\u0131rmazd\u0131r  Verimli y\u0131kama i\u00e7in termostat kontroll\u00fc durulama ve y\u0131kama s\u0131cakl\u0131klar\u0131  Geri d\u00f6n\u00fc\u015fs\u00fcz - \u00e7ek valf sistemi  55-60\u00b0C&#039;de y\u0131kama s\u0131cakl\u0131\u011f\u0131 (minimum 2 bar ve 50\u00b0C&#039;de su beslemesi)  80-85\u00b0C&#039;de durulama s\u0131cakl\u0131\u011f\u0131 (minimum 2 bar ve 50\u00b0C&#039;de su beslemesi)  Sol yaz\u0131 tipi\" \/>\n<meta property=\"og:url\" content=\"https:\/\/www.coldcabinets.com\/tr\/urun\/bulasik-makinesi-konveyorlu-sol-girisli-kurutmasiz-obk-1500-e\/\" \/>\n<meta property=\"og:site_name\" content=\"Cold Cabinets Industrial Market &amp; Kitchen Equipment\" \/>\n<meta property=\"article:modified_time\" content=\"2023-09-10T09:27:03+00:00\" \/>\n<meta property=\"og:image\" content=\"https:\/\/www.coldcabinets.com\/wp-content\/uploads\/2023\/01\/DISHWASHER-WITH-CONVEYOR.-LEFT-ENTRY-WITHOUT-DRY-OBK-1500-E.jpg\" \/>\n\t<meta property=\"og:image:width\" content=\"1200\" \/>\n\t<meta property=\"og:image:height\" content=\"1200\" \/>\n\t<meta property=\"og:image:type\" content=\"image\/jpeg\" \/>\n<meta name=\"twitter:card\" content=\"summary_large_image\" \/>\n<meta name=\"twitter:label1\" content=\"Tahmini okuma s\u00fcresi\" \/>\n\t<meta name=\"twitter:data1\" content=\"1 dakika\" \/>\n<script type=\"application\/ld+json\" class=\"yoast-schema-graph\">{\"@context\":\"https:\/\/schema.org\",\"@graph\":[{\"@type\":\"WebPage\",\"@id\":\"https:\/\/www.coldcabinets.com\/tr\/urun\/bulasik-makinesi-konveyorlu-sol-girisli-kurutmasiz-obk-1500-e\/\",\"url\":\"https:\/\/www.coldcabinets.com\/tr\/urun\/bulasik-makinesi-konveyorlu-sol-girisli-kurutmasiz-obk-1500-e\/\",\"name\":\"KONVEY\u00d6RL\u00dc BULA\u015eIK MAK\u0130NES\u0130. SOL G\u0130R\u0130\u015e\/KURUTMASIZ, OBK 1500 E - Cold Cabinets Industrial Market &amp; Kitchen Equipment\",\"isPartOf\":{\"@id\":\"https:\/\/www.coldcabinets.com\/tr\/#website\"},\"primaryImageOfPage\":{\"@id\":\"https:\/\/www.coldcabinets.com\/tr\/urun\/bulasik-makinesi-konveyorlu-sol-girisli-kurutmasiz-obk-1500-e\/#primaryimage\"},\"image\":{\"@id\":\"https:\/\/www.coldcabinets.com\/tr\/urun\/bulasik-makinesi-konveyorlu-sol-girisli-kurutmasiz-obk-1500-e\/#primaryimage\"},\"thumbnailUrl\":\"https:\/\/www.coldcabinets.com\/wp-content\/uploads\/2023\/01\/DISHWASHER-WITH-CONVEYOR.-LEFT-ENTRY-WITHOUT-DRY-OBK-1500-E.jpg\",\"datePublished\":\"2023-01-16T10:54:07+00:00\",\"dateModified\":\"2023-09-10T09:27:03+00:00\",\"breadcrumb\":{\"@id\":\"https:\/\/www.coldcabinets.com\/tr\/urun\/bulasik-makinesi-konveyorlu-sol-girisli-kurutmasiz-obk-1500-e\/#breadcrumb\"},\"inLanguage\":\"tr\",\"potentialAction\":[{\"@type\":\"ReadAction\",\"target\":[\"https:\/\/www.coldcabinets.com\/tr\/urun\/bulasik-makinesi-konveyorlu-sol-girisli-kurutmasiz-obk-1500-e\/\"]}]},{\"@type\":\"ImageObject\",\"inLanguage\":\"tr\",\"@id\":\"https:\/\/www.coldcabinets.com\/tr\/urun\/bulasik-makinesi-konveyorlu-sol-girisli-kurutmasiz-obk-1500-e\/#primaryimage\",\"url\":\"https:\/\/www.coldcabinets.com\/wp-content\/uploads\/2023\/01\/DISHWASHER-WITH-CONVEYOR.-LEFT-ENTRY-WITHOUT-DRY-OBK-1500-E.jpg\",\"contentUrl\":\"https:\/\/www.coldcabinets.com\/wp-content\/uploads\/2023\/01\/DISHWASHER-WITH-CONVEYOR.-LEFT-ENTRY-WITHOUT-DRY-OBK-1500-E.jpg\",\"width\":1200,\"height\":1200},{\"@type\":\"BreadcrumbList\",\"@id\":\"https:\/\/www.coldcabinets.com\/tr\/urun\/bulasik-makinesi-konveyorlu-sol-girisli-kurutmasiz-obk-1500-e\/#breadcrumb\",\"itemListElement\":[{\"@type\":\"ListItem\",\"position\":1,\"name\":\"Home\",\"item\":\"https:\/\/www.coldcabinets.com\/tr\/shop-2\/\"},{\"@type\":\"ListItem\",\"position\":2,\"name\":\"KONVEY\u00d6RL\u00dc BULA\u015eIK MAK\u0130NES\u0130. SOL G\u0130R\u0130\u015e\/KURUTMASIZ, OBK 1500 E\"}]},{\"@type\":\"WebSite\",\"@id\":\"https:\/\/www.coldcabinets.com\/tr\/#website\",\"url\":\"https:\/\/www.coldcabinets.com\/tr\/\",\"name\":\"Cold Cabinets Industrial Market Equipment\",\"description\":\"Refrigeration Cabinets, Dishwasher Equipment ,Ovens,Tea &amp; Coffee Equipment , Cafe &amp; Bar Equipment, Main Kitchen Equipment, Cold Rooms\",\"publisher\":{\"@id\":\"https:\/\/www.coldcabinets.com\/tr\/#organization\"},\"potentialAction\":[{\"@type\":\"SearchAction\",\"target\":{\"@type\":\"EntryPoint\",\"urlTemplate\":\"https:\/\/www.coldcabinets.com\/tr\/?s={search_term_string}\"},\"query-input\":{\"@type\":\"PropertyValueSpecification\",\"valueRequired\":true,\"valueName\":\"search_term_string\"}}],\"inLanguage\":\"tr\"},{\"@type\":\"Organization\",\"@id\":\"https:\/\/www.coldcabinets.com\/tr\/#organization\",\"name\":\"Cold Cabinets - Refrigeration Cabinets, Dishwasher Equipment ,Ovens,Tea & Coffee Equipment , Cafe & Bar Equipment ,Main Kitchen Equipment ,Cold Rooms\",\"url\":\"https:\/\/www.coldcabinets.com\/tr\/\",\"logo\":{\"@type\":\"ImageObject\",\"inLanguage\":\"tr\",\"@id\":\"https:\/\/www.coldcabinets.com\/tr\/#\/schema\/logo\/image\/\",\"url\":\"https:\/\/www.coldcabinets.com\/wp-content\/uploads\/2022\/12\/cold-cabinets-logo@3x.png\",\"contentUrl\":\"https:\/\/www.coldcabinets.com\/wp-content\/uploads\/2022\/12\/cold-cabinets-logo@3x.png\",\"width\":1632,\"height\":536,\"caption\":\"Cold Cabinets - Refrigeration Cabinets, Dishwasher Equipment ,Ovens,Tea & Coffee Equipment , Cafe & Bar Equipment ,Main Kitchen Equipment ,Cold Rooms\"},\"image\":{\"@id\":\"https:\/\/www.coldcabinets.com\/tr\/#\/schema\/logo\/image\/\"},\"sameAs\":[\"https:\/\/www.linkedin.com\/company\/coldcabinets\/\"]}]}<\/script>\n<!-- \/ Yoast SEO plugin. -->","yoast_head_json":{"title":"KONVEY\u00d6RL\u00dc BULA\u015eIK MAK\u0130NES\u0130. SOL G\u0130R\u0130\u015e\/KURUTMASIZ, OBK 1500 E - Cold Cabinets Industrial Market &amp; Kitchen Equipment","robots":{"index":"index","follow":"follow","max-snippet":"max-snippet:-1","max-image-preview":"max-image-preview:large","max-video-preview":"max-video-preview:-1"},"canonical":"https:\/\/www.coldcabinets.com\/tr\/urun\/bulasik-makinesi-konveyorlu-sol-girisli-kurutmasiz-obk-1500-e\/","og_locale":"tr_TR","og_type":"article","og_title":"KONVEY\u00d6RL\u00dc BULA\u015eIK MAK\u0130NES\u0130. SOL G\u0130R\u0130\u015e\/KURUTMASIZ, OBK 1500 E - Cold Cabinets Industrial Market &amp; Kitchen Equipment","og_description":"Y\u0131kama ve kazan tank\u0131 dahil paslanmaz \u00e7elik g\u00f6vde  Hijyenik y\u0131kama tank\u0131  Saatte 100 raf i\u00e7in (Raf boyutlar\u0131 50x50 cm)  Y\u00fcksek g\u00fc\u00e7l\u00fc fan sayesinde etkili kurutma  D\u00f6ng\u00fc ba\u015f\u0131na 3 lt su t\u00fcketimi  Otomatik, kullan\u0131c\u0131 dostu kontrol paneli  Kurutuculu konvey\u00f6r sistemi ile s\u00fcrekli y\u0131kama  Enerji, deterjan ve su tasarrufu sa\u011flar  Paslanmaz \u00e7elik y\u0131kama kollar\u0131  Y\u00fckseklik optimizasyonu i\u00e7in ayarlanabilir ayaklar  Kolay \u00e7al\u0131\u015ft\u0131rma: Kazan tank\u0131na su doldurmak ve \u0131s\u0131tmak i\u00e7in tek d\u00fc\u011fme  Uluslararas\u0131 standartlara ve g\u00fcvenlik y\u00f6netmeliklerine uygun elektrik bile\u015fenleri ve kablolama  Bula\u015f\u0131k makinesi IPX5 su korumas\u0131n\u0131 garanti etmek i\u00e7in tamamen s\u0131zd\u0131rmazd\u0131r  Verimli y\u0131kama i\u00e7in termostat kontroll\u00fc durulama ve y\u0131kama s\u0131cakl\u0131klar\u0131  Geri d\u00f6n\u00fc\u015fs\u00fcz - \u00e7ek valf sistemi  55-60\u00b0C'de y\u0131kama s\u0131cakl\u0131\u011f\u0131 (minimum 2 bar ve 50\u00b0C'de su beslemesi)  80-85\u00b0C'de durulama s\u0131cakl\u0131\u011f\u0131 (minimum 2 bar ve 50\u00b0C'de su beslemesi)  Sol yaz\u0131 tipi","og_url":"https:\/\/www.coldcabinets.com\/tr\/urun\/bulasik-makinesi-konveyorlu-sol-girisli-kurutmasiz-obk-1500-e\/","og_site_name":"Cold Cabinets Industrial Market &amp; Kitchen Equipment","article_modified_time":"2023-09-10T09:27:03+00:00","og_image":[{"width":1200,"height":1200,"url":"https:\/\/www.coldcabinets.com\/wp-content\/uploads\/2023\/01\/DISHWASHER-WITH-CONVEYOR.-LEFT-ENTRY-WITHOUT-DRY-OBK-1500-E.jpg","type":"image\/jpeg"}],"twitter_card":"summary_large_image","twitter_misc":{"Tahmini okuma s\u00fcresi":"1 dakika"},"schema":{"@context":"https:\/\/schema.org","@graph":[{"@type":"WebPage","@id":"https:\/\/www.coldcabinets.com\/tr\/urun\/bulasik-makinesi-konveyorlu-sol-girisli-kurutmasiz-obk-1500-e\/","url":"https:\/\/www.coldcabinets.com\/tr\/urun\/bulasik-makinesi-konveyorlu-sol-girisli-kurutmasiz-obk-1500-e\/","name":"KONVEY\u00d6RL\u00dc BULA\u015eIK MAK\u0130NES\u0130. SOL G\u0130R\u0130\u015e\/KURUTMASIZ, OBK 1500 E - Cold Cabinets Industrial Market &amp; Kitchen Equipment","isPartOf":{"@id":"https:\/\/www.coldcabinets.com\/tr\/#website"},"primaryImageOfPage":{"@id":"https:\/\/www.coldcabinets.com\/tr\/urun\/bulasik-makinesi-konveyorlu-sol-girisli-kurutmasiz-obk-1500-e\/#primaryimage"},"image":{"@id":"https:\/\/www.coldcabinets.com\/tr\/urun\/bulasik-makinesi-konveyorlu-sol-girisli-kurutmasiz-obk-1500-e\/#primaryimage"},"thumbnailUrl":"https:\/\/www.coldcabinets.com\/wp-content\/uploads\/2023\/01\/DISHWASHER-WITH-CONVEYOR.-LEFT-ENTRY-WITHOUT-DRY-OBK-1500-E.jpg","datePublished":"2023-01-16T10:54:07+00:00","dateModified":"2023-09-10T09:27:03+00:00","breadcrumb":{"@id":"https:\/\/www.coldcabinets.com\/tr\/urun\/bulasik-makinesi-konveyorlu-sol-girisli-kurutmasiz-obk-1500-e\/#breadcrumb"},"inLanguage":"tr","potentialAction":[{"@type":"ReadAction","target":["https:\/\/www.coldcabinets.com\/tr\/urun\/bulasik-makinesi-konveyorlu-sol-girisli-kurutmasiz-obk-1500-e\/"]}]},{"@type":"ImageObject","inLanguage":"tr","@id":"https:\/\/www.coldcabinets.com\/tr\/urun\/bulasik-makinesi-konveyorlu-sol-girisli-kurutmasiz-obk-1500-e\/#primaryimage","url":"https:\/\/www.coldcabinets.com\/wp-content\/uploads\/2023\/01\/DISHWASHER-WITH-CONVEYOR.-LEFT-ENTRY-WITHOUT-DRY-OBK-1500-E.jpg","contentUrl":"https:\/\/www.coldcabinets.com\/wp-content\/uploads\/2023\/01\/DISHWASHER-WITH-CONVEYOR.-LEFT-ENTRY-WITHOUT-DRY-OBK-1500-E.jpg","width":1200,"height":1200},{"@type":"BreadcrumbList","@id":"https:\/\/www.coldcabinets.com\/tr\/urun\/bulasik-makinesi-konveyorlu-sol-girisli-kurutmasiz-obk-1500-e\/#breadcrumb","itemListElement":[{"@type":"ListItem","position":1,"name":"Home","item":"https:\/\/www.coldcabinets.com\/tr\/shop-2\/"},{"@type":"ListItem","position":2,"name":"KONVEY\u00d6RL\u00dc BULA\u015eIK MAK\u0130NES\u0130. SOL G\u0130R\u0130\u015e\/KURUTMASIZ, OBK 1500 E"}]},{"@type":"WebSite","@id":"https:\/\/www.coldcabinets.com\/tr\/#website","url":"https:\/\/www.coldcabinets.com\/tr\/","name":"Cold Cabinets Industrial Market Equipment","description":"Refrigeration Cabinets, Dishwasher Equipment ,Ovens,Tea &amp; Coffee Equipment , Cafe &amp; Bar Equipment, Main Kitchen Equipment, Cold Rooms","publisher":{"@id":"https:\/\/www.coldcabinets.com\/tr\/#organization"},"potentialAction":[{"@type":"SearchAction","target":{"@type":"EntryPoint","urlTemplate":"https:\/\/www.coldcabinets.com\/tr\/?s={search_term_string}"},"query-input":{"@type":"PropertyValueSpecification","valueRequired":true,"valueName":"search_term_string"}}],"inLanguage":"tr"},{"@type":"Organization","@id":"https:\/\/www.coldcabinets.com\/tr\/#organization","name":"Cold Cabinets - Refrigeration Cabinets, Dishwasher Equipment ,Ovens,Tea & Coffee Equipment , Cafe & Bar Equipment ,Main Kitchen Equipment ,Cold Rooms","url":"https:\/\/www.coldcabinets.com\/tr\/","logo":{"@type":"ImageObject","inLanguage":"tr","@id":"https:\/\/www.coldcabinets.com\/tr\/#\/schema\/logo\/image\/","url":"https:\/\/www.coldcabinets.com\/wp-content\/uploads\/2022\/12\/cold-cabinets-logo@3x.png","contentUrl":"https:\/\/www.coldcabinets.com\/wp-content\/uploads\/2022\/12\/cold-cabinets-logo@3x.png","width":1632,"height":536,"caption":"Cold Cabinets - Refrigeration Cabinets, Dishwasher Equipment ,Ovens,Tea & Coffee Equipment , Cafe & Bar Equipment ,Main Kitchen Equipment ,Cold Rooms"},"image":{"@id":"https:\/\/www.coldcabinets.com\/tr\/#\/schema\/logo\/image\/"},"sameAs":["https:\/\/www.linkedin.com\/company\/coldcabinets\/"]}]}},"_links":{"self":[{"href":"https:\/\/www.coldcabinets.com\/tr\/wp-json\/wp\/v2\/product\/10507","targetHints":{"allow":["GET"]}}],"collection":[{"href":"https:\/\/www.coldcabinets.com\/tr\/wp-json\/wp\/v2\/product"}],"about":[{"href":"https:\/\/www.coldcabinets.com\/tr\/wp-json\/wp\/v2\/types\/product"}],"replies":[{"embeddable":true,"href":"https:\/\/www.coldcabinets.com\/tr\/wp-json\/wp\/v2\/comments?post=10507"}],"version-history":[{"count":1,"href":"https:\/\/www.coldcabinets.com\/tr\/wp-json\/wp\/v2\/product\/10507\/revisions"}],"predecessor-version":[{"id":12079,"href":"https:\/\/www.coldcabinets.com\/tr\/wp-json\/wp\/v2\/product\/10507\/revisions\/12079"}],"wp:featuredmedia":[{"embeddable":true,"href":"https:\/\/www.coldcabinets.com\/tr\/wp-json\/wp\/v2\/media\/8982"}],"wp:attachment":[{"href":"https:\/\/www.coldcabinets.com\/tr\/wp-json\/wp\/v2\/media?parent=10507"}],"wp:term":[{"taxonomy":"product_brand","embeddable":true,"href":"https:\/\/www.coldcabinets.com\/tr\/wp-json\/wp\/v2\/product_brand?post=10507"},{"taxonomy":"product_cat","embeddable":true,"href":"https:\/\/www.coldcabinets.com\/tr\/wp-json\/wp\/v2\/product_cat?post=10507"},{"taxonomy":"product_tag","embeddable":true,"href":"https:\/\/www.coldcabinets.com\/tr\/wp-json\/wp\/v2\/product_tag?post=10507"}],"curies":[{"name":"wp","href":"https:\/\/api.w.org\/{rel}","templated":true}]}}