{"id":10214,"date":"2023-01-16T11:01:02","date_gmt":"2023-01-16T11:01:02","guid":{"rendered":"https:\/\/www.coldcabinets.com\/product\/spulmaschine-mit-band-rechter-einstieg-trocken-obk-1500\/"},"modified":"2023-02-05T20:34:40","modified_gmt":"2023-02-05T20:34:40","slug":"konveyorlu-bulasik-makinesi-sag-giris-kuru-obk-1500","status":"publish","type":"product","link":"https:\/\/www.coldcabinets.com\/tr\/urun\/konveyorlu-bulasik-makinesi-sag-giris-kuru-obk-1500\/","title":{"rendered":"KONVEY\u00d6RL\u00dc BULA\u015eIK MAK\u0130NES\u0130. SA\u011e G\u0130R\u0130\u015e\/KURU, OBK 1500"},"content":{"rendered":"<p>\u00dcr\u00fcn kodu 0710.01500.02<br \/>\n\u00dcr\u00fcn Ad\u0131 KONVEY\u00d6RL\u00dc BULA\u015eIK MAK\u0130NES\u0130. SA\u011e G\u0130R\u0130\u015e\/KURU, OBK 1500<br \/>\nModel Numaras\u0131 OBK 1500<br \/>\n\u00dcr\u00fcn Tipi Elektrik<br \/>\nMarka \u00d6zti<br \/>\nGeni\u015flik 2050<br \/>\nuzunluk 850<br \/>\nY\u00fckseklik 1880<br \/>\nNet a\u011f\u0131rl\u0131k 250<br \/>\nBr\u00fct a\u011f\u0131rl\u0131k 270<br \/>\nCilt 3.0832<br \/>\nKapasite 1650 Plaka\/S\u00fcre<br \/>\nPaket Geni\u015fli\u011fi 2090<br \/>\nPaket B\u00fcy\u00fckl\u00fc\u011f\u00fc 900<br \/>\nPaket Y\u00fcksekli\u011fi 2100<br \/>\nPaket Hacmi 3.9501<br \/>\nPaket \u0130\u00e7i \u00dcr\u00fcn Miktar\u0131 1<br \/>\nElektrik G\u00fcc\u00fc 47<br \/>\nElektrik Volt 400 V \u2013 3NPE<br \/>\nElektrik Frekans\u0131 50<br \/>\nS\u0131cak Su Bas\u0131nc\u0131 2 \u2013 4 bar<br \/>\nS\u0131cak Su Sertli\u011fi 0-10 Frans\u0131z su sertli\u011fi<br \/>\nSo\u011fuk Su Bas\u0131nc\u0131 2 \u2013 4 bar<br \/>\nSo\u011fuk Su Sertli\u011fi 0-10 Frans\u0131z su sertli\u011fi<br \/>\nY\u0131kama Suyu S\u0131cakl\u0131\u011f\u0131 55-60<br \/>\nY\u0131kama Pompas\u0131 G\u00fcc\u00fc 1,5<br \/>\nY\u0131kama Pompas\u0131 Ak\u0131\u015f\u0131 659<br \/>\nDurulama Suyu S\u0131cakl\u0131\u011f\u0131 80-85<br \/>\nDurulama Pompas\u0131 G\u00fcc\u00fc 0,37<br \/>\nDurulama Pompas\u0131 Ak\u0131\u015f\u0131 18<br \/>\nKurutma Fan\u0131 G\u00fcc\u00fc 0,45<br \/>\nDrenaj Giri\u015f \u00c7ap\u0131 1 1\/4\u201d<br \/>\nMaksimum G\u00fcr\u00fclt\u00fc 80<br \/>\nKazan Hacmi 18<br \/>\nKazan Is\u0131t\u0131c\u0131 G\u00fcc\u00fc 27<br \/>\nTank Hacmi 90<br \/>\nTank Is\u0131t\u0131c\u0131 G\u00fcc\u00fc 9<br \/>\nStandart Aksesuarlar<br \/>\ndurulama pompas\u0131<br \/>\n5 sepet promosyon (3xTabak, 1x Bardak, 1x\u00c7atal b\u0131\u00e7ak tak\u0131m\u0131)<br \/>\nEsnek su kayna\u011f\u0131 ve tahliye hortumu<br \/>\nPaslanmaz \u00e7elik y\u0131kama kollar\u0131<br \/>\n\u0130ste\u011fe ba\u011fl\u0131 Aksesuarlar<br \/>\ndeterjan da\u011f\u0131t\u0131c\u0131s\u0131<br \/>\ntahliye pompas\u0131<br \/>\nParlat\u0131c\u0131 da\u011f\u0131t\u0131c\u0131<\/p>\n<p>&nbsp;<\/p>\n<div class=\"table-responsive\">\n<table class=\"table table-striped\">\n<tbody>\n<tr>\n<td><\/td>\n<\/tr>\n<tr>\n<td><\/td>\n<\/tr>\n<tr>\n<td><\/td>\n<\/tr>\n<\/tbody>\n<\/table>\n<\/div>\n","protected":false},"excerpt":{"rendered":"<p>Y\u0131kama ve kazan tank\u0131 dahil paslanmaz \u00e7elik g\u00f6vde<br \/>\nHijyenik y\u0131kama tank\u0131<br \/>\nSaatte 100 sepet (Raf \u00f6l\u00e7\u00fcleri 50\u00d750 cm)<br \/>\nY\u00fcksek g\u00fc\u00e7l\u00fc bir fan sayesinde etkili kurutma<br \/>\nD\u00f6ng\u00fc ba\u015f\u0131na 3 lt su t\u00fcketimi<br \/>\nOtomatik, kullan\u0131c\u0131 dostu kontrol paneli<br \/>\nKurutuculu konvey\u00f6r sistemi ile s\u00fcrekli y\u0131kama<br \/>\nEnerji, deterjan ve su tasarrufu sa\u011flar<br \/>\nPaslanmaz \u00e7elik y\u0131kama kollar\u0131<br \/>\nY\u00fckseklik optimizasyonu i\u00e7in ayarlanabilir ayaklar<br \/>\nKolay \u00e7al\u0131\u015ft\u0131rma: Kazan tank\u0131na su doldurmak ve \u0131s\u0131tmak i\u00e7in tek d\u00fc\u011fme<br \/>\nUluslararas\u0131 standartlara ve g\u00fcvenlik d\u00fczenlemelerine uygun elektrik bile\u015fenleri ve kablolama<br \/>\nBula\u015f\u0131k makinesi, IPX5 su korumas\u0131n\u0131 garanti etmek i\u00e7in tamamen s\u0131zd\u0131rmazd\u0131r<br \/>\nVerimli y\u0131kama i\u00e7in termostat kontroll\u00fc durulama ve y\u0131kama s\u0131cakl\u0131klar\u0131<br \/>\nGeri d\u00f6n\u00fc\u015fs\u00fcz \u2013 \u00e7ek valf sistemi<br \/>\n55-60\u00b0C&#8217;de y\u0131kama s\u0131cakl\u0131\u011f\u0131 (su beslemesi minimum 2 bar ve 50\u00b0C&#8217;de)<br \/>\n80-85\u00b0C&#8217;de durulama s\u0131cakl\u0131\u011f\u0131 (minimum 2 bar ve 50\u00b0C&#8217;de su beslemesi)<br \/>\nSa\u011f tip<\/p>\n","protected":false},"featured_media":10098,"comment_status":"open","ping_status":"closed","template":"","meta":{"om_disable_all_campaigns":false,"_monsterinsights_skip_tracking":false,"_monsterinsights_sitenote_active":false,"_monsterinsights_sitenote_note":"","_monsterinsights_sitenote_category":0},"product_brand":[],"product_cat":[213,212,214],"product_tag":[264,265,267,266],"class_list":{"0":"post-10214","1":"product","2":"type-product","3":"status-publish","4":"has-post-thumbnail","6":"product_cat-bulasik-makinesi","7":"product_cat-bulasik-makinesi-ekipmanlari","8":"product_cat-konveyor-yikama","9":"product_tag-conveyor-right-entry-tr","10":"product_tag-dishwasher-tr","11":"product_tag-dry-tr","12":"product_tag-obk-1500-tr","14":"first","15":"instock","16":"shipping-taxable","17":"product-type-simple"},"yoast_head":"<!-- This site is optimized with the Yoast SEO plugin v25.2 - https:\/\/yoast.com\/wordpress\/plugins\/seo\/ -->\n<title>KONVEY\u00d6RL\u00dc BULA\u015eIK MAK\u0130NES\u0130. SA\u011e G\u0130R\u0130\u015e\/KURU, OBK 1500 - Cold Cabinets Industrial Market &amp; Kitchen Equipment<\/title>\n<meta name=\"robots\" content=\"index, follow, max-snippet:-1, max-image-preview:large, max-video-preview:-1\" \/>\n<link rel=\"canonical\" href=\"https:\/\/www.coldcabinets.com\/tr\/urun\/konveyorlu-bulasik-makinesi-sag-giris-kuru-obk-1500\/\" \/>\n<meta property=\"og:locale\" content=\"tr_TR\" \/>\n<meta property=\"og:type\" content=\"article\" \/>\n<meta property=\"og:title\" content=\"KONVEY\u00d6RL\u00dc BULA\u015eIK MAK\u0130NES\u0130. SA\u011e G\u0130R\u0130\u015e\/KURU, OBK 1500 - Cold Cabinets Industrial Market &amp; Kitchen Equipment\" \/>\n<meta property=\"og:description\" content=\"Y\u0131kama ve kazan tank\u0131 dahil paslanmaz \u00e7elik g\u00f6vde Hijyenik y\u0131kama tank\u0131 Saatte 100 sepet (Raf \u00f6l\u00e7\u00fcleri 50\u00d750 cm) Y\u00fcksek g\u00fc\u00e7l\u00fc bir fan sayesinde etkili kurutma D\u00f6ng\u00fc ba\u015f\u0131na 3 lt su t\u00fcketimi Otomatik, kullan\u0131c\u0131 dostu kontrol paneli Kurutuculu konvey\u00f6r sistemi ile s\u00fcrekli y\u0131kama Enerji, deterjan ve su tasarrufu sa\u011flar Paslanmaz \u00e7elik y\u0131kama kollar\u0131 Y\u00fckseklik optimizasyonu i\u00e7in ayarlanabilir ayaklar Kolay \u00e7al\u0131\u015ft\u0131rma: Kazan tank\u0131na su doldurmak ve \u0131s\u0131tmak i\u00e7in tek d\u00fc\u011fme Uluslararas\u0131 standartlara ve g\u00fcvenlik d\u00fczenlemelerine uygun elektrik bile\u015fenleri ve kablolama Bula\u015f\u0131k makinesi, IPX5 su korumas\u0131n\u0131 garanti etmek i\u00e7in tamamen s\u0131zd\u0131rmazd\u0131r Verimli y\u0131kama i\u00e7in termostat kontroll\u00fc durulama ve y\u0131kama s\u0131cakl\u0131klar\u0131 Geri d\u00f6n\u00fc\u015fs\u00fcz \u2013 \u00e7ek valf sistemi 55-60\u00b0C&#039;de y\u0131kama s\u0131cakl\u0131\u011f\u0131 (su beslemesi minimum 2 bar ve 50\u00b0C&#039;de) 80-85\u00b0C&#039;de durulama s\u0131cakl\u0131\u011f\u0131 (minimum 2 bar ve 50\u00b0C&#039;de su beslemesi) Sa\u011f tip\" \/>\n<meta property=\"og:url\" content=\"https:\/\/www.coldcabinets.com\/tr\/urun\/konveyorlu-bulasik-makinesi-sag-giris-kuru-obk-1500\/\" \/>\n<meta property=\"og:site_name\" content=\"Cold Cabinets Industrial Market &amp; Kitchen Equipment\" \/>\n<meta property=\"article:modified_time\" content=\"2023-02-05T20:34:40+00:00\" \/>\n<meta property=\"og:image\" content=\"https:\/\/www.coldcabinets.com\/wp-content\/uploads\/2023\/01\/DISHWASHER-WITH-CONVEYOR.-RIGHT-ENTRY-DRY-OBK-1500.jpg\" \/>\n\t<meta property=\"og:image:width\" content=\"1200\" \/>\n\t<meta property=\"og:image:height\" content=\"1200\" \/>\n\t<meta property=\"og:image:type\" content=\"image\/jpeg\" \/>\n<meta name=\"twitter:card\" content=\"summary_large_image\" \/>\n<meta name=\"twitter:label1\" content=\"Tahmini okuma s\u00fcresi\" \/>\n\t<meta name=\"twitter:data1\" content=\"1 dakika\" \/>\n<script type=\"application\/ld+json\" class=\"yoast-schema-graph\">{\"@context\":\"https:\/\/schema.org\",\"@graph\":[{\"@type\":\"WebPage\",\"@id\":\"https:\/\/www.coldcabinets.com\/tr\/urun\/konveyorlu-bulasik-makinesi-sag-giris-kuru-obk-1500\/\",\"url\":\"https:\/\/www.coldcabinets.com\/tr\/urun\/konveyorlu-bulasik-makinesi-sag-giris-kuru-obk-1500\/\",\"name\":\"KONVEY\u00d6RL\u00dc BULA\u015eIK MAK\u0130NES\u0130. SA\u011e G\u0130R\u0130\u015e\/KURU, OBK 1500 - Cold Cabinets Industrial Market &amp; Kitchen Equipment\",\"isPartOf\":{\"@id\":\"https:\/\/www.coldcabinets.com\/tr\/#website\"},\"primaryImageOfPage\":{\"@id\":\"https:\/\/www.coldcabinets.com\/tr\/urun\/konveyorlu-bulasik-makinesi-sag-giris-kuru-obk-1500\/#primaryimage\"},\"image\":{\"@id\":\"https:\/\/www.coldcabinets.com\/tr\/urun\/konveyorlu-bulasik-makinesi-sag-giris-kuru-obk-1500\/#primaryimage\"},\"thumbnailUrl\":\"https:\/\/www.coldcabinets.com\/wp-content\/uploads\/2023\/01\/DISHWASHER-WITH-CONVEYOR.-RIGHT-ENTRY-DRY-OBK-1500.jpg\",\"datePublished\":\"2023-01-16T11:01:02+00:00\",\"dateModified\":\"2023-02-05T20:34:40+00:00\",\"breadcrumb\":{\"@id\":\"https:\/\/www.coldcabinets.com\/tr\/urun\/konveyorlu-bulasik-makinesi-sag-giris-kuru-obk-1500\/#breadcrumb\"},\"inLanguage\":\"tr\",\"potentialAction\":[{\"@type\":\"ReadAction\",\"target\":[\"https:\/\/www.coldcabinets.com\/tr\/urun\/konveyorlu-bulasik-makinesi-sag-giris-kuru-obk-1500\/\"]}]},{\"@type\":\"ImageObject\",\"inLanguage\":\"tr\",\"@id\":\"https:\/\/www.coldcabinets.com\/tr\/urun\/konveyorlu-bulasik-makinesi-sag-giris-kuru-obk-1500\/#primaryimage\",\"url\":\"https:\/\/www.coldcabinets.com\/wp-content\/uploads\/2023\/01\/DISHWASHER-WITH-CONVEYOR.-RIGHT-ENTRY-DRY-OBK-1500.jpg\",\"contentUrl\":\"https:\/\/www.coldcabinets.com\/wp-content\/uploads\/2023\/01\/DISHWASHER-WITH-CONVEYOR.-RIGHT-ENTRY-DRY-OBK-1500.jpg\",\"width\":1200,\"height\":1200},{\"@type\":\"BreadcrumbList\",\"@id\":\"https:\/\/www.coldcabinets.com\/tr\/urun\/konveyorlu-bulasik-makinesi-sag-giris-kuru-obk-1500\/#breadcrumb\",\"itemListElement\":[{\"@type\":\"ListItem\",\"position\":1,\"name\":\"Home\",\"item\":\"https:\/\/www.coldcabinets.com\/tr\/shop-2\/\"},{\"@type\":\"ListItem\",\"position\":2,\"name\":\"KONVEY\u00d6RL\u00dc BULA\u015eIK MAK\u0130NES\u0130. SA\u011e G\u0130R\u0130\u015e\/KURU, OBK 1500\"}]},{\"@type\":\"WebSite\",\"@id\":\"https:\/\/www.coldcabinets.com\/tr\/#website\",\"url\":\"https:\/\/www.coldcabinets.com\/tr\/\",\"name\":\"Cold Cabinets Industrial Market Equipment\",\"description\":\"Refrigeration Cabinets, Dishwasher Equipment ,Ovens,Tea &amp; Coffee Equipment , Cafe &amp; Bar Equipment, Main Kitchen Equipment, Cold Rooms\",\"publisher\":{\"@id\":\"https:\/\/www.coldcabinets.com\/tr\/#organization\"},\"potentialAction\":[{\"@type\":\"SearchAction\",\"target\":{\"@type\":\"EntryPoint\",\"urlTemplate\":\"https:\/\/www.coldcabinets.com\/tr\/?s={search_term_string}\"},\"query-input\":{\"@type\":\"PropertyValueSpecification\",\"valueRequired\":true,\"valueName\":\"search_term_string\"}}],\"inLanguage\":\"tr\"},{\"@type\":\"Organization\",\"@id\":\"https:\/\/www.coldcabinets.com\/tr\/#organization\",\"name\":\"Cold Cabinets - Refrigeration Cabinets, Dishwasher Equipment ,Ovens,Tea & Coffee Equipment , Cafe & Bar Equipment ,Main Kitchen Equipment ,Cold Rooms\",\"url\":\"https:\/\/www.coldcabinets.com\/tr\/\",\"logo\":{\"@type\":\"ImageObject\",\"inLanguage\":\"tr\",\"@id\":\"https:\/\/www.coldcabinets.com\/tr\/#\/schema\/logo\/image\/\",\"url\":\"https:\/\/www.coldcabinets.com\/wp-content\/uploads\/2022\/12\/cold-cabinets-logo@3x.png\",\"contentUrl\":\"https:\/\/www.coldcabinets.com\/wp-content\/uploads\/2022\/12\/cold-cabinets-logo@3x.png\",\"width\":1632,\"height\":536,\"caption\":\"Cold Cabinets - Refrigeration Cabinets, Dishwasher Equipment ,Ovens,Tea & Coffee Equipment , Cafe & Bar Equipment ,Main Kitchen Equipment ,Cold Rooms\"},\"image\":{\"@id\":\"https:\/\/www.coldcabinets.com\/tr\/#\/schema\/logo\/image\/\"},\"sameAs\":[\"https:\/\/www.linkedin.com\/company\/coldcabinets\/\"]}]}<\/script>\n<!-- \/ Yoast SEO plugin. -->","yoast_head_json":{"title":"KONVEY\u00d6RL\u00dc BULA\u015eIK MAK\u0130NES\u0130. SA\u011e G\u0130R\u0130\u015e\/KURU, OBK 1500 - Cold Cabinets Industrial Market &amp; Kitchen Equipment","robots":{"index":"index","follow":"follow","max-snippet":"max-snippet:-1","max-image-preview":"max-image-preview:large","max-video-preview":"max-video-preview:-1"},"canonical":"https:\/\/www.coldcabinets.com\/tr\/urun\/konveyorlu-bulasik-makinesi-sag-giris-kuru-obk-1500\/","og_locale":"tr_TR","og_type":"article","og_title":"KONVEY\u00d6RL\u00dc BULA\u015eIK MAK\u0130NES\u0130. SA\u011e G\u0130R\u0130\u015e\/KURU, OBK 1500 - Cold Cabinets Industrial Market &amp; Kitchen Equipment","og_description":"Y\u0131kama ve kazan tank\u0131 dahil paslanmaz \u00e7elik g\u00f6vde Hijyenik y\u0131kama tank\u0131 Saatte 100 sepet (Raf \u00f6l\u00e7\u00fcleri 50\u00d750 cm) Y\u00fcksek g\u00fc\u00e7l\u00fc bir fan sayesinde etkili kurutma D\u00f6ng\u00fc ba\u015f\u0131na 3 lt su t\u00fcketimi Otomatik, kullan\u0131c\u0131 dostu kontrol paneli Kurutuculu konvey\u00f6r sistemi ile s\u00fcrekli y\u0131kama Enerji, deterjan ve su tasarrufu sa\u011flar Paslanmaz \u00e7elik y\u0131kama kollar\u0131 Y\u00fckseklik optimizasyonu i\u00e7in ayarlanabilir ayaklar Kolay \u00e7al\u0131\u015ft\u0131rma: Kazan tank\u0131na su doldurmak ve \u0131s\u0131tmak i\u00e7in tek d\u00fc\u011fme Uluslararas\u0131 standartlara ve g\u00fcvenlik d\u00fczenlemelerine uygun elektrik bile\u015fenleri ve kablolama Bula\u015f\u0131k makinesi, IPX5 su korumas\u0131n\u0131 garanti etmek i\u00e7in tamamen s\u0131zd\u0131rmazd\u0131r Verimli y\u0131kama i\u00e7in termostat kontroll\u00fc durulama ve y\u0131kama s\u0131cakl\u0131klar\u0131 Geri d\u00f6n\u00fc\u015fs\u00fcz \u2013 \u00e7ek valf sistemi 55-60\u00b0C'de y\u0131kama s\u0131cakl\u0131\u011f\u0131 (su beslemesi minimum 2 bar ve 50\u00b0C'de) 80-85\u00b0C'de durulama s\u0131cakl\u0131\u011f\u0131 (minimum 2 bar ve 50\u00b0C'de su beslemesi) Sa\u011f tip","og_url":"https:\/\/www.coldcabinets.com\/tr\/urun\/konveyorlu-bulasik-makinesi-sag-giris-kuru-obk-1500\/","og_site_name":"Cold Cabinets Industrial Market &amp; Kitchen Equipment","article_modified_time":"2023-02-05T20:34:40+00:00","og_image":[{"width":1200,"height":1200,"url":"https:\/\/www.coldcabinets.com\/wp-content\/uploads\/2023\/01\/DISHWASHER-WITH-CONVEYOR.-RIGHT-ENTRY-DRY-OBK-1500.jpg","type":"image\/jpeg"}],"twitter_card":"summary_large_image","twitter_misc":{"Tahmini okuma s\u00fcresi":"1 dakika"},"schema":{"@context":"https:\/\/schema.org","@graph":[{"@type":"WebPage","@id":"https:\/\/www.coldcabinets.com\/tr\/urun\/konveyorlu-bulasik-makinesi-sag-giris-kuru-obk-1500\/","url":"https:\/\/www.coldcabinets.com\/tr\/urun\/konveyorlu-bulasik-makinesi-sag-giris-kuru-obk-1500\/","name":"KONVEY\u00d6RL\u00dc BULA\u015eIK MAK\u0130NES\u0130. SA\u011e G\u0130R\u0130\u015e\/KURU, OBK 1500 - Cold Cabinets Industrial Market &amp; Kitchen Equipment","isPartOf":{"@id":"https:\/\/www.coldcabinets.com\/tr\/#website"},"primaryImageOfPage":{"@id":"https:\/\/www.coldcabinets.com\/tr\/urun\/konveyorlu-bulasik-makinesi-sag-giris-kuru-obk-1500\/#primaryimage"},"image":{"@id":"https:\/\/www.coldcabinets.com\/tr\/urun\/konveyorlu-bulasik-makinesi-sag-giris-kuru-obk-1500\/#primaryimage"},"thumbnailUrl":"https:\/\/www.coldcabinets.com\/wp-content\/uploads\/2023\/01\/DISHWASHER-WITH-CONVEYOR.-RIGHT-ENTRY-DRY-OBK-1500.jpg","datePublished":"2023-01-16T11:01:02+00:00","dateModified":"2023-02-05T20:34:40+00:00","breadcrumb":{"@id":"https:\/\/www.coldcabinets.com\/tr\/urun\/konveyorlu-bulasik-makinesi-sag-giris-kuru-obk-1500\/#breadcrumb"},"inLanguage":"tr","potentialAction":[{"@type":"ReadAction","target":["https:\/\/www.coldcabinets.com\/tr\/urun\/konveyorlu-bulasik-makinesi-sag-giris-kuru-obk-1500\/"]}]},{"@type":"ImageObject","inLanguage":"tr","@id":"https:\/\/www.coldcabinets.com\/tr\/urun\/konveyorlu-bulasik-makinesi-sag-giris-kuru-obk-1500\/#primaryimage","url":"https:\/\/www.coldcabinets.com\/wp-content\/uploads\/2023\/01\/DISHWASHER-WITH-CONVEYOR.-RIGHT-ENTRY-DRY-OBK-1500.jpg","contentUrl":"https:\/\/www.coldcabinets.com\/wp-content\/uploads\/2023\/01\/DISHWASHER-WITH-CONVEYOR.-RIGHT-ENTRY-DRY-OBK-1500.jpg","width":1200,"height":1200},{"@type":"BreadcrumbList","@id":"https:\/\/www.coldcabinets.com\/tr\/urun\/konveyorlu-bulasik-makinesi-sag-giris-kuru-obk-1500\/#breadcrumb","itemListElement":[{"@type":"ListItem","position":1,"name":"Home","item":"https:\/\/www.coldcabinets.com\/tr\/shop-2\/"},{"@type":"ListItem","position":2,"name":"KONVEY\u00d6RL\u00dc BULA\u015eIK MAK\u0130NES\u0130. SA\u011e G\u0130R\u0130\u015e\/KURU, OBK 1500"}]},{"@type":"WebSite","@id":"https:\/\/www.coldcabinets.com\/tr\/#website","url":"https:\/\/www.coldcabinets.com\/tr\/","name":"Cold Cabinets Industrial Market Equipment","description":"Refrigeration Cabinets, Dishwasher Equipment ,Ovens,Tea &amp; Coffee Equipment , Cafe &amp; Bar Equipment, Main Kitchen Equipment, Cold Rooms","publisher":{"@id":"https:\/\/www.coldcabinets.com\/tr\/#organization"},"potentialAction":[{"@type":"SearchAction","target":{"@type":"EntryPoint","urlTemplate":"https:\/\/www.coldcabinets.com\/tr\/?s={search_term_string}"},"query-input":{"@type":"PropertyValueSpecification","valueRequired":true,"valueName":"search_term_string"}}],"inLanguage":"tr"},{"@type":"Organization","@id":"https:\/\/www.coldcabinets.com\/tr\/#organization","name":"Cold Cabinets - Refrigeration Cabinets, Dishwasher Equipment ,Ovens,Tea & Coffee Equipment , Cafe & Bar Equipment ,Main Kitchen Equipment ,Cold Rooms","url":"https:\/\/www.coldcabinets.com\/tr\/","logo":{"@type":"ImageObject","inLanguage":"tr","@id":"https:\/\/www.coldcabinets.com\/tr\/#\/schema\/logo\/image\/","url":"https:\/\/www.coldcabinets.com\/wp-content\/uploads\/2022\/12\/cold-cabinets-logo@3x.png","contentUrl":"https:\/\/www.coldcabinets.com\/wp-content\/uploads\/2022\/12\/cold-cabinets-logo@3x.png","width":1632,"height":536,"caption":"Cold Cabinets - Refrigeration Cabinets, Dishwasher Equipment ,Ovens,Tea & Coffee Equipment , Cafe & Bar Equipment ,Main Kitchen Equipment ,Cold Rooms"},"image":{"@id":"https:\/\/www.coldcabinets.com\/tr\/#\/schema\/logo\/image\/"},"sameAs":["https:\/\/www.linkedin.com\/company\/coldcabinets\/"]}]}},"_links":{"self":[{"href":"https:\/\/www.coldcabinets.com\/tr\/wp-json\/wp\/v2\/product\/10214","targetHints":{"allow":["GET"]}}],"collection":[{"href":"https:\/\/www.coldcabinets.com\/tr\/wp-json\/wp\/v2\/product"}],"about":[{"href":"https:\/\/www.coldcabinets.com\/tr\/wp-json\/wp\/v2\/types\/product"}],"replies":[{"embeddable":true,"href":"https:\/\/www.coldcabinets.com\/tr\/wp-json\/wp\/v2\/comments?post=10214"}],"version-history":[{"count":2,"href":"https:\/\/www.coldcabinets.com\/tr\/wp-json\/wp\/v2\/product\/10214\/revisions"}],"predecessor-version":[{"id":10216,"href":"https:\/\/www.coldcabinets.com\/tr\/wp-json\/wp\/v2\/product\/10214\/revisions\/10216"}],"wp:featuredmedia":[{"embeddable":true,"href":"https:\/\/www.coldcabinets.com\/tr\/wp-json\/wp\/v2\/media\/10098"}],"wp:attachment":[{"href":"https:\/\/www.coldcabinets.com\/tr\/wp-json\/wp\/v2\/media?parent=10214"}],"wp:term":[{"taxonomy":"product_brand","embeddable":true,"href":"https:\/\/www.coldcabinets.com\/tr\/wp-json\/wp\/v2\/product_brand?post=10214"},{"taxonomy":"product_cat","embeddable":true,"href":"https:\/\/www.coldcabinets.com\/tr\/wp-json\/wp\/v2\/product_cat?post=10214"},{"taxonomy":"product_tag","embeddable":true,"href":"https:\/\/www.coldcabinets.com\/tr\/wp-json\/wp\/v2\/product_tag?post=10214"}],"curies":[{"name":"wp","href":"https:\/\/api.w.org\/{rel}","templated":true}]}}