{"id":10974,"date":"2023-08-14T05:55:32","date_gmt":"2023-08-14T05:55:32","guid":{"rendered":"https:\/\/www.coldcabinets.com\/product\/conveyor-type-dishwasher-byk-220l-r\/"},"modified":"2023-09-10T09:17:04","modified_gmt":"2023-09-10T09:17:04","slug":"bandspulmaschine-byk-220l-r","status":"publish","type":"product","link":"https:\/\/www.coldcabinets.com\/de\/produkt\/bandspulmaschine-byk-220l-r\/","title":{"rendered":"Geschirrsp\u00fcler mit F\u00f6rderband &#8211; BYK 220L\/R"},"content":{"rendered":"<p><strong><u>ALLGEMEINE EIGENSCHAFTEN <\/u><\/strong><\/p>\n<p>* Elektromechanisch gesteuert ,<\/p>\n<p>* Doppelte Waschgeschwindigkeit (schnell- langsam),<\/p>\n<p>* Einfache Demontage\/Montage von Wasch-\/Sp\u00fclarmen und Filtern zu Reinigungszwecken ,<\/p>\n<p>* Geeignet zum Waschen von K\u00fcchenutensilien bis zu einer H\u00f6he von 480 mm;<\/p>\n<p>* Sicherheitssystem, um den Betrieb des Geschirrsp\u00fclers zu stoppen, wenn die T\u00fcr ge\u00f6ffnet wird ,<\/p>\n<p>* Rack-Abmessungen von 500&#215;500 mm,<\/p>\n<p>* Temperatursicherheitsthermostate f\u00fcr Heizkessel,<\/p>\n<p>* Temperatursicherheitsthermostate von gut,<\/p>\n<p>* Teile, die mit Wasser in Ber\u00fchrung kommen, hergestellt aus AISI 304 Cr-Ni s\/s Blech ,<\/p>\n<p>* 4 St\u00fcck Tellerst\u00e4nder,<\/p>\n<p>* 1 Besteckhalter,<\/p>\n<p>* 1 St\u00fcck Glasgestell,<\/p>\n<p>* Sonderausstattungen: Klarsp\u00fclerpumpe, Reinigerpumpe, Klarsp\u00fclerpumpe und W\u00e4rmer\u00fcckgewinnungssystem,<\/p>\n<p>* Der Wasserstand im Tank wird durch ein Vorschaltger\u00e4t automatisch geregelt ,<\/p>\n<p>*F\u00f6rdersystem, das durch einen Drehmechanismus angetrieben wird,<\/p>\n<p>* Digitale Thermometer zur Anzeige der Wassertemperatur ,<\/p>\n<p>*Geeignete H\u00f6he und Tiefe f\u00fcr den Einbau in die Ein- und Auslauftische, +<\/p>\n<p>*Modulares System (Waschen, Sp\u00fclen, Trocknen)<\/p>\n<p>&nbsp;<\/p>\n<p><strong><u>TECHNISCHE SPEZIFIKATIONEN <\/u><\/strong><\/p>\n<table class=\"Table\" cellspacing=\"0\">\n<tbody>\n<tr>\n<td>Wasserzulauf<\/td>\n<td>3\/4<\/td>\n<td>Zoll<\/td>\n<\/tr>\n<tr>\n<td>Wasserdruck<\/td>\n<td>2-4<\/td>\n<td>Bar<\/td>\n<\/tr>\n<tr>\n<td>Elektrischer Einlass<\/td>\n<td>380-50<\/td>\n<td>V-Hz.<\/td>\n<\/tr>\n<tr>\n<td>Leistung des Waschmotors<\/td>\n<td>1,5<\/td>\n<td>kW<\/td>\n<\/tr>\n<tr>\n<td>Leistung des Vorwaschmotors<\/td>\n<td>0,6<\/td>\n<td>kW<\/td>\n<\/tr>\n<tr>\n<td>Max. Elektrischer Strom<\/td>\n<td>34<\/td>\n<td>kW<\/td>\n<\/tr>\n<tr>\n<td>H\u00e4ufigkeit<\/td>\n<td>50-60<\/td>\n<td>Hz<\/td>\n<\/tr>\n<tr>\n<td>Wasserverbrauch<\/td>\n<td>4<\/td>\n<td>Lts\/cyc<\/td>\n<\/tr>\n<tr>\n<td>Leistung des Tanks<\/td>\n<td>8<\/td>\n<td>kW<\/td>\n<\/tr>\n<tr>\n<td>Kesselleistung<\/td>\n<td>24<\/td>\n<td>kW<\/td>\n<\/tr>\n<tr>\n<td>Leistung des Untersetzungsmotors<\/td>\n<td>0,55<\/td>\n<td>kW<\/td>\n<\/tr>\n<tr>\n<td>Waschtemperatur<\/td>\n<td>55<\/td>\n<td>\u00b0C<\/td>\n<\/tr>\n<tr>\n<td>Temperatur der Sp\u00fclung<\/td>\n<td>85<\/td>\n<td>\u00b0C<\/td>\n<\/tr>\n<tr>\n<td>Wasserzulauftemperatur<\/td>\n<td>45-50<\/td>\n<td>\u00b0C<\/td>\n<\/tr>\n<tr>\n<td>Kesselvolumen<\/td>\n<td>30<\/td>\n<td>lts<\/td>\n<\/tr>\n<tr>\n<td>Hauptwaschwassermenge<\/td>\n<td>125<\/td>\n<td>lts<\/td>\n<\/tr>\n<tr>\n<td>Wassermenge im Vorwaschbeh\u00e4lter<\/td>\n<td>54<\/td>\n<td>lts<\/td>\n<\/tr>\n<tr>\n<td>Fassungsverm\u00f6gen der Teller<\/td>\n<td>2200<\/td>\n<td>pcs\/h<\/td>\n<\/tr>\n<tr>\n<td>Fassungsverm\u00f6gen des Gestells<\/td>\n<td>155<\/td>\n<td>St\u00fcck\/h<\/td>\n<\/tr>\n<tr>\n<td>Fassungsverm\u00f6gen des Glases<\/td>\n<td>3875<\/td>\n<td>St\u00fcck\/h<\/td>\n<\/tr>\n<tr>\n<td>Fassungsverm\u00f6gen des Fachs<\/td>\n<td>1085<\/td>\n<td>St\u00fcck\/h<\/td>\n<\/tr>\n<tr>\n<td>Maximale H\u00f6he der Utensilien<\/td>\n<td>480<\/td>\n<td>mms<\/td>\n<\/tr>\n<tr>\n<td>Tellerh\u00f6he<\/td>\n<td>350<\/td>\n<td>mms<\/td>\n<\/tr>\n<tr>\n<td>Kabelabschnitt<\/td>\n<td>4&#215;16<\/td>\n<td>mm2<\/td>\n<\/tr>\n<tr>\n<td>Sp\u00fclen Motorleistung<\/td>\n<td>0,33<\/td>\n<td>kW<\/td>\n<\/tr>\n<\/tbody>\n<\/table>\n","protected":false},"excerpt":{"rendered":"<p>Unser innovativer Geschirrsp\u00fcler Diese Maschine bietet zwei Geschwindigkeitsstufen &#8211; schnell und langsam &#8211; und verf\u00fcgt \u00fcber leicht abnehmbare Wasch- und Sp\u00fclarme f\u00fcr eine m\u00fchelose Reinigung. Mit einer Kapazit\u00e4t zum Waschen von K\u00fcchenutensilien bis zu einer H\u00f6he von 480 mm bietet das Produkt vor allem Sicherheit, indem es den Betrieb automatisch stoppt, wenn die T\u00fcr ge\u00f6ffnet wird; Die Teile, die mit Wasser in Ber\u00fchrung kommen, sind aus rostfreiem Cr-Ni-Stahl AISI 304 gefertigt und bieten sowohl Langlebigkeit als auch Hygiene Mit einer Ablagefl\u00e4che von 500x500mm, unterst\u00fctzt von digitalen Thermometern zur \u00dcberwachung der Wassertemperatur und einem modularen Design, heben Sie Ihr Geschirrsp\u00fclerlebnis auf ein neues Niveau.<\/p>\n","protected":false},"featured_media":10892,"comment_status":"open","ping_status":"closed","template":"","meta":{"om_disable_all_campaigns":false,"_monsterinsights_skip_tracking":false,"_monsterinsights_sitenote_active":false,"_monsterinsights_sitenote_note":"","_monsterinsights_sitenote_category":0},"product_brand":[],"product_cat":[236],"product_tag":[260],"class_list":{"0":"post-10974","1":"product","2":"type-product","3":"status-publish","4":"has-post-thumbnail","6":"product_cat-forderer-waschen","7":"product_tag-geschirrspuler","9":"first","10":"instock","11":"shipping-taxable","12":"product-type-simple"},"yoast_head":"<!-- This site is optimized with the Yoast SEO plugin v25.2 - https:\/\/yoast.com\/wordpress\/plugins\/seo\/ -->\n<title>Geschirrsp\u00fcler mit F\u00f6rderband - BYK 220L\/R - Cold Cabinets Industrial Market &amp; Kitchen Equipment<\/title>\n<meta name=\"robots\" content=\"index, follow, max-snippet:-1, max-image-preview:large, max-video-preview:-1\" \/>\n<link rel=\"canonical\" href=\"https:\/\/www.coldcabinets.com\/de\/produkt\/bandspulmaschine-byk-220l-r\/\" \/>\n<meta property=\"og:locale\" content=\"de_DE\" \/>\n<meta property=\"og:type\" content=\"article\" \/>\n<meta property=\"og:title\" content=\"Geschirrsp\u00fcler mit F\u00f6rderband - BYK 220L\/R - Cold Cabinets Industrial Market &amp; Kitchen Equipment\" \/>\n<meta property=\"og:description\" content=\"Unser innovativer Geschirrsp\u00fcler Diese Maschine bietet zwei Geschwindigkeitsstufen - schnell und langsam - und verf\u00fcgt \u00fcber leicht abnehmbare Wasch- und Sp\u00fclarme f\u00fcr eine m\u00fchelose Reinigung. Mit einer Kapazit\u00e4t zum Waschen von K\u00fcchenutensilien bis zu einer H\u00f6he von 480 mm bietet das Produkt vor allem Sicherheit, indem es den Betrieb automatisch stoppt, wenn die T\u00fcr ge\u00f6ffnet wird; Die Teile, die mit Wasser in Ber\u00fchrung kommen, sind aus rostfreiem Cr-Ni-Stahl AISI 304 gefertigt und bieten sowohl Langlebigkeit als auch Hygiene Mit einer Ablagefl\u00e4che von 500x500mm, unterst\u00fctzt von digitalen Thermometern zur \u00dcberwachung der Wassertemperatur und einem modularen Design, heben Sie Ihr Geschirrsp\u00fclerlebnis auf ein neues Niveau.\" \/>\n<meta property=\"og:url\" content=\"https:\/\/www.coldcabinets.com\/de\/produkt\/bandspulmaschine-byk-220l-r\/\" \/>\n<meta property=\"og:site_name\" content=\"Cold Cabinets Industrial Market &amp; Kitchen Equipment\" \/>\n<meta property=\"article:modified_time\" content=\"2023-09-10T09:17:04+00:00\" \/>\n<meta property=\"og:image\" content=\"https:\/\/www.coldcabinets.com\/wp-content\/uploads\/2023\/08\/Conveyor-Type-Dishwasher-BYK-220LR-1.jpg\" \/>\n\t<meta property=\"og:image:width\" content=\"1200\" \/>\n\t<meta property=\"og:image:height\" content=\"1200\" \/>\n\t<meta property=\"og:image:type\" content=\"image\/jpeg\" \/>\n<meta name=\"twitter:card\" content=\"summary_large_image\" \/>\n<meta name=\"twitter:label1\" content=\"Gesch\u00e4tzte Lesezeit\" \/>\n\t<meta name=\"twitter:data1\" content=\"2\u00a0Minuten\" \/>\n<script type=\"application\/ld+json\" class=\"yoast-schema-graph\">{\"@context\":\"https:\/\/schema.org\",\"@graph\":[{\"@type\":\"WebPage\",\"@id\":\"https:\/\/www.coldcabinets.com\/de\/produkt\/bandspulmaschine-byk-220l-r\/\",\"url\":\"https:\/\/www.coldcabinets.com\/de\/produkt\/bandspulmaschine-byk-220l-r\/\",\"name\":\"Geschirrsp\u00fcler mit F\u00f6rderband - BYK 220L\/R - Cold Cabinets Industrial Market &amp; Kitchen Equipment\",\"isPartOf\":{\"@id\":\"https:\/\/www.coldcabinets.com\/de\/#website\"},\"primaryImageOfPage\":{\"@id\":\"https:\/\/www.coldcabinets.com\/de\/produkt\/bandspulmaschine-byk-220l-r\/#primaryimage\"},\"image\":{\"@id\":\"https:\/\/www.coldcabinets.com\/de\/produkt\/bandspulmaschine-byk-220l-r\/#primaryimage\"},\"thumbnailUrl\":\"https:\/\/www.coldcabinets.com\/wp-content\/uploads\/2023\/08\/Conveyor-Type-Dishwasher-BYK-220LR-1.jpg\",\"datePublished\":\"2023-08-14T05:55:32+00:00\",\"dateModified\":\"2023-09-10T09:17:04+00:00\",\"breadcrumb\":{\"@id\":\"https:\/\/www.coldcabinets.com\/de\/produkt\/bandspulmaschine-byk-220l-r\/#breadcrumb\"},\"inLanguage\":\"de\",\"potentialAction\":[{\"@type\":\"ReadAction\",\"target\":[\"https:\/\/www.coldcabinets.com\/de\/produkt\/bandspulmaschine-byk-220l-r\/\"]}]},{\"@type\":\"ImageObject\",\"inLanguage\":\"de\",\"@id\":\"https:\/\/www.coldcabinets.com\/de\/produkt\/bandspulmaschine-byk-220l-r\/#primaryimage\",\"url\":\"https:\/\/www.coldcabinets.com\/wp-content\/uploads\/2023\/08\/Conveyor-Type-Dishwasher-BYK-220LR-1.jpg\",\"contentUrl\":\"https:\/\/www.coldcabinets.com\/wp-content\/uploads\/2023\/08\/Conveyor-Type-Dishwasher-BYK-220LR-1.jpg\",\"width\":1200,\"height\":1200},{\"@type\":\"BreadcrumbList\",\"@id\":\"https:\/\/www.coldcabinets.com\/de\/produkt\/bandspulmaschine-byk-220l-r\/#breadcrumb\",\"itemListElement\":[{\"@type\":\"ListItem\",\"position\":1,\"name\":\"Home\",\"item\":\"https:\/\/www.coldcabinets.com\/de\/shop-2\/\"},{\"@type\":\"ListItem\",\"position\":2,\"name\":\"Geschirrsp\u00fcler mit F\u00f6rderband &#8211; BYK 220L\/R\"}]},{\"@type\":\"WebSite\",\"@id\":\"https:\/\/www.coldcabinets.com\/de\/#website\",\"url\":\"https:\/\/www.coldcabinets.com\/de\/\",\"name\":\"Cold Cabinets Industrial Market Equipment\",\"description\":\"Refrigeration Cabinets, Dishwasher Equipment ,Ovens,Tea &amp; Coffee Equipment , Cafe &amp; Bar Equipment, Main Kitchen Equipment, Cold Rooms\",\"publisher\":{\"@id\":\"https:\/\/www.coldcabinets.com\/de\/#organization\"},\"potentialAction\":[{\"@type\":\"SearchAction\",\"target\":{\"@type\":\"EntryPoint\",\"urlTemplate\":\"https:\/\/www.coldcabinets.com\/de\/?s={search_term_string}\"},\"query-input\":{\"@type\":\"PropertyValueSpecification\",\"valueRequired\":true,\"valueName\":\"search_term_string\"}}],\"inLanguage\":\"de\"},{\"@type\":\"Organization\",\"@id\":\"https:\/\/www.coldcabinets.com\/de\/#organization\",\"name\":\"Cold Cabinets - Refrigeration Cabinets, Dishwasher Equipment ,Ovens,Tea & Coffee Equipment , Cafe & Bar Equipment ,Main Kitchen Equipment ,Cold Rooms\",\"url\":\"https:\/\/www.coldcabinets.com\/de\/\",\"logo\":{\"@type\":\"ImageObject\",\"inLanguage\":\"de\",\"@id\":\"https:\/\/www.coldcabinets.com\/de\/#\/schema\/logo\/image\/\",\"url\":\"https:\/\/www.coldcabinets.com\/wp-content\/uploads\/2022\/12\/cold-cabinets-logo@3x.png\",\"contentUrl\":\"https:\/\/www.coldcabinets.com\/wp-content\/uploads\/2022\/12\/cold-cabinets-logo@3x.png\",\"width\":1632,\"height\":536,\"caption\":\"Cold Cabinets - Refrigeration Cabinets, Dishwasher Equipment ,Ovens,Tea & Coffee Equipment , Cafe & Bar Equipment ,Main Kitchen Equipment ,Cold Rooms\"},\"image\":{\"@id\":\"https:\/\/www.coldcabinets.com\/de\/#\/schema\/logo\/image\/\"},\"sameAs\":[\"https:\/\/www.linkedin.com\/company\/coldcabinets\/\"]}]}<\/script>\n<!-- \/ Yoast SEO plugin. -->","yoast_head_json":{"title":"Geschirrsp\u00fcler mit F\u00f6rderband - BYK 220L\/R - Cold Cabinets Industrial Market &amp; Kitchen Equipment","robots":{"index":"index","follow":"follow","max-snippet":"max-snippet:-1","max-image-preview":"max-image-preview:large","max-video-preview":"max-video-preview:-1"},"canonical":"https:\/\/www.coldcabinets.com\/de\/produkt\/bandspulmaschine-byk-220l-r\/","og_locale":"de_DE","og_type":"article","og_title":"Geschirrsp\u00fcler mit F\u00f6rderband - BYK 220L\/R - Cold Cabinets Industrial Market &amp; Kitchen Equipment","og_description":"Unser innovativer Geschirrsp\u00fcler Diese Maschine bietet zwei Geschwindigkeitsstufen - schnell und langsam - und verf\u00fcgt \u00fcber leicht abnehmbare Wasch- und Sp\u00fclarme f\u00fcr eine m\u00fchelose Reinigung. Mit einer Kapazit\u00e4t zum Waschen von K\u00fcchenutensilien bis zu einer H\u00f6he von 480 mm bietet das Produkt vor allem Sicherheit, indem es den Betrieb automatisch stoppt, wenn die T\u00fcr ge\u00f6ffnet wird; Die Teile, die mit Wasser in Ber\u00fchrung kommen, sind aus rostfreiem Cr-Ni-Stahl AISI 304 gefertigt und bieten sowohl Langlebigkeit als auch Hygiene Mit einer Ablagefl\u00e4che von 500x500mm, unterst\u00fctzt von digitalen Thermometern zur \u00dcberwachung der Wassertemperatur und einem modularen Design, heben Sie Ihr Geschirrsp\u00fclerlebnis auf ein neues Niveau.","og_url":"https:\/\/www.coldcabinets.com\/de\/produkt\/bandspulmaschine-byk-220l-r\/","og_site_name":"Cold Cabinets Industrial Market &amp; Kitchen Equipment","article_modified_time":"2023-09-10T09:17:04+00:00","og_image":[{"width":1200,"height":1200,"url":"https:\/\/www.coldcabinets.com\/wp-content\/uploads\/2023\/08\/Conveyor-Type-Dishwasher-BYK-220LR-1.jpg","type":"image\/jpeg"}],"twitter_card":"summary_large_image","twitter_misc":{"Gesch\u00e4tzte Lesezeit":"2\u00a0Minuten"},"schema":{"@context":"https:\/\/schema.org","@graph":[{"@type":"WebPage","@id":"https:\/\/www.coldcabinets.com\/de\/produkt\/bandspulmaschine-byk-220l-r\/","url":"https:\/\/www.coldcabinets.com\/de\/produkt\/bandspulmaschine-byk-220l-r\/","name":"Geschirrsp\u00fcler mit F\u00f6rderband - BYK 220L\/R - Cold Cabinets Industrial Market &amp; Kitchen Equipment","isPartOf":{"@id":"https:\/\/www.coldcabinets.com\/de\/#website"},"primaryImageOfPage":{"@id":"https:\/\/www.coldcabinets.com\/de\/produkt\/bandspulmaschine-byk-220l-r\/#primaryimage"},"image":{"@id":"https:\/\/www.coldcabinets.com\/de\/produkt\/bandspulmaschine-byk-220l-r\/#primaryimage"},"thumbnailUrl":"https:\/\/www.coldcabinets.com\/wp-content\/uploads\/2023\/08\/Conveyor-Type-Dishwasher-BYK-220LR-1.jpg","datePublished":"2023-08-14T05:55:32+00:00","dateModified":"2023-09-10T09:17:04+00:00","breadcrumb":{"@id":"https:\/\/www.coldcabinets.com\/de\/produkt\/bandspulmaschine-byk-220l-r\/#breadcrumb"},"inLanguage":"de","potentialAction":[{"@type":"ReadAction","target":["https:\/\/www.coldcabinets.com\/de\/produkt\/bandspulmaschine-byk-220l-r\/"]}]},{"@type":"ImageObject","inLanguage":"de","@id":"https:\/\/www.coldcabinets.com\/de\/produkt\/bandspulmaschine-byk-220l-r\/#primaryimage","url":"https:\/\/www.coldcabinets.com\/wp-content\/uploads\/2023\/08\/Conveyor-Type-Dishwasher-BYK-220LR-1.jpg","contentUrl":"https:\/\/www.coldcabinets.com\/wp-content\/uploads\/2023\/08\/Conveyor-Type-Dishwasher-BYK-220LR-1.jpg","width":1200,"height":1200},{"@type":"BreadcrumbList","@id":"https:\/\/www.coldcabinets.com\/de\/produkt\/bandspulmaschine-byk-220l-r\/#breadcrumb","itemListElement":[{"@type":"ListItem","position":1,"name":"Home","item":"https:\/\/www.coldcabinets.com\/de\/shop-2\/"},{"@type":"ListItem","position":2,"name":"Geschirrsp\u00fcler mit F\u00f6rderband &#8211; BYK 220L\/R"}]},{"@type":"WebSite","@id":"https:\/\/www.coldcabinets.com\/de\/#website","url":"https:\/\/www.coldcabinets.com\/de\/","name":"Cold Cabinets Industrial Market Equipment","description":"Refrigeration Cabinets, Dishwasher Equipment ,Ovens,Tea &amp; Coffee Equipment , Cafe &amp; Bar Equipment, Main Kitchen Equipment, Cold Rooms","publisher":{"@id":"https:\/\/www.coldcabinets.com\/de\/#organization"},"potentialAction":[{"@type":"SearchAction","target":{"@type":"EntryPoint","urlTemplate":"https:\/\/www.coldcabinets.com\/de\/?s={search_term_string}"},"query-input":{"@type":"PropertyValueSpecification","valueRequired":true,"valueName":"search_term_string"}}],"inLanguage":"de"},{"@type":"Organization","@id":"https:\/\/www.coldcabinets.com\/de\/#organization","name":"Cold Cabinets - Refrigeration Cabinets, Dishwasher Equipment ,Ovens,Tea & Coffee Equipment , Cafe & Bar Equipment ,Main Kitchen Equipment ,Cold Rooms","url":"https:\/\/www.coldcabinets.com\/de\/","logo":{"@type":"ImageObject","inLanguage":"de","@id":"https:\/\/www.coldcabinets.com\/de\/#\/schema\/logo\/image\/","url":"https:\/\/www.coldcabinets.com\/wp-content\/uploads\/2022\/12\/cold-cabinets-logo@3x.png","contentUrl":"https:\/\/www.coldcabinets.com\/wp-content\/uploads\/2022\/12\/cold-cabinets-logo@3x.png","width":1632,"height":536,"caption":"Cold Cabinets - Refrigeration Cabinets, Dishwasher Equipment ,Ovens,Tea & Coffee Equipment , Cafe & Bar Equipment ,Main Kitchen Equipment ,Cold Rooms"},"image":{"@id":"https:\/\/www.coldcabinets.com\/de\/#\/schema\/logo\/image\/"},"sameAs":["https:\/\/www.linkedin.com\/company\/coldcabinets\/"]}]}},"_links":{"self":[{"href":"https:\/\/www.coldcabinets.com\/de\/wp-json\/wp\/v2\/product\/10974","targetHints":{"allow":["GET"]}}],"collection":[{"href":"https:\/\/www.coldcabinets.com\/de\/wp-json\/wp\/v2\/product"}],"about":[{"href":"https:\/\/www.coldcabinets.com\/de\/wp-json\/wp\/v2\/types\/product"}],"replies":[{"embeddable":true,"href":"https:\/\/www.coldcabinets.com\/de\/wp-json\/wp\/v2\/comments?post=10974"}],"version-history":[{"count":1,"href":"https:\/\/www.coldcabinets.com\/de\/wp-json\/wp\/v2\/product\/10974\/revisions"}],"predecessor-version":[{"id":12061,"href":"https:\/\/www.coldcabinets.com\/de\/wp-json\/wp\/v2\/product\/10974\/revisions\/12061"}],"wp:featuredmedia":[{"embeddable":true,"href":"https:\/\/www.coldcabinets.com\/de\/wp-json\/wp\/v2\/media\/10892"}],"wp:attachment":[{"href":"https:\/\/www.coldcabinets.com\/de\/wp-json\/wp\/v2\/media?parent=10974"}],"wp:term":[{"taxonomy":"product_brand","embeddable":true,"href":"https:\/\/www.coldcabinets.com\/de\/wp-json\/wp\/v2\/product_brand?post=10974"},{"taxonomy":"product_cat","embeddable":true,"href":"https:\/\/www.coldcabinets.com\/de\/wp-json\/wp\/v2\/product_cat?post=10974"},{"taxonomy":"product_tag","embeddable":true,"href":"https:\/\/www.coldcabinets.com\/de\/wp-json\/wp\/v2\/product_tag?post=10974"}],"curies":[{"name":"wp","href":"https:\/\/api.w.org\/{rel}","templated":true}]}}