{"id":10631,"date":"2023-01-02T13:46:42","date_gmt":"2023-01-02T13:46:42","guid":{"rendered":"https:\/\/www.coldcabinets.com\/product\/lepus-multideck-vertical-refrigeration-cabinets\/"},"modified":"2023-09-10T09:27:25","modified_gmt":"2023-09-10T09:27:25","slug":"lepus-multideck-vertikale-kuhlschranke","status":"publish","type":"product","link":"https:\/\/www.coldcabinets.com\/de\/produkt\/lepus-multideck-vertikale-kuhlschranke\/","title":{"rendered":"Lepus Multideck Vertikal-K\u00fchlschrank"},"content":{"rendered":"<p><strong>HAUPTMERKMALE<\/strong><\/p>\n<ul>\n<li>Vertikale Vitrinen f\u00fcr Fernbedienungen<\/li>\n<li>Temperaturbereich: 3M1-3M2-3H0<\/li>\n<li>Umweltfreundlicher K\u00f6rper aus Cyclopentan-Polyurethan<\/li>\n<li>Zuverl\u00e4ssiges K\u00fchlsystem<\/li>\n<li>Einfach multiplexierbar<\/li>\n<li>Maximaler Anzeigebereich<\/li>\n<li>Einfache Reinigung<\/li>\n<\/ul>\n<p><strong>OPTIONEN<\/strong><\/p>\n<ul>\n<li>Elektronische Steuerung<\/li>\n<li>Motorisierte Nachtrollos<\/li>\n<li>Spiegel \/ Doppelt verglaste Seitenw\u00e4nde<\/li>\n<li>Doppelglas-Dreh-\/Schiebet\u00fcren oder Einfachglast\u00fcren<\/li>\n<li>Verstellbare Einlegeb\u00f6den<\/li>\n<\/ul>\n<p><img fetchpriority=\"high\" decoding=\"async\" class=\"alignnone wp-image-542 size-full\" src=\"http:\/\/www.coldcabinets.com\/wp-content\/uploads\/2023\/01\/lepusMultideckscataloguespecifications-2.png\" alt=\"\" width=\"2400\" height=\"1554\" srcset=\"https:\/\/www.coldcabinets.com\/wp-content\/uploads\/2023\/01\/lepusMultideckscataloguespecifications-2.png 2400w, https:\/\/www.coldcabinets.com\/wp-content\/uploads\/2023\/01\/lepusMultideckscataloguespecifications-2-430x278.png 430w, https:\/\/www.coldcabinets.com\/wp-content\/uploads\/2023\/01\/lepusMultideckscataloguespecifications-2-150x97.png 150w, https:\/\/www.coldcabinets.com\/wp-content\/uploads\/2023\/01\/lepusMultideckscataloguespecifications-2-700x453.png 700w, https:\/\/www.coldcabinets.com\/wp-content\/uploads\/2023\/01\/lepusMultideckscataloguespecifications-2-300x194.png 300w, https:\/\/www.coldcabinets.com\/wp-content\/uploads\/2023\/01\/lepusMultideckscataloguespecifications-2-1024x663.png 1024w, https:\/\/www.coldcabinets.com\/wp-content\/uploads\/2023\/01\/lepusMultideckscataloguespecifications-2-768x497.png 768w, https:\/\/www.coldcabinets.com\/wp-content\/uploads\/2023\/01\/lepusMultideckscataloguespecifications-2-1536x995.png 1536w, https:\/\/www.coldcabinets.com\/wp-content\/uploads\/2023\/01\/lepusMultideckscataloguespecifications-2-2048x1326.png 2048w\" sizes=\"(max-width: 2400px) 100vw, 2400px\" \/><\/p>\n","protected":false},"excerpt":{"rendered":"<p>Multidecks in verschiedenen Tiefen und Ausf\u00fchrungen, so dass wir den genauen Anforderungen der Werkstatt gerecht werden k\u00f6nnen; Durch die gro\u00dfe Auswahl an Modellen gelingt es uns, verschiedene Arten von Schr\u00e4nken in sch\u00f6nen \u00dcberg\u00e4ngen zu kombinieren; Das minimalistische Design erm\u00f6glicht es uns, eine kontinuierliche Reihe von verschiedenen Modellen mit gro\u00dfer Harmonie zu haben Mit zahlreichen Funktionen und Zubeh\u00f6rteilen erf\u00fcllt das Sortiment mit voller und halber H\u00f6he alle Ihre individuellen Bed\u00fcrfnisse;<\/p>\n","protected":false},"featured_media":8767,"comment_status":"open","ping_status":"closed","template":"","meta":{"om_disable_all_campaigns":false,"_monsterinsights_skip_tracking":false,"_monsterinsights_sitenote_active":false,"_monsterinsights_sitenote_note":"","_monsterinsights_sitenote_category":0},"product_brand":[],"product_cat":[240,246],"product_tag":[254],"class_list":{"0":"post-10631","1":"product","2":"type-product","3":"status-publish","4":"has-post-thumbnail","6":"product_cat-kuhlschranke","7":"product_cat-vertikale-kuhlschranke","8":"product_tag-kuhlschranke","10":"first","11":"instock","12":"shipping-taxable","13":"product-type-simple"},"yoast_head":"<!-- This site is optimized with the Yoast SEO plugin v25.2 - https:\/\/yoast.com\/wordpress\/plugins\/seo\/ -->\n<title>Lepus Multideck Vertikal-K\u00fchlschrank - Cold Cabinets Industrial Market &amp; Kitchen Equipment<\/title>\n<meta name=\"robots\" content=\"index, follow, max-snippet:-1, max-image-preview:large, max-video-preview:-1\" \/>\n<link rel=\"canonical\" href=\"https:\/\/www.coldcabinets.com\/de\/produkt\/lepus-multideck-vertikale-kuhlschranke\/\" \/>\n<meta property=\"og:locale\" content=\"de_DE\" \/>\n<meta property=\"og:type\" content=\"article\" \/>\n<meta property=\"og:title\" content=\"Lepus Multideck Vertikal-K\u00fchlschrank - Cold Cabinets Industrial Market &amp; Kitchen Equipment\" \/>\n<meta property=\"og:description\" content=\"Multidecks in verschiedenen Tiefen und Ausf\u00fchrungen, so dass wir den genauen Anforderungen der Werkstatt gerecht werden k\u00f6nnen; Durch die gro\u00dfe Auswahl an Modellen gelingt es uns, verschiedene Arten von Schr\u00e4nken in sch\u00f6nen \u00dcberg\u00e4ngen zu kombinieren; Das minimalistische Design erm\u00f6glicht es uns, eine kontinuierliche Reihe von verschiedenen Modellen mit gro\u00dfer Harmonie zu haben Mit zahlreichen Funktionen und Zubeh\u00f6rteilen erf\u00fcllt das Sortiment mit voller und halber H\u00f6he alle Ihre individuellen Bed\u00fcrfnisse;\" \/>\n<meta property=\"og:url\" content=\"https:\/\/www.coldcabinets.com\/de\/produkt\/lepus-multideck-vertikale-kuhlschranke\/\" \/>\n<meta property=\"og:site_name\" content=\"Cold Cabinets Industrial Market &amp; Kitchen Equipment\" \/>\n<meta property=\"article:modified_time\" content=\"2023-09-10T09:27:25+00:00\" \/>\n<meta property=\"og:image\" content=\"https:\/\/www.coldcabinets.com\/wp-content\/uploads\/2023\/01\/Libra-Multideck-Vertical-Refrigeration-Cabinets\u200b2.jpg\" \/>\n\t<meta property=\"og:image:width\" content=\"1200\" \/>\n\t<meta property=\"og:image:height\" content=\"1200\" \/>\n\t<meta property=\"og:image:type\" content=\"image\/jpeg\" \/>\n<meta name=\"twitter:card\" content=\"summary_large_image\" \/>\n<meta name=\"twitter:label1\" content=\"Gesch\u00e4tzte Lesezeit\" \/>\n\t<meta name=\"twitter:data1\" content=\"1\u00a0Minute\" \/>\n<script type=\"application\/ld+json\" class=\"yoast-schema-graph\">{\"@context\":\"https:\/\/schema.org\",\"@graph\":[{\"@type\":\"WebPage\",\"@id\":\"https:\/\/www.coldcabinets.com\/de\/produkt\/lepus-multideck-vertikale-kuhlschranke\/\",\"url\":\"https:\/\/www.coldcabinets.com\/de\/produkt\/lepus-multideck-vertikale-kuhlschranke\/\",\"name\":\"Lepus Multideck Vertikal-K\u00fchlschrank - Cold Cabinets Industrial Market &amp; Kitchen Equipment\",\"isPartOf\":{\"@id\":\"https:\/\/www.coldcabinets.com\/de\/#website\"},\"primaryImageOfPage\":{\"@id\":\"https:\/\/www.coldcabinets.com\/de\/produkt\/lepus-multideck-vertikale-kuhlschranke\/#primaryimage\"},\"image\":{\"@id\":\"https:\/\/www.coldcabinets.com\/de\/produkt\/lepus-multideck-vertikale-kuhlschranke\/#primaryimage\"},\"thumbnailUrl\":\"https:\/\/www.coldcabinets.com\/wp-content\/uploads\/2023\/01\/Libra-Multideck-Vertical-Refrigeration-Cabinets\u200b2.jpg\",\"datePublished\":\"2023-01-02T13:46:42+00:00\",\"dateModified\":\"2023-09-10T09:27:25+00:00\",\"breadcrumb\":{\"@id\":\"https:\/\/www.coldcabinets.com\/de\/produkt\/lepus-multideck-vertikale-kuhlschranke\/#breadcrumb\"},\"inLanguage\":\"de\",\"potentialAction\":[{\"@type\":\"ReadAction\",\"target\":[\"https:\/\/www.coldcabinets.com\/de\/produkt\/lepus-multideck-vertikale-kuhlschranke\/\"]}]},{\"@type\":\"ImageObject\",\"inLanguage\":\"de\",\"@id\":\"https:\/\/www.coldcabinets.com\/de\/produkt\/lepus-multideck-vertikale-kuhlschranke\/#primaryimage\",\"url\":\"https:\/\/www.coldcabinets.com\/wp-content\/uploads\/2023\/01\/Libra-Multideck-Vertical-Refrigeration-Cabinets\u200b2.jpg\",\"contentUrl\":\"https:\/\/www.coldcabinets.com\/wp-content\/uploads\/2023\/01\/Libra-Multideck-Vertical-Refrigeration-Cabinets\u200b2.jpg\",\"width\":1200,\"height\":1200},{\"@type\":\"BreadcrumbList\",\"@id\":\"https:\/\/www.coldcabinets.com\/de\/produkt\/lepus-multideck-vertikale-kuhlschranke\/#breadcrumb\",\"itemListElement\":[{\"@type\":\"ListItem\",\"position\":1,\"name\":\"Home\",\"item\":\"https:\/\/www.coldcabinets.com\/de\/shop-2\/\"},{\"@type\":\"ListItem\",\"position\":2,\"name\":\"Lepus Multideck Vertikal-K\u00fchlschrank\"}]},{\"@type\":\"WebSite\",\"@id\":\"https:\/\/www.coldcabinets.com\/de\/#website\",\"url\":\"https:\/\/www.coldcabinets.com\/de\/\",\"name\":\"Cold Cabinets Industrial Market Equipment\",\"description\":\"Refrigeration Cabinets, Dishwasher Equipment ,Ovens,Tea &amp; Coffee Equipment , Cafe &amp; Bar Equipment, Main Kitchen Equipment, Cold Rooms\",\"publisher\":{\"@id\":\"https:\/\/www.coldcabinets.com\/de\/#organization\"},\"potentialAction\":[{\"@type\":\"SearchAction\",\"target\":{\"@type\":\"EntryPoint\",\"urlTemplate\":\"https:\/\/www.coldcabinets.com\/de\/?s={search_term_string}\"},\"query-input\":{\"@type\":\"PropertyValueSpecification\",\"valueRequired\":true,\"valueName\":\"search_term_string\"}}],\"inLanguage\":\"de\"},{\"@type\":\"Organization\",\"@id\":\"https:\/\/www.coldcabinets.com\/de\/#organization\",\"name\":\"Cold Cabinets - Refrigeration Cabinets, Dishwasher Equipment ,Ovens,Tea & Coffee Equipment , Cafe & Bar Equipment ,Main Kitchen Equipment ,Cold Rooms\",\"url\":\"https:\/\/www.coldcabinets.com\/de\/\",\"logo\":{\"@type\":\"ImageObject\",\"inLanguage\":\"de\",\"@id\":\"https:\/\/www.coldcabinets.com\/de\/#\/schema\/logo\/image\/\",\"url\":\"https:\/\/www.coldcabinets.com\/wp-content\/uploads\/2022\/12\/cold-cabinets-logo@3x.png\",\"contentUrl\":\"https:\/\/www.coldcabinets.com\/wp-content\/uploads\/2022\/12\/cold-cabinets-logo@3x.png\",\"width\":1632,\"height\":536,\"caption\":\"Cold Cabinets - Refrigeration Cabinets, Dishwasher Equipment ,Ovens,Tea & Coffee Equipment , Cafe & Bar Equipment ,Main Kitchen Equipment ,Cold Rooms\"},\"image\":{\"@id\":\"https:\/\/www.coldcabinets.com\/de\/#\/schema\/logo\/image\/\"},\"sameAs\":[\"https:\/\/www.linkedin.com\/company\/coldcabinets\/\"]}]}<\/script>\n<!-- \/ Yoast SEO plugin. -->","yoast_head_json":{"title":"Lepus Multideck Vertikal-K\u00fchlschrank - Cold Cabinets Industrial Market &amp; Kitchen Equipment","robots":{"index":"index","follow":"follow","max-snippet":"max-snippet:-1","max-image-preview":"max-image-preview:large","max-video-preview":"max-video-preview:-1"},"canonical":"https:\/\/www.coldcabinets.com\/de\/produkt\/lepus-multideck-vertikale-kuhlschranke\/","og_locale":"de_DE","og_type":"article","og_title":"Lepus Multideck Vertikal-K\u00fchlschrank - Cold Cabinets Industrial Market &amp; Kitchen Equipment","og_description":"Multidecks in verschiedenen Tiefen und Ausf\u00fchrungen, so dass wir den genauen Anforderungen der Werkstatt gerecht werden k\u00f6nnen; Durch die gro\u00dfe Auswahl an Modellen gelingt es uns, verschiedene Arten von Schr\u00e4nken in sch\u00f6nen \u00dcberg\u00e4ngen zu kombinieren; Das minimalistische Design erm\u00f6glicht es uns, eine kontinuierliche Reihe von verschiedenen Modellen mit gro\u00dfer Harmonie zu haben Mit zahlreichen Funktionen und Zubeh\u00f6rteilen erf\u00fcllt das Sortiment mit voller und halber H\u00f6he alle Ihre individuellen Bed\u00fcrfnisse;","og_url":"https:\/\/www.coldcabinets.com\/de\/produkt\/lepus-multideck-vertikale-kuhlschranke\/","og_site_name":"Cold Cabinets Industrial Market &amp; Kitchen Equipment","article_modified_time":"2023-09-10T09:27:25+00:00","og_image":[{"width":1200,"height":1200,"url":"https:\/\/www.coldcabinets.com\/wp-content\/uploads\/2023\/01\/Libra-Multideck-Vertical-Refrigeration-Cabinets\u200b2.jpg","type":"image\/jpeg"}],"twitter_card":"summary_large_image","twitter_misc":{"Gesch\u00e4tzte Lesezeit":"1\u00a0Minute"},"schema":{"@context":"https:\/\/schema.org","@graph":[{"@type":"WebPage","@id":"https:\/\/www.coldcabinets.com\/de\/produkt\/lepus-multideck-vertikale-kuhlschranke\/","url":"https:\/\/www.coldcabinets.com\/de\/produkt\/lepus-multideck-vertikale-kuhlschranke\/","name":"Lepus Multideck Vertikal-K\u00fchlschrank - Cold Cabinets Industrial Market &amp; Kitchen Equipment","isPartOf":{"@id":"https:\/\/www.coldcabinets.com\/de\/#website"},"primaryImageOfPage":{"@id":"https:\/\/www.coldcabinets.com\/de\/produkt\/lepus-multideck-vertikale-kuhlschranke\/#primaryimage"},"image":{"@id":"https:\/\/www.coldcabinets.com\/de\/produkt\/lepus-multideck-vertikale-kuhlschranke\/#primaryimage"},"thumbnailUrl":"https:\/\/www.coldcabinets.com\/wp-content\/uploads\/2023\/01\/Libra-Multideck-Vertical-Refrigeration-Cabinets\u200b2.jpg","datePublished":"2023-01-02T13:46:42+00:00","dateModified":"2023-09-10T09:27:25+00:00","breadcrumb":{"@id":"https:\/\/www.coldcabinets.com\/de\/produkt\/lepus-multideck-vertikale-kuhlschranke\/#breadcrumb"},"inLanguage":"de","potentialAction":[{"@type":"ReadAction","target":["https:\/\/www.coldcabinets.com\/de\/produkt\/lepus-multideck-vertikale-kuhlschranke\/"]}]},{"@type":"ImageObject","inLanguage":"de","@id":"https:\/\/www.coldcabinets.com\/de\/produkt\/lepus-multideck-vertikale-kuhlschranke\/#primaryimage","url":"https:\/\/www.coldcabinets.com\/wp-content\/uploads\/2023\/01\/Libra-Multideck-Vertical-Refrigeration-Cabinets\u200b2.jpg","contentUrl":"https:\/\/www.coldcabinets.com\/wp-content\/uploads\/2023\/01\/Libra-Multideck-Vertical-Refrigeration-Cabinets\u200b2.jpg","width":1200,"height":1200},{"@type":"BreadcrumbList","@id":"https:\/\/www.coldcabinets.com\/de\/produkt\/lepus-multideck-vertikale-kuhlschranke\/#breadcrumb","itemListElement":[{"@type":"ListItem","position":1,"name":"Home","item":"https:\/\/www.coldcabinets.com\/de\/shop-2\/"},{"@type":"ListItem","position":2,"name":"Lepus Multideck Vertikal-K\u00fchlschrank"}]},{"@type":"WebSite","@id":"https:\/\/www.coldcabinets.com\/de\/#website","url":"https:\/\/www.coldcabinets.com\/de\/","name":"Cold Cabinets Industrial Market Equipment","description":"Refrigeration Cabinets, Dishwasher Equipment ,Ovens,Tea &amp; Coffee Equipment , Cafe &amp; Bar Equipment, Main Kitchen Equipment, Cold Rooms","publisher":{"@id":"https:\/\/www.coldcabinets.com\/de\/#organization"},"potentialAction":[{"@type":"SearchAction","target":{"@type":"EntryPoint","urlTemplate":"https:\/\/www.coldcabinets.com\/de\/?s={search_term_string}"},"query-input":{"@type":"PropertyValueSpecification","valueRequired":true,"valueName":"search_term_string"}}],"inLanguage":"de"},{"@type":"Organization","@id":"https:\/\/www.coldcabinets.com\/de\/#organization","name":"Cold Cabinets - Refrigeration Cabinets, Dishwasher Equipment ,Ovens,Tea & Coffee Equipment , Cafe & Bar Equipment ,Main Kitchen Equipment ,Cold Rooms","url":"https:\/\/www.coldcabinets.com\/de\/","logo":{"@type":"ImageObject","inLanguage":"de","@id":"https:\/\/www.coldcabinets.com\/de\/#\/schema\/logo\/image\/","url":"https:\/\/www.coldcabinets.com\/wp-content\/uploads\/2022\/12\/cold-cabinets-logo@3x.png","contentUrl":"https:\/\/www.coldcabinets.com\/wp-content\/uploads\/2022\/12\/cold-cabinets-logo@3x.png","width":1632,"height":536,"caption":"Cold Cabinets - Refrigeration Cabinets, Dishwasher Equipment ,Ovens,Tea & Coffee Equipment , Cafe & Bar Equipment ,Main Kitchen Equipment ,Cold Rooms"},"image":{"@id":"https:\/\/www.coldcabinets.com\/de\/#\/schema\/logo\/image\/"},"sameAs":["https:\/\/www.linkedin.com\/company\/coldcabinets\/"]}]}},"_links":{"self":[{"href":"https:\/\/www.coldcabinets.com\/de\/wp-json\/wp\/v2\/product\/10631","targetHints":{"allow":["GET"]}}],"collection":[{"href":"https:\/\/www.coldcabinets.com\/de\/wp-json\/wp\/v2\/product"}],"about":[{"href":"https:\/\/www.coldcabinets.com\/de\/wp-json\/wp\/v2\/types\/product"}],"replies":[{"embeddable":true,"href":"https:\/\/www.coldcabinets.com\/de\/wp-json\/wp\/v2\/comments?post=10631"}],"version-history":[{"count":1,"href":"https:\/\/www.coldcabinets.com\/de\/wp-json\/wp\/v2\/product\/10631\/revisions"}],"predecessor-version":[{"id":12084,"href":"https:\/\/www.coldcabinets.com\/de\/wp-json\/wp\/v2\/product\/10631\/revisions\/12084"}],"wp:featuredmedia":[{"embeddable":true,"href":"https:\/\/www.coldcabinets.com\/de\/wp-json\/wp\/v2\/media\/8767"}],"wp:attachment":[{"href":"https:\/\/www.coldcabinets.com\/de\/wp-json\/wp\/v2\/media?parent=10631"}],"wp:term":[{"taxonomy":"product_brand","embeddable":true,"href":"https:\/\/www.coldcabinets.com\/de\/wp-json\/wp\/v2\/product_brand?post=10631"},{"taxonomy":"product_cat","embeddable":true,"href":"https:\/\/www.coldcabinets.com\/de\/wp-json\/wp\/v2\/product_cat?post=10631"},{"taxonomy":"product_tag","embeddable":true,"href":"https:\/\/www.coldcabinets.com\/de\/wp-json\/wp\/v2\/product_tag?post=10631"}],"curies":[{"name":"wp","href":"https:\/\/api.w.org\/{rel}","templated":true}]}}