{"id":10627,"date":"2023-01-02T11:29:36","date_gmt":"2023-01-02T11:29:36","guid":{"rendered":"https:\/\/www.coldcabinets.com\/product\/gn-600-nmw-single-inox-door-vertical-type-refrigerator\/"},"modified":"2023-09-10T09:27:08","modified_gmt":"2023-09-10T09:27:08","slug":"gn-600-nmw-einzel-inox-tur-vertikaler-kuhlschrank","status":"publish","type":"product","link":"https:\/\/www.coldcabinets.com\/de\/produkt\/gn-600-nmw-einzel-inox-tur-vertikaler-kuhlschrank\/","title":{"rendered":"GN 600 NMW Vertikaler K\u00fchlschrank mit einer Inox-T\u00fcr"},"content":{"rendered":"<ul class=\"pl-3\">\n<li class=\"mt-2\">\n<table class=\"table table-lg table-flush\">\n<tbody>\n<tr>\n<th class=\"pl-0 py-2 pr-2\">Produkt-Code<\/th>\n<td class=\"py-2 pr-2\">7919.06NMV.00<\/td>\n<\/tr>\n<tr>\n<th class=\"pl-0 py-2 pr-2\">Produktname<\/th>\n<td class=\"py-2 pr-2\">GN 600 NMW Vertikaler K\u00fchlschrank mit einer Inox-T\u00fcr<\/td>\n<\/tr>\n<tr>\n<th class=\"pl-0 py-2 pr-2\">Modellnummerme<\/th>\n<td class=\"py-2 pr-2\">GN 600.00 NMV<\/td>\n<\/tr>\n<tr>\n<th class=\"pl-0 py-2 pr-2\">Produkttyp<\/th>\n<td class=\"py-2 pr-2\">Elektrisch<\/td>\n<\/tr>\n<tr>\n<th class=\"pl-0 py-2 pr-2\">Marke<\/th>\n<td class=\"py-2 pr-2\">OZTI<\/td>\n<\/tr>\n<tr>\n<th class=\"pl-0 py-2 pr-2\">Breite<\/th>\n<td class=\"py-2 pr-2\">840<\/td>\n<\/tr>\n<tr>\n<th class=\"pl-0 py-2 pr-2\">L\u00e4nge<\/th>\n<td class=\"py-2 pr-2\">690<\/td>\n<\/tr>\n<tr>\n<th class=\"pl-0 py-2 pr-2\">H\u00f6he<\/th>\n<td class=\"py-2 pr-2\">2.100<\/td>\n<\/tr>\n<tr>\n<th class=\"pl-0 py-2 pr-2\">Reingewicht<\/th>\n<td class=\"py-2 pr-2\">116<\/td>\n<\/tr>\n<tr>\n<th class=\"pl-0 py-2 pr-2\">Bruttogewicht<\/th>\n<td class=\"py-2 pr-2\">125<\/td>\n<\/tr>\n<tr>\n<th class=\"pl-0 py-2 pr-2\">Volumen<\/th>\n<td class=\"py-2 pr-2\">1,21<\/td>\n<\/tr>\n<tr>\n<th class=\"pl-0 py-2 pr-2\">Kapazit\u00e4t<\/th>\n<td class=\"py-2 pr-2\">700<\/td>\n<\/tr>\n<tr>\n<th class=\"pl-0 py-2 pr-2\">Paketbreite<\/th>\n<td class=\"py-2 pr-2\">890<\/td>\n<\/tr>\n<tr>\n<th class=\"pl-0 py-2 pr-2\">Packungsgr\u00f6sse<\/th>\n<td class=\"py-2 pr-2\">740<\/td>\n<\/tr>\n<tr>\n<th class=\"pl-0 py-2 pr-2\">Paketh\u00f6he<\/th>\n<td class=\"py-2 pr-2\">2250<\/td>\n<\/tr>\n<tr>\n<th class=\"pl-0 py-2 pr-2\">Paketvolumen<\/th>\n<td class=\"py-2 pr-2\">1,48<\/td>\n<\/tr>\n<tr>\n<th class=\"pl-0 py-2 pr-2\">Produktmenge im Paket<\/th>\n<td class=\"py-2 pr-2\">1<\/td>\n<\/tr>\n<tr>\n<th class=\"pl-0 py-2 pr-2\">K\u00fchlleistung<\/th>\n<td class=\"py-2 pr-2\">0,32<\/td>\n<\/tr>\n<tr>\n<th class=\"pl-0 py-2 pr-2\">K\u00e4ltemittel Gas<\/th>\n<td class=\"py-2 pr-2\">R134A &#8211; 145g<\/td>\n<\/tr>\n<tr>\n<th class=\"pl-0 py-2 pr-2\">Elektrische Energie<\/th>\n<td class=\"py-2 pr-2\">0,2100<\/td>\n<\/tr>\n<tr>\n<th class=\"pl-0 py-2 pr-2\">Elektrische Volt<\/th>\n<td class=\"py-2 pr-2\">230 V &#8211; NPE<\/td>\n<\/tr>\n<tr>\n<th class=\"pl-0 py-2 pr-2\">Elektrische Frequenz<\/th>\n<td class=\"py-2 pr-2\">50<\/td>\n<\/tr>\n<tr>\n<th class=\"pl-0 py-2 pr-2\">Maximales Rauschen<\/th>\n<td class=\"py-2 pr-2\">60<\/td>\n<\/tr>\n<tr>\n<th class=\"pl-0 py-2 pr-2\">Schutzklasse<\/th>\n<td class=\"py-2 pr-2\">IP2X<\/td>\n<\/tr>\n<\/tbody>\n<\/table>\n<\/li>\n<\/ul>\n<div id=\"tw-target-text-container\" class=\"tw-ta-container F0azHf tw-nfl\" tabindex=\"0\">\n<pre class=\"tw-data-text tw-text-large tw-ta\" dir=\"ltr\" data-placeholder=\"\u00c7eviri\"><\/pre>\n<\/div>\n<div id=\"tw-target-rmn-container\" class=\"tw-target-rmn tw-ta-container F0azHf tw-nfl\">\n<pre id=\"tw-target-rmn\" class=\"tw-data-placeholder tw-text-small tw-ta\" dir=\"ltr\" data-placeholder=\"\"><\/pre>\n<\/div>\n<p><strong>Digitale HACCP-Kontrolltafel<\/strong><\/p>\n<p>Alarm bei hoher\/niedriger Temperatur, Alarm bei offener T\u00fcr und Alarm bei hoher Verfl\u00fcssigertemperatur werden aufgezeichnet\/angezeigt. Es unterst\u00fctzt die einfache Feuchtigkeitsregelung und das MODBUS-Protokoll; Es ist kompatibel mit zentral gesteuerten Netzwerkdaten und zentralen Systemen; Weniger Energieverbrauch dank intelligenter Abtauung.<\/p>\n<p><img fetchpriority=\"high\" decoding=\"async\" class=\"alignnone size-medium wp-image-455\" src=\"http:\/\/www.coldcabinets.com\/wp-content\/uploads\/2023\/01\/GN-600-NMW-Single-Inox-Door-Vertical-Type-Refrigerator-1-300x300.jpg\" alt=\"\" width=\"300\" height=\"300\" srcset=\"https:\/\/www.coldcabinets.com\/wp-content\/uploads\/2023\/01\/GN-600-NMW-Single-Inox-Door-Vertical-Type-Refrigerator-1.jpg 300w, https:\/\/www.coldcabinets.com\/wp-content\/uploads\/2023\/01\/GN-600-NMW-Single-Inox-Door-Vertical-Type-Refrigerator-1-150x150.jpg 150w\" sizes=\"(max-width: 300px) 100vw, 300px\" \/><\/p>\n<p><strong>Hocheffizientes Mono-Block-K\u00fchlsystem<\/strong><\/p>\n<p>Kompressoren mit niedrigem Energieverbrauch Elektrostatisch lackierter Verdampfer mit einer gro\u00dfen Oberfl\u00e4che und gegen Korrosion Hocheffiziente Ventilatoren. FCKW-freies K\u00e4ltemittel R134A\/R404A<\/p>\n<p><img decoding=\"async\" class=\"alignnone size-medium wp-image-456\" src=\"http:\/\/www.coldcabinets.com\/wp-content\/uploads\/2023\/01\/GN-600-NMW-Single-Inox-Door-Vertical-Type-Refrigerator-2-300x300.jpg\" alt=\"\" width=\"300\" height=\"300\" srcset=\"https:\/\/www.coldcabinets.com\/wp-content\/uploads\/2023\/01\/GN-600-NMW-Single-Inox-Door-Vertical-Type-Refrigerator-2.jpg 300w, https:\/\/www.coldcabinets.com\/wp-content\/uploads\/2023\/01\/GN-600-NMW-Single-Inox-Door-Vertical-Type-Refrigerator-2-150x150.jpg 150w\" sizes=\"(max-width: 300px) 100vw, 300px\" \/><\/p>\n<p><strong>Umkehrbare T\u00fcr<\/strong><\/p>\n<p>Wasserdichtes Design der Vorderseite Mit seinen reversiblen T\u00fcren l\u00e4sst er sich leicht an jeden Bereich anpassen.<\/p>\n<p><img decoding=\"async\" class=\"alignnone size-medium wp-image-457\" src=\"http:\/\/www.coldcabinets.com\/wp-content\/uploads\/2023\/01\/GN-600-NMW-Single-Inox-Door-Vertical-Type-Refrigerator-3-300x300.jpg\" alt=\"\" width=\"300\" height=\"300\" srcset=\"https:\/\/www.coldcabinets.com\/wp-content\/uploads\/2023\/01\/GN-600-NMW-Single-Inox-Door-Vertical-Type-Refrigerator-3.jpg 300w, https:\/\/www.coldcabinets.com\/wp-content\/uploads\/2023\/01\/GN-600-NMW-Single-Inox-Door-Vertical-Type-Refrigerator-3-150x150.jpg 150w\" sizes=\"(max-width: 300px) 100vw, 300px\" \/><\/p>\n<p><strong>Auswechselbare Dichtung<\/strong><\/p>\n<p>Die austauschbare Magnetdichtung mit dreifacher Isolierzone sorgt f\u00fcr eine effektive Isolierung, die den W\u00e4rmeverlust verringert;<\/p>\n<p><img loading=\"lazy\" decoding=\"async\" class=\"alignnone size-medium wp-image-464\" src=\"http:\/\/www.coldcabinets.com\/wp-content\/uploads\/2023\/01\/2019072409530222267mg-8225-300x300.jpg\" alt=\"\" width=\"300\" height=\"300\" srcset=\"https:\/\/www.coldcabinets.com\/wp-content\/uploads\/2023\/01\/2019072409530222267mg-8225.jpg 300w, https:\/\/www.coldcabinets.com\/wp-content\/uploads\/2023\/01\/2019072409530222267mg-8225-150x150.jpg 150w\" sizes=\"(max-width: 300px) 100vw, 300px\" \/><\/p>\n<p><strong>80 mm isolierte Wand<\/strong><\/p>\n<p>Umweltfreundliche HFC-freie Polyurethan-D\u00e4mmung mit einer Dichte von 40-42 kg\/m\u00b3 f\u00fcr niedrigen Energieverbrauch;<\/p>\n<p><img loading=\"lazy\" decoding=\"async\" class=\"alignnone size-medium wp-image-458\" src=\"http:\/\/www.coldcabinets.com\/wp-content\/uploads\/2023\/01\/GN-600-NMW-Single-Inox-Door-Vertical-Type-Refrigerator-4-300x300.jpg\" alt=\"\" width=\"300\" height=\"300\" srcset=\"https:\/\/www.coldcabinets.com\/wp-content\/uploads\/2023\/01\/GN-600-NMW-Single-Inox-Door-Vertical-Type-Refrigerator-4.jpg 300w, https:\/\/www.coldcabinets.com\/wp-content\/uploads\/2023\/01\/GN-600-NMW-Single-Inox-Door-Vertical-Type-Refrigerator-4-150x150.jpg 150w\" sizes=\"(max-width: 300px) 100vw, 300px\" \/><\/p>\n<p><strong>Spezial-Drahtkondensator<\/strong><\/p>\n<p>Der spezielle Drahtkondensator, der nicht gereinigt werden muss, bietet stets eine hohe Leistung;<\/p>\n<p><img loading=\"lazy\" decoding=\"async\" class=\"alignnone size-medium wp-image-459\" src=\"http:\/\/www.coldcabinets.com\/wp-content\/uploads\/2023\/01\/GN-600-NMW-Single-Inox-Door-Vertical-Type-Refrigerator-5-300x300.jpg\" alt=\"\" width=\"300\" height=\"300\" srcset=\"https:\/\/www.coldcabinets.com\/wp-content\/uploads\/2023\/01\/GN-600-NMW-Single-Inox-Door-Vertical-Type-Refrigerator-5.jpg 300w, https:\/\/www.coldcabinets.com\/wp-content\/uploads\/2023\/01\/GN-600-NMW-Single-Inox-Door-Vertical-Type-Refrigerator-5-150x150.jpg 150w\" sizes=\"(max-width: 300px) 100vw, 300px\" \/><\/p>\n<p><strong>Automatische Gebl\u00e4seabschaltung und LED-Innenbeleuchtung<\/strong><\/p>\n<p>Wenn die T\u00fcr ge\u00f6ffnet wird, wird das Eindringen von hei\u00dfer Luft von au\u00dfen minimiert; Sie h\u00e4lt die kalte Luft im Inneren und spart Energie; Geringerer Energieverbrauch dank LED-Innenbeleuchtung (bei den Glast\u00fcrmodellen kommt eine Neonbeleuchtung zum Einsatz)<\/p>\n<p><img loading=\"lazy\" decoding=\"async\" class=\"alignnone size-medium wp-image-460\" src=\"http:\/\/www.coldcabinets.com\/wp-content\/uploads\/2023\/01\/GN-600-NMW-Single-Inox-Door-Vertical-Type-Refrigerator-6-300x300.jpg\" alt=\"\" width=\"300\" height=\"300\" srcset=\"https:\/\/www.coldcabinets.com\/wp-content\/uploads\/2023\/01\/GN-600-NMW-Single-Inox-Door-Vertical-Type-Refrigerator-6.jpg 300w, https:\/\/www.coldcabinets.com\/wp-content\/uploads\/2023\/01\/GN-600-NMW-Single-Inox-Door-Vertical-Type-Refrigerator-6-150x150.jpg 150w\" sizes=\"(max-width: 300px) 100vw, 300px\" \/><\/p>\n<p><strong>Bequeme und hygienische Innenschieber mit GN 2\/1 Fassungsverm\u00f6gen<\/strong><\/p>\n<p>Die rostfreien Innenschieber, die in Form von Rollen in das Blech eingearbeitet sind, entsprechen den h\u00f6chsten Hygienestandards. Die Kufen mit abgerundeten Ecken sind leicht zu reinigen und sorgen f\u00fcr einen hygienischeren Innenraum.<\/p>\n<p><img loading=\"lazy\" decoding=\"async\" class=\"alignnone size-medium wp-image-461\" src=\"http:\/\/www.coldcabinets.com\/wp-content\/uploads\/2023\/01\/GN-600-NMW-Single-Inox-Door-Vertical-Type-Refrigerator-7-300x300.jpg\" alt=\"\" width=\"300\" height=\"300\" srcset=\"https:\/\/www.coldcabinets.com\/wp-content\/uploads\/2023\/01\/GN-600-NMW-Single-Inox-Door-Vertical-Type-Refrigerator-7.jpg 300w, https:\/\/www.coldcabinets.com\/wp-content\/uploads\/2023\/01\/GN-600-NMW-Single-Inox-Door-Vertical-Type-Refrigerator-7-150x150.jpg 150w\" sizes=\"(max-width: 300px) 100vw, 300px\" \/><\/p>\n<p><strong>Effiziente Luftzirkulation<\/strong><\/p>\n<p>Optimale Luftverteilung im Inneren des Schranks durch speziell entwickelte Luftkan\u00e4le; Kompakte Bauweise und verdeckter Verdampfer. Maximales Innenvolumen. Minimaler Temperaturanstieg w\u00e4hrend des Abtauvorgangs. Luftzirkulation mit Hilfe eines Gebl\u00e4ses<\/p>\n<p><img loading=\"lazy\" decoding=\"async\" class=\"alignnone size-medium wp-image-462\" src=\"http:\/\/www.coldcabinets.com\/wp-content\/uploads\/2023\/01\/GN-600-NMW-Single-Inox-Door-Vertical-Type-Refrigerator-8-300x300.jpg\" alt=\"\" width=\"300\" height=\"300\" srcset=\"https:\/\/www.coldcabinets.com\/wp-content\/uploads\/2023\/01\/GN-600-NMW-Single-Inox-Door-Vertical-Type-Refrigerator-8.jpg 300w, https:\/\/www.coldcabinets.com\/wp-content\/uploads\/2023\/01\/GN-600-NMW-Single-Inox-Door-Vertical-Type-Refrigerator-8-150x150.jpg 150w\" sizes=\"(max-width: 300px) 100vw, 300px\" \/><\/p>\n","protected":false},"excerpt":{"rendered":"<ul class=\"pl-3\">\n<li class=\"mt-2\">K\u00fchlschrank Gr\u00f6\u00dfe GN 2\/1 mit Einzelt\u00fcr<\/li>\n<li class=\"mt-2\">Digitale HACCP-Kontrolltafel<\/li>\n<li class=\"mt-2\">Rostfreier Stahl der Qualit\u00e4t 304<\/li>\n<li class=\"mt-2\">Betriebstemperatur -2\/+8\u00b0C.<\/li>\n<li class=\"mt-2\">Reinigungsfreier Kondensator<\/li>\n<li class=\"mt-2\">Maximale interne Kapazit\u00e4t mit minimalem Temperaturanstieg w\u00e4hrend des Auftauens<\/li>\n<li class=\"mt-2\">Effizienteste Luftverteilung im Inneren mit einem speziell entwickelten Luftkanal;<\/li>\n<li class=\"mt-2\">Die tiefgezogenen Innenauskleidungen und der Innenboden entsprechen den h\u00f6chsten Hygienestandards, haben abgerundete Ecken und sind aus rostfreiem Stahl gefertigt;<\/li>\n<li class=\"mt-2\">Mono-Block-Design<\/li>\n<li class=\"mt-2\">Automatische L\u00fcfterabschaltung und interne LED-Beleuchtung<\/li>\n<li class=\"mt-2\">Die breite, magnetische, abnehmbare Dichtung mit dreifachem Eindringbereich sorgt f\u00fcr eine effektive Abdichtung, die den W\u00e4rmeverlust reduziert;<\/li>\n<li class=\"mt-2\">40-42 kg\/m3 Dichte umweltfreundliche HFC-freie Polyurethan-D\u00e4mmung f\u00fcr niedrigen Energieverbrauch (80 mm)<\/li>\n<li class=\"mt-2\">Wasserdichtes Design an der Vorderseite (IP21)<\/li>\n<li class=\"mt-2\">Luftzirkulation durch Ventilator<\/li>\n<li class=\"mt-2\">Durch die umkehrbare T\u00fcr k\u00f6nnen die Ger\u00e4te an jeden individuellen Aufstellungsort angepasst werden.<\/li>\n<\/ul>\n","protected":false},"featured_media":8763,"comment_status":"open","ping_status":"closed","template":"","meta":{"om_disable_all_campaigns":false,"_monsterinsights_skip_tracking":false,"_monsterinsights_sitenote_active":false,"_monsterinsights_sitenote_note":"","_monsterinsights_sitenote_category":0},"product_brand":[],"product_cat":[240,246],"product_tag":[],"class_list":{"0":"post-10627","1":"product","2":"type-product","3":"status-publish","4":"has-post-thumbnail","6":"product_cat-kuhlschranke","7":"product_cat-vertikale-kuhlschranke","9":"first","10":"instock","11":"shipping-taxable","12":"product-type-simple"},"yoast_head":"<!-- This site is optimized with the Yoast SEO plugin v25.2 - https:\/\/yoast.com\/wordpress\/plugins\/seo\/ -->\n<title>GN 600 NMW Vertikaler K\u00fchlschrank mit einer Inox-T\u00fcr - Cold Cabinets Industrial Market &amp; Kitchen Equipment<\/title>\n<meta name=\"robots\" content=\"index, follow, max-snippet:-1, max-image-preview:large, max-video-preview:-1\" \/>\n<link rel=\"canonical\" href=\"https:\/\/www.coldcabinets.com\/de\/produkt\/gn-600-nmw-einzel-inox-tur-vertikaler-kuhlschrank\/\" \/>\n<meta property=\"og:locale\" content=\"de_DE\" \/>\n<meta property=\"og:type\" content=\"article\" \/>\n<meta property=\"og:title\" content=\"GN 600 NMW Vertikaler K\u00fchlschrank mit einer Inox-T\u00fcr - Cold Cabinets Industrial Market &amp; Kitchen Equipment\" \/>\n<meta property=\"og:description\" content=\"K\u00fchlschrank Gr\u00f6\u00dfe GN 2\/1 mit Einzelt\u00fcr  Digitale HACCP-Kontrolltafel  Rostfreier Stahl der Qualit\u00e4t 304  Betriebstemperatur -2\/+8\u00b0C.  Reinigungsfreier Kondensator  Maximale interne Kapazit\u00e4t mit minimalem Temperaturanstieg w\u00e4hrend des Auftauens  Effizienteste Luftverteilung im Inneren mit einem speziell entwickelten Luftkanal;  Die tiefgezogenen Innenauskleidungen und der Innenboden entsprechen den h\u00f6chsten Hygienestandards, haben abgerundete Ecken und sind aus rostfreiem Stahl gefertigt;  Mono-Block-Design  Automatische L\u00fcfterabschaltung und interne LED-Beleuchtung  Die breite, magnetische, abnehmbare Dichtung mit dreifachem Eindringbereich sorgt f\u00fcr eine effektive Abdichtung, die den W\u00e4rmeverlust reduziert;  40-42 kg\/m3 Dichte umweltfreundliche HFC-freie Polyurethan-D\u00e4mmung f\u00fcr niedrigen Energieverbrauch (80 mm)  Wasserdichtes Design an der Vorderseite (IP21)  Luftzirkulation durch Ventilator  Durch die umkehrbare T\u00fcr k\u00f6nnen die Ger\u00e4te an jeden individuellen Aufstellungsort angepasst werden.\" \/>\n<meta property=\"og:url\" content=\"https:\/\/www.coldcabinets.com\/de\/produkt\/gn-600-nmw-einzel-inox-tur-vertikaler-kuhlschrank\/\" \/>\n<meta property=\"og:site_name\" content=\"Cold Cabinets Industrial Market &amp; Kitchen Equipment\" \/>\n<meta property=\"article:modified_time\" content=\"2023-09-10T09:27:08+00:00\" \/>\n<meta property=\"og:image\" content=\"https:\/\/www.coldcabinets.com\/wp-content\/uploads\/2023\/01\/GN-21-Vertical-Refrigerators-1.png\" \/>\n\t<meta property=\"og:image:width\" content=\"1200\" \/>\n\t<meta property=\"og:image:height\" content=\"1200\" \/>\n\t<meta property=\"og:image:type\" content=\"image\/png\" \/>\n<meta name=\"twitter:card\" content=\"summary_large_image\" \/>\n<meta name=\"twitter:label1\" content=\"Gesch\u00e4tzte Lesezeit\" \/>\n\t<meta name=\"twitter:data1\" content=\"4\u00a0Minuten\" \/>\n<script type=\"application\/ld+json\" class=\"yoast-schema-graph\">{\"@context\":\"https:\/\/schema.org\",\"@graph\":[{\"@type\":\"WebPage\",\"@id\":\"https:\/\/www.coldcabinets.com\/de\/produkt\/gn-600-nmw-einzel-inox-tur-vertikaler-kuhlschrank\/\",\"url\":\"https:\/\/www.coldcabinets.com\/de\/produkt\/gn-600-nmw-einzel-inox-tur-vertikaler-kuhlschrank\/\",\"name\":\"GN 600 NMW Vertikaler K\u00fchlschrank mit einer Inox-T\u00fcr - Cold Cabinets Industrial Market &amp; Kitchen Equipment\",\"isPartOf\":{\"@id\":\"https:\/\/www.coldcabinets.com\/de\/#website\"},\"primaryImageOfPage\":{\"@id\":\"https:\/\/www.coldcabinets.com\/de\/produkt\/gn-600-nmw-einzel-inox-tur-vertikaler-kuhlschrank\/#primaryimage\"},\"image\":{\"@id\":\"https:\/\/www.coldcabinets.com\/de\/produkt\/gn-600-nmw-einzel-inox-tur-vertikaler-kuhlschrank\/#primaryimage\"},\"thumbnailUrl\":\"https:\/\/www.coldcabinets.com\/wp-content\/uploads\/2023\/01\/GN-21-Vertical-Refrigerators-1.png\",\"datePublished\":\"2023-01-02T11:29:36+00:00\",\"dateModified\":\"2023-09-10T09:27:08+00:00\",\"breadcrumb\":{\"@id\":\"https:\/\/www.coldcabinets.com\/de\/produkt\/gn-600-nmw-einzel-inox-tur-vertikaler-kuhlschrank\/#breadcrumb\"},\"inLanguage\":\"de\",\"potentialAction\":[{\"@type\":\"ReadAction\",\"target\":[\"https:\/\/www.coldcabinets.com\/de\/produkt\/gn-600-nmw-einzel-inox-tur-vertikaler-kuhlschrank\/\"]}]},{\"@type\":\"ImageObject\",\"inLanguage\":\"de\",\"@id\":\"https:\/\/www.coldcabinets.com\/de\/produkt\/gn-600-nmw-einzel-inox-tur-vertikaler-kuhlschrank\/#primaryimage\",\"url\":\"https:\/\/www.coldcabinets.com\/wp-content\/uploads\/2023\/01\/GN-21-Vertical-Refrigerators-1.png\",\"contentUrl\":\"https:\/\/www.coldcabinets.com\/wp-content\/uploads\/2023\/01\/GN-21-Vertical-Refrigerators-1.png\",\"width\":1200,\"height\":1200},{\"@type\":\"BreadcrumbList\",\"@id\":\"https:\/\/www.coldcabinets.com\/de\/produkt\/gn-600-nmw-einzel-inox-tur-vertikaler-kuhlschrank\/#breadcrumb\",\"itemListElement\":[{\"@type\":\"ListItem\",\"position\":1,\"name\":\"Home\",\"item\":\"https:\/\/www.coldcabinets.com\/de\/shop-2\/\"},{\"@type\":\"ListItem\",\"position\":2,\"name\":\"GN 600 NMW Vertikaler K\u00fchlschrank mit einer Inox-T\u00fcr\"}]},{\"@type\":\"WebSite\",\"@id\":\"https:\/\/www.coldcabinets.com\/de\/#website\",\"url\":\"https:\/\/www.coldcabinets.com\/de\/\",\"name\":\"Cold Cabinets Industrial Market Equipment\",\"description\":\"Refrigeration Cabinets, Dishwasher Equipment ,Ovens,Tea &amp; Coffee Equipment , Cafe &amp; Bar Equipment, Main Kitchen Equipment, Cold Rooms\",\"publisher\":{\"@id\":\"https:\/\/www.coldcabinets.com\/de\/#organization\"},\"potentialAction\":[{\"@type\":\"SearchAction\",\"target\":{\"@type\":\"EntryPoint\",\"urlTemplate\":\"https:\/\/www.coldcabinets.com\/de\/?s={search_term_string}\"},\"query-input\":{\"@type\":\"PropertyValueSpecification\",\"valueRequired\":true,\"valueName\":\"search_term_string\"}}],\"inLanguage\":\"de\"},{\"@type\":\"Organization\",\"@id\":\"https:\/\/www.coldcabinets.com\/de\/#organization\",\"name\":\"Cold Cabinets - Refrigeration Cabinets, Dishwasher Equipment ,Ovens,Tea & Coffee Equipment , Cafe & Bar Equipment ,Main Kitchen Equipment ,Cold Rooms\",\"url\":\"https:\/\/www.coldcabinets.com\/de\/\",\"logo\":{\"@type\":\"ImageObject\",\"inLanguage\":\"de\",\"@id\":\"https:\/\/www.coldcabinets.com\/de\/#\/schema\/logo\/image\/\",\"url\":\"https:\/\/www.coldcabinets.com\/wp-content\/uploads\/2022\/12\/cold-cabinets-logo@3x.png\",\"contentUrl\":\"https:\/\/www.coldcabinets.com\/wp-content\/uploads\/2022\/12\/cold-cabinets-logo@3x.png\",\"width\":1632,\"height\":536,\"caption\":\"Cold Cabinets - Refrigeration Cabinets, Dishwasher Equipment ,Ovens,Tea & Coffee Equipment , Cafe & Bar Equipment ,Main Kitchen Equipment ,Cold Rooms\"},\"image\":{\"@id\":\"https:\/\/www.coldcabinets.com\/de\/#\/schema\/logo\/image\/\"},\"sameAs\":[\"https:\/\/www.linkedin.com\/company\/coldcabinets\/\"]}]}<\/script>\n<!-- \/ Yoast SEO plugin. -->","yoast_head_json":{"title":"GN 600 NMW Vertikaler K\u00fchlschrank mit einer Inox-T\u00fcr - Cold Cabinets Industrial Market &amp; Kitchen Equipment","robots":{"index":"index","follow":"follow","max-snippet":"max-snippet:-1","max-image-preview":"max-image-preview:large","max-video-preview":"max-video-preview:-1"},"canonical":"https:\/\/www.coldcabinets.com\/de\/produkt\/gn-600-nmw-einzel-inox-tur-vertikaler-kuhlschrank\/","og_locale":"de_DE","og_type":"article","og_title":"GN 600 NMW Vertikaler K\u00fchlschrank mit einer Inox-T\u00fcr - Cold Cabinets Industrial Market &amp; Kitchen Equipment","og_description":"K\u00fchlschrank Gr\u00f6\u00dfe GN 2\/1 mit Einzelt\u00fcr  Digitale HACCP-Kontrolltafel  Rostfreier Stahl der Qualit\u00e4t 304  Betriebstemperatur -2\/+8\u00b0C.  Reinigungsfreier Kondensator  Maximale interne Kapazit\u00e4t mit minimalem Temperaturanstieg w\u00e4hrend des Auftauens  Effizienteste Luftverteilung im Inneren mit einem speziell entwickelten Luftkanal;  Die tiefgezogenen Innenauskleidungen und der Innenboden entsprechen den h\u00f6chsten Hygienestandards, haben abgerundete Ecken und sind aus rostfreiem Stahl gefertigt;  Mono-Block-Design  Automatische L\u00fcfterabschaltung und interne LED-Beleuchtung  Die breite, magnetische, abnehmbare Dichtung mit dreifachem Eindringbereich sorgt f\u00fcr eine effektive Abdichtung, die den W\u00e4rmeverlust reduziert;  40-42 kg\/m3 Dichte umweltfreundliche HFC-freie Polyurethan-D\u00e4mmung f\u00fcr niedrigen Energieverbrauch (80 mm)  Wasserdichtes Design an der Vorderseite (IP21)  Luftzirkulation durch Ventilator  Durch die umkehrbare T\u00fcr k\u00f6nnen die Ger\u00e4te an jeden individuellen Aufstellungsort angepasst werden.","og_url":"https:\/\/www.coldcabinets.com\/de\/produkt\/gn-600-nmw-einzel-inox-tur-vertikaler-kuhlschrank\/","og_site_name":"Cold Cabinets Industrial Market &amp; Kitchen Equipment","article_modified_time":"2023-09-10T09:27:08+00:00","og_image":[{"width":1200,"height":1200,"url":"https:\/\/www.coldcabinets.com\/wp-content\/uploads\/2023\/01\/GN-21-Vertical-Refrigerators-1.png","type":"image\/png"}],"twitter_card":"summary_large_image","twitter_misc":{"Gesch\u00e4tzte Lesezeit":"4\u00a0Minuten"},"schema":{"@context":"https:\/\/schema.org","@graph":[{"@type":"WebPage","@id":"https:\/\/www.coldcabinets.com\/de\/produkt\/gn-600-nmw-einzel-inox-tur-vertikaler-kuhlschrank\/","url":"https:\/\/www.coldcabinets.com\/de\/produkt\/gn-600-nmw-einzel-inox-tur-vertikaler-kuhlschrank\/","name":"GN 600 NMW Vertikaler K\u00fchlschrank mit einer Inox-T\u00fcr - Cold Cabinets Industrial Market &amp; Kitchen Equipment","isPartOf":{"@id":"https:\/\/www.coldcabinets.com\/de\/#website"},"primaryImageOfPage":{"@id":"https:\/\/www.coldcabinets.com\/de\/produkt\/gn-600-nmw-einzel-inox-tur-vertikaler-kuhlschrank\/#primaryimage"},"image":{"@id":"https:\/\/www.coldcabinets.com\/de\/produkt\/gn-600-nmw-einzel-inox-tur-vertikaler-kuhlschrank\/#primaryimage"},"thumbnailUrl":"https:\/\/www.coldcabinets.com\/wp-content\/uploads\/2023\/01\/GN-21-Vertical-Refrigerators-1.png","datePublished":"2023-01-02T11:29:36+00:00","dateModified":"2023-09-10T09:27:08+00:00","breadcrumb":{"@id":"https:\/\/www.coldcabinets.com\/de\/produkt\/gn-600-nmw-einzel-inox-tur-vertikaler-kuhlschrank\/#breadcrumb"},"inLanguage":"de","potentialAction":[{"@type":"ReadAction","target":["https:\/\/www.coldcabinets.com\/de\/produkt\/gn-600-nmw-einzel-inox-tur-vertikaler-kuhlschrank\/"]}]},{"@type":"ImageObject","inLanguage":"de","@id":"https:\/\/www.coldcabinets.com\/de\/produkt\/gn-600-nmw-einzel-inox-tur-vertikaler-kuhlschrank\/#primaryimage","url":"https:\/\/www.coldcabinets.com\/wp-content\/uploads\/2023\/01\/GN-21-Vertical-Refrigerators-1.png","contentUrl":"https:\/\/www.coldcabinets.com\/wp-content\/uploads\/2023\/01\/GN-21-Vertical-Refrigerators-1.png","width":1200,"height":1200},{"@type":"BreadcrumbList","@id":"https:\/\/www.coldcabinets.com\/de\/produkt\/gn-600-nmw-einzel-inox-tur-vertikaler-kuhlschrank\/#breadcrumb","itemListElement":[{"@type":"ListItem","position":1,"name":"Home","item":"https:\/\/www.coldcabinets.com\/de\/shop-2\/"},{"@type":"ListItem","position":2,"name":"GN 600 NMW Vertikaler K\u00fchlschrank mit einer Inox-T\u00fcr"}]},{"@type":"WebSite","@id":"https:\/\/www.coldcabinets.com\/de\/#website","url":"https:\/\/www.coldcabinets.com\/de\/","name":"Cold Cabinets Industrial Market Equipment","description":"Refrigeration Cabinets, Dishwasher Equipment ,Ovens,Tea &amp; Coffee Equipment , Cafe &amp; Bar Equipment, Main Kitchen Equipment, Cold Rooms","publisher":{"@id":"https:\/\/www.coldcabinets.com\/de\/#organization"},"potentialAction":[{"@type":"SearchAction","target":{"@type":"EntryPoint","urlTemplate":"https:\/\/www.coldcabinets.com\/de\/?s={search_term_string}"},"query-input":{"@type":"PropertyValueSpecification","valueRequired":true,"valueName":"search_term_string"}}],"inLanguage":"de"},{"@type":"Organization","@id":"https:\/\/www.coldcabinets.com\/de\/#organization","name":"Cold Cabinets - Refrigeration Cabinets, Dishwasher Equipment ,Ovens,Tea & Coffee Equipment , Cafe & Bar Equipment ,Main Kitchen Equipment ,Cold Rooms","url":"https:\/\/www.coldcabinets.com\/de\/","logo":{"@type":"ImageObject","inLanguage":"de","@id":"https:\/\/www.coldcabinets.com\/de\/#\/schema\/logo\/image\/","url":"https:\/\/www.coldcabinets.com\/wp-content\/uploads\/2022\/12\/cold-cabinets-logo@3x.png","contentUrl":"https:\/\/www.coldcabinets.com\/wp-content\/uploads\/2022\/12\/cold-cabinets-logo@3x.png","width":1632,"height":536,"caption":"Cold Cabinets - Refrigeration Cabinets, Dishwasher Equipment ,Ovens,Tea & Coffee Equipment , Cafe & Bar Equipment ,Main Kitchen Equipment ,Cold Rooms"},"image":{"@id":"https:\/\/www.coldcabinets.com\/de\/#\/schema\/logo\/image\/"},"sameAs":["https:\/\/www.linkedin.com\/company\/coldcabinets\/"]}]}},"_links":{"self":[{"href":"https:\/\/www.coldcabinets.com\/de\/wp-json\/wp\/v2\/product\/10627","targetHints":{"allow":["GET"]}}],"collection":[{"href":"https:\/\/www.coldcabinets.com\/de\/wp-json\/wp\/v2\/product"}],"about":[{"href":"https:\/\/www.coldcabinets.com\/de\/wp-json\/wp\/v2\/types\/product"}],"replies":[{"embeddable":true,"href":"https:\/\/www.coldcabinets.com\/de\/wp-json\/wp\/v2\/comments?post=10627"}],"version-history":[{"count":2,"href":"https:\/\/www.coldcabinets.com\/de\/wp-json\/wp\/v2\/product\/10627\/revisions"}],"predecessor-version":[{"id":12080,"href":"https:\/\/www.coldcabinets.com\/de\/wp-json\/wp\/v2\/product\/10627\/revisions\/12080"}],"wp:featuredmedia":[{"embeddable":true,"href":"https:\/\/www.coldcabinets.com\/de\/wp-json\/wp\/v2\/media\/8763"}],"wp:attachment":[{"href":"https:\/\/www.coldcabinets.com\/de\/wp-json\/wp\/v2\/media?parent=10627"}],"wp:term":[{"taxonomy":"product_brand","embeddable":true,"href":"https:\/\/www.coldcabinets.com\/de\/wp-json\/wp\/v2\/product_brand?post=10627"},{"taxonomy":"product_cat","embeddable":true,"href":"https:\/\/www.coldcabinets.com\/de\/wp-json\/wp\/v2\/product_cat?post=10627"},{"taxonomy":"product_tag","embeddable":true,"href":"https:\/\/www.coldcabinets.com\/de\/wp-json\/wp\/v2\/product_tag?post=10627"}],"curies":[{"name":"wp","href":"https:\/\/api.w.org\/{rel}","templated":true}]}}