{"id":10545,"date":"2023-01-05T08:52:34","date_gmt":"2023-01-05T08:52:34","guid":{"rendered":"https:\/\/www.coldcabinets.com\/product\/mechanic-glas-geschirrspueler-35x35-elektrisch\/"},"modified":"2023-09-10T09:26:38","modified_gmt":"2023-09-10T09:26:38","slug":"mechanischer-glas-geschirrspuler-35x35-elektrisch","status":"publish","type":"product","link":"https:\/\/www.coldcabinets.com\/de\/produkt\/mechanischer-glas-geschirrspuler-35x35-elektrisch\/","title":{"rendered":"Mechanic Glas-Geschirrsp\u00fcler (35&#215;35) Elektrisch"},"content":{"rendered":"<table class=\"table table-lg table-flush\">\n<tbody>\n<tr>\n<th class=\"pl-0 py-2 pr-2\">Produkt-Code<\/th>\n<td class=\"py-2 pr-2\">073M.00000.AD<\/td>\n<\/tr>\n<tr>\n<th class=\"pl-0 py-2 pr-2\">Produktname<\/th>\n<td class=\"py-2 pr-2\">Mechanic Glas Geschirrsp\u00fcler, (35&#215;35 cm) OBY 35M<\/td>\n<\/tr>\n<tr>\n<th class=\"pl-0 py-2 pr-2\">Modellnummer Me<\/th>\n<td class=\"py-2 pr-2\">OBY 35M<\/td>\n<\/tr>\n<tr>\n<th class=\"pl-0 py-2 pr-2\">Produkttyp<\/th>\n<td class=\"py-2 pr-2\">Elektrisch<\/td>\n<\/tr>\n<tr>\n<th class=\"pl-0 py-2 pr-2\">Marke<\/th>\n<td class=\"py-2 pr-2\">OZTI<\/td>\n<\/tr>\n<tr>\n<th class=\"pl-0 py-2 pr-2\">Breite<\/th>\n<td class=\"py-2 pr-2\">420<\/td>\n<\/tr>\n<tr>\n<th class=\"pl-0 py-2 pr-2\">L\u00e4nge<\/th>\n<td class=\"py-2 pr-2\">450<\/td>\n<\/tr>\n<tr>\n<th class=\"pl-0 py-2 pr-2\">H\u00f6he<\/th>\n<td class=\"py-2 pr-2\">630<\/td>\n<\/tr>\n<tr>\n<th class=\"pl-0 py-2 pr-2\">Nettogewicht<\/th>\n<td class=\"py-2 pr-2\">30<\/td>\n<\/tr>\n<tr>\n<th class=\"pl-0 py-2 pr-2\">Bruttogewicht<\/th>\n<td class=\"py-2 pr-2\">35<\/td>\n<\/tr>\n<tr>\n<th class=\"pl-0 py-2 pr-2\">Volumen<\/th>\n<td class=\"py-2 pr-2\">0,1245<\/td>\n<\/tr>\n<tr>\n<th class=\"pl-0 py-2 pr-2\">Kapazit\u00e4t<\/th>\n<td class=\"py-2 pr-2\">500 Glas\/Stunde<\/td>\n<\/tr>\n<tr>\n<th class=\"pl-0 py-2 pr-2\">Paketbreite<\/th>\n<td class=\"py-2 pr-2\">535<\/td>\n<\/tr>\n<tr>\n<th class=\"pl-0 py-2 pr-2\">Packungsgr\u00f6sse<\/th>\n<td class=\"py-2 pr-2\">585<\/td>\n<\/tr>\n<tr>\n<th class=\"pl-0 py-2 pr-2\">Paketh\u00f6he<\/th>\n<td class=\"py-2 pr-2\">770<\/td>\n<\/tr>\n<tr>\n<th class=\"pl-0 py-2 pr-2\">Paketvolumen<\/th>\n<td class=\"py-2 pr-2\">0,2410<\/td>\n<\/tr>\n<tr>\n<th class=\"pl-0 py-2 pr-2\">Produktmenge im Paket<\/th>\n<td class=\"py-2 pr-2\">1<\/td>\n<\/tr>\n<tr>\n<th class=\"pl-0 py-2 pr-2\">Elektrische Energie<\/th>\n<td class=\"py-2 pr-2\">3,3<\/td>\n<\/tr>\n<tr>\n<th class=\"pl-0 py-2 pr-2\">Elektrische Volt<\/th>\n<td class=\"py-2 pr-2\">230 V &#8211; NPE<\/td>\n<\/tr>\n<tr>\n<th class=\"pl-0 py-2 pr-2\">Elektrische Frequenz<\/th>\n<td class=\"py-2 pr-2\">50<\/td>\n<\/tr>\n<tr>\n<th class=\"pl-0 py-2 pr-2\">Warmwasserdruck<\/th>\n<td class=\"py-2 pr-2\">2 &#8211; 4 bar<\/td>\n<\/tr>\n<tr>\n<th class=\"pl-0 py-2 pr-2\">Hei\u00dfwasserh\u00e4rte<\/th>\n<td class=\"py-2 pr-2\">0-10 franz\u00f6sische Wasserh\u00e4rte<\/td>\n<\/tr>\n<tr>\n<th class=\"pl-0 py-2 pr-2\">Kaltwasserdruck<\/th>\n<td class=\"py-2 pr-2\">2 &#8211; 4 bar<\/td>\n<\/tr>\n<tr>\n<th class=\"pl-0 py-2 pr-2\">Kaltwasserh\u00e4rte<\/th>\n<td class=\"py-2 pr-2\">0-10 franz\u00f6sische Wasserh\u00e4rte<\/td>\n<\/tr>\n<tr>\n<th class=\"pl-0 py-2 pr-2\">Waschwassertemperatur<\/th>\n<td class=\"py-2 pr-2\">55-60<\/td>\n<\/tr>\n<tr>\n<th class=\"pl-0 py-2 pr-2\">Leistung der Waschpumpe<\/th>\n<td class=\"py-2 pr-2\">0,27<\/td>\n<\/tr>\n<tr>\n<th class=\"pl-0 py-2 pr-2\">Durchfluss der Waschpumpe<\/th>\n<td class=\"py-2 pr-2\">170<\/td>\n<\/tr>\n<tr>\n<th class=\"pl-0 py-2 pr-2\">Sp\u00fclwassertemperatur<\/th>\n<td class=\"py-2 pr-2\">80-85<\/td>\n<\/tr>\n<tr>\n<th class=\"pl-0 py-2 pr-2\">Durchmesser des Ablaufeinlasses<\/th>\n<td class=\"py-2 pr-2\">3\/4&#8220;<\/td>\n<\/tr>\n<tr>\n<th class=\"pl-0 py-2 pr-2\">Maximaler L\u00e4rm<\/th>\n<td class=\"py-2 pr-2\">70<\/td>\n<\/tr>\n<tr>\n<th class=\"pl-0 py-2 pr-2\">Schutzklasse<\/th>\n<td class=\"py-2 pr-2\">IPX5<\/td>\n<\/tr>\n<tr>\n<th class=\"pl-0 py-2 pr-2\">Kesselvolumen<\/th>\n<td class=\"py-2 pr-2\">2,8<\/td>\n<\/tr>\n<tr>\n<th class=\"pl-0 py-2 pr-2\">Heizleistung des Kessels<\/th>\n<td class=\"py-2 pr-2\">3<\/td>\n<\/tr>\n<tr>\n<th class=\"pl-0 py-2 pr-2\">Tankvolumen<\/th>\n<td class=\"py-2 pr-2\">9,2<\/td>\n<\/tr>\n<tr>\n<th class=\"pl-0 py-2 pr-2\">Leistung der Tankheizung<\/th>\n<td class=\"py-2 pr-2\">2<\/td>\n<\/tr>\n<\/tbody>\n<\/table>\n<h5>Standardzubeh\u00f6r<\/h5>\n<div class=\"table-responsive\">\n<table class=\"table table-striped\">\n<tbody>\n<tr>\n<td>1 Glasregal mit Besteck- und Becherhaltern<\/td>\n<\/tr>\n<tr>\n<td>Elektrisches Anschlusskabel, flexibler Schlauch f\u00fcr Wasserzufuhr und -abfluss<\/td>\n<\/tr>\n<\/tbody>\n<\/table>\n<\/div>\n<h5>Optionales Zubeh\u00f6r<\/h5>\n<div class=\"table-responsive\">\n<table class=\"table table-striped\">\n<tbody>\n<tr>\n<td>Pumpe zum Sp\u00fclen<\/td>\n<\/tr>\n<tr>\n<td>Klarsp\u00fcler-Spender<\/td>\n<\/tr>\n<tr>\n<td>Waschmittel-Spender<\/td>\n<\/tr>\n<tr>\n<td>Abflusspumpe<\/td>\n<\/tr>\n<\/tbody>\n<\/table>\n<\/div>\n","protected":false},"excerpt":{"rendered":"<p>&#8211; Edelstahlgeh\u00e4use mit Wasch- und Boilertank &#8211; Hygienischer Waschtank &#8211; 30 K\u00f6rbe pro Stunde (Korbgr\u00f6\u00dfe 35 x 35 cm) &#8211; 2,5 Liter Wasserverbrauch pro Zyklus &#8211; Automatisches, benutzerfreundliches elektromechanisches Bedienfeld &#8211; 1 Waschprogramm &#8211; Zyklusdauer 120 Sekunden &#8211; Spart Energie, Waschmittel und Wasser &#8211; Wascharme aus verst\u00e4rktem Polypropylen &#8211; Verstellbare F\u00fc\u00dfe zur H\u00f6henoptimierung &#8211; Einfache Inbetriebnahme: ein Knopfdruck zum Einf\u00fcllen und Aufheizen des Wassers im Boilertank &#8211; Elektrische Komponenten und Verkabelung gem\u00e4\u00df internationalen Standards und Sicherheitsvorschriften; &#8211; Vollst\u00e4ndig abgedichtetes Geh\u00e4use, um den Wasserschutz IPX5 zu gew\u00e4hrleisten &#8211; Thermostatgesteuerte Sp\u00fcl- und Waschtemperatur f\u00fcr effizientes Waschen &#8211; R\u00fcckschlagventil System &#8211; Waschtemperatur bei 55-60\u00b0C (Wasserversorgung mit mindestens 2 bar und 50\u00b0C) &#8211; Sp\u00fcltemperatur bei 80-85 \u00b0C (Wasserversorgung mit mindestens 2 bar und 50\u00b0C)<\/p>\n","protected":false},"featured_media":8805,"comment_status":"open","ping_status":"closed","template":"","meta":{"om_disable_all_campaigns":false,"_monsterinsights_skip_tracking":false,"_monsterinsights_sitenote_active":false,"_monsterinsights_sitenote_note":"","_monsterinsights_sitenote_category":0},"product_brand":[],"product_cat":[235,234,237],"product_tag":[260],"class_list":{"0":"post-10545","1":"product","2":"type-product","3":"status-publish","4":"has-post-thumbnail","6":"product_cat-geschirrspuler","7":"product_cat-geschirrspulmaschine","8":"product_cat-glasspulung","9":"product_tag-geschirrspuler","11":"first","12":"instock","13":"shipping-taxable","14":"product-type-simple"},"yoast_head":"<!-- This site is optimized with the Yoast SEO plugin v25.2 - https:\/\/yoast.com\/wordpress\/plugins\/seo\/ -->\n<title>Mechanic Glas-Geschirrsp\u00fcler (35x35) Elektrisch - Cold Cabinets Industrial Market &amp; Kitchen Equipment<\/title>\n<meta name=\"robots\" content=\"index, follow, max-snippet:-1, max-image-preview:large, max-video-preview:-1\" \/>\n<link rel=\"canonical\" href=\"https:\/\/www.coldcabinets.com\/de\/produkt\/mechanischer-glas-geschirrspuler-35x35-elektrisch\/\" \/>\n<meta property=\"og:locale\" content=\"de_DE\" \/>\n<meta property=\"og:type\" content=\"article\" \/>\n<meta property=\"og:title\" content=\"Mechanic Glas-Geschirrsp\u00fcler (35x35) Elektrisch - Cold Cabinets Industrial Market &amp; Kitchen Equipment\" \/>\n<meta property=\"og:description\" content=\"- Edelstahlgeh\u00e4use mit Wasch- und Boilertank - Hygienischer Waschtank - 30 K\u00f6rbe pro Stunde (Korbgr\u00f6\u00dfe 35 x 35 cm) - 2,5 Liter Wasserverbrauch pro Zyklus - Automatisches, benutzerfreundliches elektromechanisches Bedienfeld - 1 Waschprogramm - Zyklusdauer 120 Sekunden - Spart Energie, Waschmittel und Wasser - Wascharme aus verst\u00e4rktem Polypropylen - Verstellbare F\u00fc\u00dfe zur H\u00f6henoptimierung - Einfache Inbetriebnahme: ein Knopfdruck zum Einf\u00fcllen und Aufheizen des Wassers im Boilertank - Elektrische Komponenten und Verkabelung gem\u00e4\u00df internationalen Standards und Sicherheitsvorschriften; - Vollst\u00e4ndig abgedichtetes Geh\u00e4use, um den Wasserschutz IPX5 zu gew\u00e4hrleisten - Thermostatgesteuerte Sp\u00fcl- und Waschtemperatur f\u00fcr effizientes Waschen - R\u00fcckschlagventil System - Waschtemperatur bei 55-60\u00b0C (Wasserversorgung mit mindestens 2 bar und 50\u00b0C) - Sp\u00fcltemperatur bei 80-85 \u00b0C (Wasserversorgung mit mindestens 2 bar und 50\u00b0C)\" \/>\n<meta property=\"og:url\" content=\"https:\/\/www.coldcabinets.com\/de\/produkt\/mechanischer-glas-geschirrspuler-35x35-elektrisch\/\" \/>\n<meta property=\"og:site_name\" content=\"Cold Cabinets Industrial Market &amp; Kitchen Equipment\" \/>\n<meta property=\"article:modified_time\" content=\"2023-09-10T09:26:38+00:00\" \/>\n<meta property=\"og:image\" content=\"https:\/\/www.coldcabinets.com\/wp-content\/uploads\/2023\/01\/Mechanic-Glass-Dishwasher35x35.jpg\" \/>\n\t<meta property=\"og:image:width\" content=\"1200\" \/>\n\t<meta property=\"og:image:height\" content=\"1200\" \/>\n\t<meta property=\"og:image:type\" content=\"image\/jpeg\" \/>\n<meta name=\"twitter:card\" content=\"summary_large_image\" \/>\n<meta name=\"twitter:label1\" content=\"Gesch\u00e4tzte Lesezeit\" \/>\n\t<meta name=\"twitter:data1\" content=\"1\u00a0Minute\" \/>\n<script type=\"application\/ld+json\" class=\"yoast-schema-graph\">{\"@context\":\"https:\/\/schema.org\",\"@graph\":[{\"@type\":\"WebPage\",\"@id\":\"https:\/\/www.coldcabinets.com\/de\/produkt\/mechanischer-glas-geschirrspuler-35x35-elektrisch\/\",\"url\":\"https:\/\/www.coldcabinets.com\/de\/produkt\/mechanischer-glas-geschirrspuler-35x35-elektrisch\/\",\"name\":\"Mechanic Glas-Geschirrsp\u00fcler (35x35) Elektrisch - Cold Cabinets Industrial Market &amp; Kitchen Equipment\",\"isPartOf\":{\"@id\":\"https:\/\/www.coldcabinets.com\/de\/#website\"},\"primaryImageOfPage\":{\"@id\":\"https:\/\/www.coldcabinets.com\/de\/produkt\/mechanischer-glas-geschirrspuler-35x35-elektrisch\/#primaryimage\"},\"image\":{\"@id\":\"https:\/\/www.coldcabinets.com\/de\/produkt\/mechanischer-glas-geschirrspuler-35x35-elektrisch\/#primaryimage\"},\"thumbnailUrl\":\"https:\/\/www.coldcabinets.com\/wp-content\/uploads\/2023\/01\/Mechanic-Glass-Dishwasher35x35.jpg\",\"datePublished\":\"2023-01-05T08:52:34+00:00\",\"dateModified\":\"2023-09-10T09:26:38+00:00\",\"breadcrumb\":{\"@id\":\"https:\/\/www.coldcabinets.com\/de\/produkt\/mechanischer-glas-geschirrspuler-35x35-elektrisch\/#breadcrumb\"},\"inLanguage\":\"de\",\"potentialAction\":[{\"@type\":\"ReadAction\",\"target\":[\"https:\/\/www.coldcabinets.com\/de\/produkt\/mechanischer-glas-geschirrspuler-35x35-elektrisch\/\"]}]},{\"@type\":\"ImageObject\",\"inLanguage\":\"de\",\"@id\":\"https:\/\/www.coldcabinets.com\/de\/produkt\/mechanischer-glas-geschirrspuler-35x35-elektrisch\/#primaryimage\",\"url\":\"https:\/\/www.coldcabinets.com\/wp-content\/uploads\/2023\/01\/Mechanic-Glass-Dishwasher35x35.jpg\",\"contentUrl\":\"https:\/\/www.coldcabinets.com\/wp-content\/uploads\/2023\/01\/Mechanic-Glass-Dishwasher35x35.jpg\",\"width\":1200,\"height\":1200},{\"@type\":\"BreadcrumbList\",\"@id\":\"https:\/\/www.coldcabinets.com\/de\/produkt\/mechanischer-glas-geschirrspuler-35x35-elektrisch\/#breadcrumb\",\"itemListElement\":[{\"@type\":\"ListItem\",\"position\":1,\"name\":\"Home\",\"item\":\"https:\/\/www.coldcabinets.com\/de\/shop-2\/\"},{\"@type\":\"ListItem\",\"position\":2,\"name\":\"Mechanic Glas-Geschirrsp\u00fcler (35&#215;35) Elektrisch\"}]},{\"@type\":\"WebSite\",\"@id\":\"https:\/\/www.coldcabinets.com\/de\/#website\",\"url\":\"https:\/\/www.coldcabinets.com\/de\/\",\"name\":\"Cold Cabinets Industrial Market Equipment\",\"description\":\"Refrigeration Cabinets, Dishwasher Equipment ,Ovens,Tea &amp; Coffee Equipment , Cafe &amp; Bar Equipment, Main Kitchen Equipment, Cold Rooms\",\"publisher\":{\"@id\":\"https:\/\/www.coldcabinets.com\/de\/#organization\"},\"potentialAction\":[{\"@type\":\"SearchAction\",\"target\":{\"@type\":\"EntryPoint\",\"urlTemplate\":\"https:\/\/www.coldcabinets.com\/de\/?s={search_term_string}\"},\"query-input\":{\"@type\":\"PropertyValueSpecification\",\"valueRequired\":true,\"valueName\":\"search_term_string\"}}],\"inLanguage\":\"de\"},{\"@type\":\"Organization\",\"@id\":\"https:\/\/www.coldcabinets.com\/de\/#organization\",\"name\":\"Cold Cabinets - Refrigeration Cabinets, Dishwasher Equipment ,Ovens,Tea & Coffee Equipment , Cafe & Bar Equipment ,Main Kitchen Equipment ,Cold Rooms\",\"url\":\"https:\/\/www.coldcabinets.com\/de\/\",\"logo\":{\"@type\":\"ImageObject\",\"inLanguage\":\"de\",\"@id\":\"https:\/\/www.coldcabinets.com\/de\/#\/schema\/logo\/image\/\",\"url\":\"https:\/\/www.coldcabinets.com\/wp-content\/uploads\/2022\/12\/cold-cabinets-logo@3x.png\",\"contentUrl\":\"https:\/\/www.coldcabinets.com\/wp-content\/uploads\/2022\/12\/cold-cabinets-logo@3x.png\",\"width\":1632,\"height\":536,\"caption\":\"Cold Cabinets - Refrigeration Cabinets, Dishwasher Equipment ,Ovens,Tea & Coffee Equipment , Cafe & Bar Equipment ,Main Kitchen Equipment ,Cold Rooms\"},\"image\":{\"@id\":\"https:\/\/www.coldcabinets.com\/de\/#\/schema\/logo\/image\/\"},\"sameAs\":[\"https:\/\/www.linkedin.com\/company\/coldcabinets\/\"]}]}<\/script>\n<!-- \/ Yoast SEO plugin. -->","yoast_head_json":{"title":"Mechanic Glas-Geschirrsp\u00fcler (35x35) Elektrisch - Cold Cabinets Industrial Market &amp; Kitchen Equipment","robots":{"index":"index","follow":"follow","max-snippet":"max-snippet:-1","max-image-preview":"max-image-preview:large","max-video-preview":"max-video-preview:-1"},"canonical":"https:\/\/www.coldcabinets.com\/de\/produkt\/mechanischer-glas-geschirrspuler-35x35-elektrisch\/","og_locale":"de_DE","og_type":"article","og_title":"Mechanic Glas-Geschirrsp\u00fcler (35x35) Elektrisch - Cold Cabinets Industrial Market &amp; Kitchen Equipment","og_description":"- Edelstahlgeh\u00e4use mit Wasch- und Boilertank - Hygienischer Waschtank - 30 K\u00f6rbe pro Stunde (Korbgr\u00f6\u00dfe 35 x 35 cm) - 2,5 Liter Wasserverbrauch pro Zyklus - Automatisches, benutzerfreundliches elektromechanisches Bedienfeld - 1 Waschprogramm - Zyklusdauer 120 Sekunden - Spart Energie, Waschmittel und Wasser - Wascharme aus verst\u00e4rktem Polypropylen - Verstellbare F\u00fc\u00dfe zur H\u00f6henoptimierung - Einfache Inbetriebnahme: ein Knopfdruck zum Einf\u00fcllen und Aufheizen des Wassers im Boilertank - Elektrische Komponenten und Verkabelung gem\u00e4\u00df internationalen Standards und Sicherheitsvorschriften; - Vollst\u00e4ndig abgedichtetes Geh\u00e4use, um den Wasserschutz IPX5 zu gew\u00e4hrleisten - Thermostatgesteuerte Sp\u00fcl- und Waschtemperatur f\u00fcr effizientes Waschen - R\u00fcckschlagventil System - Waschtemperatur bei 55-60\u00b0C (Wasserversorgung mit mindestens 2 bar und 50\u00b0C) - Sp\u00fcltemperatur bei 80-85 \u00b0C (Wasserversorgung mit mindestens 2 bar und 50\u00b0C)","og_url":"https:\/\/www.coldcabinets.com\/de\/produkt\/mechanischer-glas-geschirrspuler-35x35-elektrisch\/","og_site_name":"Cold Cabinets Industrial Market &amp; Kitchen Equipment","article_modified_time":"2023-09-10T09:26:38+00:00","og_image":[{"width":1200,"height":1200,"url":"https:\/\/www.coldcabinets.com\/wp-content\/uploads\/2023\/01\/Mechanic-Glass-Dishwasher35x35.jpg","type":"image\/jpeg"}],"twitter_card":"summary_large_image","twitter_misc":{"Gesch\u00e4tzte Lesezeit":"1\u00a0Minute"},"schema":{"@context":"https:\/\/schema.org","@graph":[{"@type":"WebPage","@id":"https:\/\/www.coldcabinets.com\/de\/produkt\/mechanischer-glas-geschirrspuler-35x35-elektrisch\/","url":"https:\/\/www.coldcabinets.com\/de\/produkt\/mechanischer-glas-geschirrspuler-35x35-elektrisch\/","name":"Mechanic Glas-Geschirrsp\u00fcler (35x35) Elektrisch - Cold Cabinets Industrial Market &amp; Kitchen Equipment","isPartOf":{"@id":"https:\/\/www.coldcabinets.com\/de\/#website"},"primaryImageOfPage":{"@id":"https:\/\/www.coldcabinets.com\/de\/produkt\/mechanischer-glas-geschirrspuler-35x35-elektrisch\/#primaryimage"},"image":{"@id":"https:\/\/www.coldcabinets.com\/de\/produkt\/mechanischer-glas-geschirrspuler-35x35-elektrisch\/#primaryimage"},"thumbnailUrl":"https:\/\/www.coldcabinets.com\/wp-content\/uploads\/2023\/01\/Mechanic-Glass-Dishwasher35x35.jpg","datePublished":"2023-01-05T08:52:34+00:00","dateModified":"2023-09-10T09:26:38+00:00","breadcrumb":{"@id":"https:\/\/www.coldcabinets.com\/de\/produkt\/mechanischer-glas-geschirrspuler-35x35-elektrisch\/#breadcrumb"},"inLanguage":"de","potentialAction":[{"@type":"ReadAction","target":["https:\/\/www.coldcabinets.com\/de\/produkt\/mechanischer-glas-geschirrspuler-35x35-elektrisch\/"]}]},{"@type":"ImageObject","inLanguage":"de","@id":"https:\/\/www.coldcabinets.com\/de\/produkt\/mechanischer-glas-geschirrspuler-35x35-elektrisch\/#primaryimage","url":"https:\/\/www.coldcabinets.com\/wp-content\/uploads\/2023\/01\/Mechanic-Glass-Dishwasher35x35.jpg","contentUrl":"https:\/\/www.coldcabinets.com\/wp-content\/uploads\/2023\/01\/Mechanic-Glass-Dishwasher35x35.jpg","width":1200,"height":1200},{"@type":"BreadcrumbList","@id":"https:\/\/www.coldcabinets.com\/de\/produkt\/mechanischer-glas-geschirrspuler-35x35-elektrisch\/#breadcrumb","itemListElement":[{"@type":"ListItem","position":1,"name":"Home","item":"https:\/\/www.coldcabinets.com\/de\/shop-2\/"},{"@type":"ListItem","position":2,"name":"Mechanic Glas-Geschirrsp\u00fcler (35&#215;35) Elektrisch"}]},{"@type":"WebSite","@id":"https:\/\/www.coldcabinets.com\/de\/#website","url":"https:\/\/www.coldcabinets.com\/de\/","name":"Cold Cabinets Industrial Market Equipment","description":"Refrigeration Cabinets, Dishwasher Equipment ,Ovens,Tea &amp; Coffee Equipment , Cafe &amp; Bar Equipment, Main Kitchen Equipment, Cold Rooms","publisher":{"@id":"https:\/\/www.coldcabinets.com\/de\/#organization"},"potentialAction":[{"@type":"SearchAction","target":{"@type":"EntryPoint","urlTemplate":"https:\/\/www.coldcabinets.com\/de\/?s={search_term_string}"},"query-input":{"@type":"PropertyValueSpecification","valueRequired":true,"valueName":"search_term_string"}}],"inLanguage":"de"},{"@type":"Organization","@id":"https:\/\/www.coldcabinets.com\/de\/#organization","name":"Cold Cabinets - Refrigeration Cabinets, Dishwasher Equipment ,Ovens,Tea & Coffee Equipment , Cafe & Bar Equipment ,Main Kitchen Equipment ,Cold Rooms","url":"https:\/\/www.coldcabinets.com\/de\/","logo":{"@type":"ImageObject","inLanguage":"de","@id":"https:\/\/www.coldcabinets.com\/de\/#\/schema\/logo\/image\/","url":"https:\/\/www.coldcabinets.com\/wp-content\/uploads\/2022\/12\/cold-cabinets-logo@3x.png","contentUrl":"https:\/\/www.coldcabinets.com\/wp-content\/uploads\/2022\/12\/cold-cabinets-logo@3x.png","width":1632,"height":536,"caption":"Cold Cabinets - Refrigeration Cabinets, Dishwasher Equipment ,Ovens,Tea & Coffee Equipment , Cafe & Bar Equipment ,Main Kitchen Equipment ,Cold Rooms"},"image":{"@id":"https:\/\/www.coldcabinets.com\/de\/#\/schema\/logo\/image\/"},"sameAs":["https:\/\/www.linkedin.com\/company\/coldcabinets\/"]}]}},"_links":{"self":[{"href":"https:\/\/www.coldcabinets.com\/de\/wp-json\/wp\/v2\/product\/10545","targetHints":{"allow":["GET"]}}],"collection":[{"href":"https:\/\/www.coldcabinets.com\/de\/wp-json\/wp\/v2\/product"}],"about":[{"href":"https:\/\/www.coldcabinets.com\/de\/wp-json\/wp\/v2\/types\/product"}],"replies":[{"embeddable":true,"href":"https:\/\/www.coldcabinets.com\/de\/wp-json\/wp\/v2\/comments?post=10545"}],"version-history":[{"count":1,"href":"https:\/\/www.coldcabinets.com\/de\/wp-json\/wp\/v2\/product\/10545\/revisions"}],"predecessor-version":[{"id":12077,"href":"https:\/\/www.coldcabinets.com\/de\/wp-json\/wp\/v2\/product\/10545\/revisions\/12077"}],"wp:featuredmedia":[{"embeddable":true,"href":"https:\/\/www.coldcabinets.com\/de\/wp-json\/wp\/v2\/media\/8805"}],"wp:attachment":[{"href":"https:\/\/www.coldcabinets.com\/de\/wp-json\/wp\/v2\/media?parent=10545"}],"wp:term":[{"taxonomy":"product_brand","embeddable":true,"href":"https:\/\/www.coldcabinets.com\/de\/wp-json\/wp\/v2\/product_brand?post=10545"},{"taxonomy":"product_cat","embeddable":true,"href":"https:\/\/www.coldcabinets.com\/de\/wp-json\/wp\/v2\/product_cat?post=10545"},{"taxonomy":"product_tag","embeddable":true,"href":"https:\/\/www.coldcabinets.com\/de\/wp-json\/wp\/v2\/product_tag?post=10545"}],"curies":[{"name":"wp","href":"https:\/\/api.w.org\/{rel}","templated":true}]}}