{"id":10213,"date":"2023-01-16T11:01:02","date_gmt":"2023-01-16T11:01:02","guid":{"rendered":"https:\/\/www.coldcabinets.com\/product\/geschirrspuelmaschine-mit-foerderer-einstieg-rechts-trocken-obk-1500\/"},"modified":"2023-01-16T11:01:02","modified_gmt":"2023-01-16T11:01:02","slug":"spulmaschine-mit-band-rechter-einstieg-trocken-obk-1500","status":"publish","type":"product","link":"https:\/\/www.coldcabinets.com\/de\/produkt\/spulmaschine-mit-band-rechter-einstieg-trocken-obk-1500\/","title":{"rendered":"GESCHIRRSP\u00dcLMASCHINE MIT F\u00d6RDERER. EINSTIEG RECHTS\/TROCKEN, OBK 1500"},"content":{"rendered":"<table class=\"table table-lg table-flush\">\n<tbody>\n<tr>\n<th class=\"pl-0 py-2 pr-2\">Produktcode<\/th>\n<td class=\"py-2 pr-2\">0710.01500.02<\/td>\n<\/tr>\n<tr>\n<th class=\"pl-0 py-2 pr-2\">Produktname<\/th>\n<td class=\"py-2 pr-2\">GESCHIRRSP\u00dcLMASCHINE MIT F\u00d6RDERER. EINSTIEG RECHTS\/TROCKEN, OBK 1500<\/td>\n<\/tr>\n<tr>\n<th class=\"pl-0 py-2 pr-2\">Modellnummerme<\/th>\n<td class=\"py-2 pr-2\">OBK 1500<\/td>\n<\/tr>\n<tr>\n<th class=\"pl-0 py-2 pr-2\">Produktart<\/th>\n<td class=\"py-2 pr-2\">Elektrisch<\/td>\n<\/tr>\n<tr>\n<th class=\"pl-0 py-2 pr-2\">Marke<\/th>\n<td class=\"py-2 pr-2\">Ozti<\/td>\n<\/tr>\n<tr>\n<th class=\"pl-0 py-2 pr-2\">Breite<\/th>\n<td class=\"py-2 pr-2\">2050<\/td>\n<\/tr>\n<tr>\n<th class=\"pl-0 py-2 pr-2\">L\u00e4nge<\/th>\n<td class=\"py-2 pr-2\">850<\/td>\n<\/tr>\n<tr>\n<th class=\"pl-0 py-2 pr-2\">H\u00f6he<\/th>\n<td class=\"py-2 pr-2\">1880<\/td>\n<\/tr>\n<tr>\n<th class=\"pl-0 py-2 pr-2\">Reingewicht<\/th>\n<td class=\"py-2 pr-2\">250<\/td>\n<\/tr>\n<tr>\n<th class=\"pl-0 py-2 pr-2\">Bruttogewicht<\/th>\n<td class=\"py-2 pr-2\">270<\/td>\n<\/tr>\n<tr>\n<th class=\"pl-0 py-2 pr-2\">Volumen<\/th>\n<td class=\"py-2 pr-2\">3.0832<\/td>\n<\/tr>\n<tr>\n<th class=\"pl-0 py-2 pr-2\">Kapazit\u00e4t<\/th>\n<td class=\"py-2 pr-2\">1650 Platte\/Zeit<\/td>\n<\/tr>\n<tr>\n<th class=\"pl-0 py-2 pr-2\">Paketbreite<\/th>\n<td class=\"py-2 pr-2\">2090<\/td>\n<\/tr>\n<tr>\n<th class=\"pl-0 py-2 pr-2\">Packungsgr\u00f6sse<\/th>\n<td class=\"py-2 pr-2\">900<\/td>\n<\/tr>\n<tr>\n<th class=\"pl-0 py-2 pr-2\">Paketh\u00f6he<\/th>\n<td class=\"py-2 pr-2\">2100<\/td>\n<\/tr>\n<tr>\n<th class=\"pl-0 py-2 pr-2\">Paketvolumen<\/th>\n<td class=\"py-2 pr-2\">3.9501<\/td>\n<\/tr>\n<tr>\n<th class=\"pl-0 py-2 pr-2\">Produktmenge im Paket<\/th>\n<td class=\"py-2 pr-2\">1<\/td>\n<\/tr>\n<tr>\n<th class=\"pl-0 py-2 pr-2\">Elektrische Energie<\/th>\n<td class=\"py-2 pr-2\">47<\/td>\n<\/tr>\n<tr>\n<th class=\"pl-0 py-2 pr-2\">Elektrisches Volt<\/th>\n<td class=\"py-2 pr-2\">400 V \u2013 3NPE<\/td>\n<\/tr>\n<tr>\n<th class=\"pl-0 py-2 pr-2\">Elektrische Frequenz<\/th>\n<td class=\"py-2 pr-2\">50<\/td>\n<\/tr>\n<tr>\n<th class=\"pl-0 py-2 pr-2\">Warmwasserdruck<\/th>\n<td class=\"py-2 pr-2\">2 &#8211; 4 bar<\/td>\n<\/tr>\n<tr>\n<th class=\"pl-0 py-2 pr-2\">Hei\u00dfwasserh\u00e4rte<\/th>\n<td class=\"py-2 pr-2\">0-10 franz\u00f6sische Wasserh\u00e4rte<\/td>\n<\/tr>\n<tr>\n<th class=\"pl-0 py-2 pr-2\">Kaltwasserdruck<\/th>\n<td class=\"py-2 pr-2\">2 &#8211; 4 bar<\/td>\n<\/tr>\n<tr>\n<th class=\"pl-0 py-2 pr-2\">Kaltwasserh\u00e4rte<\/th>\n<td class=\"py-2 pr-2\">0-10 franz\u00f6sische Wasserh\u00e4rte<\/td>\n<\/tr>\n<tr>\n<th class=\"pl-0 py-2 pr-2\">Waschwassertemperatur<\/th>\n<td class=\"py-2 pr-2\">55-60<\/td>\n<\/tr>\n<tr>\n<th class=\"pl-0 py-2 pr-2\">Leistung der Waschpumpe<\/th>\n<td class=\"py-2 pr-2\">1,5<\/td>\n<\/tr>\n<tr>\n<th class=\"pl-0 py-2 pr-2\">Durchfluss der Waschpumpe<\/th>\n<td class=\"py-2 pr-2\">659<\/td>\n<\/tr>\n<tr>\n<th class=\"pl-0 py-2 pr-2\">Sp\u00fclwassertemperatur<\/th>\n<td class=\"py-2 pr-2\">80-85<\/td>\n<\/tr>\n<tr>\n<th class=\"pl-0 py-2 pr-2\">Leistung der Sp\u00fclpumpe<\/th>\n<td class=\"py-2 pr-2\">0,37<\/td>\n<\/tr>\n<tr>\n<th class=\"pl-0 py-2 pr-2\">Pumpenfluss sp\u00fclen<\/th>\n<td class=\"py-2 pr-2\">18<\/td>\n<\/tr>\n<tr>\n<th class=\"pl-0 py-2 pr-2\">Leistung des Trocknungsgebl\u00e4ses<\/th>\n<td class=\"py-2 pr-2\">0,45<\/td>\n<\/tr>\n<tr>\n<th class=\"pl-0 py-2 pr-2\">Durchmesser des Ablaufeinlasses<\/th>\n<td class=\"py-2 pr-2\">1 1\/4&#8220;<\/td>\n<\/tr>\n<tr>\n<th class=\"pl-0 py-2 pr-2\">Maximales Rauschen<\/th>\n<td class=\"py-2 pr-2\">80<\/td>\n<\/tr>\n<tr>\n<th class=\"pl-0 py-2 pr-2\">Kesselvolumen<\/th>\n<td class=\"py-2 pr-2\">18<\/td>\n<\/tr>\n<tr>\n<th class=\"pl-0 py-2 pr-2\">Boiler Heizungsleistung<\/th>\n<td class=\"py-2 pr-2\">27<\/td>\n<\/tr>\n<tr>\n<th class=\"pl-0 py-2 pr-2\">Tankvolumen<\/th>\n<td class=\"py-2 pr-2\">90<\/td>\n<\/tr>\n<tr>\n<th class=\"pl-0 py-2 pr-2\">Leistung der Tankheizung<\/th>\n<td class=\"py-2 pr-2\">9<\/td>\n<\/tr>\n<\/tbody>\n<\/table>\n<h5>Standardzubeh\u00f6r<\/h5>\n<div class=\"table-responsive\">\n<table class=\"table table-striped\">\n<tbody>\n<tr>\n<td>Sp\u00fclpumpe<\/td>\n<\/tr>\n<tr>\n<td>5 Werbek\u00f6rbe (3xTeller, 1x Glas, 1xBesteck)<\/td>\n<\/tr>\n<tr>\n<td>Flexibler Wasserzulauf- und Ablaufschlauch<\/td>\n<\/tr>\n<tr>\n<td>Wascharme aus Edelstahl<\/td>\n<\/tr>\n<\/tbody>\n<\/table>\n<\/div>\n<h5>Optionales Zubeh\u00f6r<\/h5>\n<div class=\"table-responsive\">\n<table class=\"table table-striped\">\n<tbody>\n<tr>\n<td>Waschmittelspender<\/td>\n<\/tr>\n<tr>\n<td>Ablaufpumpe<\/td>\n<\/tr>\n<tr>\n<td>Spender f\u00fcr Klarsp\u00fcler<\/td>\n<\/tr>\n<\/tbody>\n<\/table>\n<\/div>\n","protected":false},"excerpt":{"rendered":"<ul class=\"pl-3\">\n<li class=\"mt-2\">Edelstahlgeh\u00e4use einschlie\u00dflich Wasch- und Boilertank<\/li>\n<li class=\"mt-2\">Hygienischer Waschtank<\/li>\n<li class=\"mt-2\">100 K\u00f6rbe pro Stunde f\u00fcr (Korbabmessungen 50&#215;50 cm)<\/li>\n<li class=\"mt-2\">Effektives Trocknen durch einen leistungsstarken Ventilator<\/li>\n<li class=\"mt-2\">3 Liter Wasserverbrauch pro Zyklus<\/li>\n<li class=\"mt-2\">Automatisches, benutzerfreundliches Bedienfeld<\/li>\n<li class=\"mt-2\">Kontinuierliches Waschen durch F\u00f6rderanlage mit Trockner<\/li>\n<li class=\"mt-2\">Spart Energie, Waschmittel und Wasser<\/li>\n<li class=\"mt-2\">Wascharme aus Edelstahl<\/li>\n<li class=\"mt-2\">Verstellbare F\u00fc\u00dfe zur H\u00f6henoptimierung<\/li>\n<li class=\"mt-2\">Einfache Inbetriebnahme: Ein Knopf zum Bef\u00fcllen und Erhitzen des Wassers im Boilertank<\/li>\n<li class=\"mt-2\">Elektrische Komponenten und Verkabelung nach internationalen Normen und Sicherheitsvorschriften<\/li>\n<li class=\"mt-2\">Der Geschirrsp\u00fcler ist vollst\u00e4ndig versiegelt, um IPX5-Wasserschutz zu gew\u00e4hrleisten<\/li>\n<li class=\"mt-2\">Thermostatgesteuerte Sp\u00fcl- und Waschtemperaturen f\u00fcr effizientes Waschen<\/li>\n<li class=\"mt-2\">Nicht zur\u00fcckgegeben &#8211; R\u00fcckschlagventilsystem<\/li>\n<li class=\"mt-2\">Waschtemperatur bei 55-60\u00b0C (Wasserzufuhr bei mind. 2 bar und 50\u00b0C)<\/li>\n<li class=\"mt-2\">Sp\u00fcltemperatur bei 80-85\u00b0C (Wasserversorgung bei mind. 2 bar und 50\u00b0C)<\/li>\n<li class=\"mt-2\">Richtiger Typ<\/li>\n<\/ul>\n","protected":false},"featured_media":8985,"comment_status":"open","ping_status":"closed","template":"","meta":{"om_disable_all_campaigns":false,"_monsterinsights_skip_tracking":false,"_monsterinsights_sitenote_active":false,"_monsterinsights_sitenote_note":"","_monsterinsights_sitenote_category":0},"product_brand":[],"product_cat":[236,235,234],"product_tag":[261,260,263,262],"class_list":{"0":"post-10213","1":"product","2":"type-product","3":"status-publish","4":"has-post-thumbnail","6":"product_cat-forderer-waschen","7":"product_cat-geschirrspuler","8":"product_cat-geschirrspulmaschine","9":"product_tag-forderer-richtiger-eintritt","10":"product_tag-geschirrspuler","11":"product_tag-obk-1500-de","12":"product_tag-trocken","14":"first","15":"instock","16":"shipping-taxable","17":"product-type-simple"},"yoast_head":"<!-- This site is optimized with the Yoast SEO plugin v25.2 - https:\/\/yoast.com\/wordpress\/plugins\/seo\/ -->\n<title>GESCHIRRSP\u00dcLMASCHINE MIT F\u00d6RDERER. EINSTIEG RECHTS\/TROCKEN, OBK 1500 - Cold Cabinets Industrial Market &amp; Kitchen Equipment<\/title>\n<meta name=\"robots\" content=\"index, follow, max-snippet:-1, max-image-preview:large, max-video-preview:-1\" \/>\n<link rel=\"canonical\" href=\"https:\/\/www.coldcabinets.com\/de\/produkt\/spulmaschine-mit-band-rechter-einstieg-trocken-obk-1500\/\" \/>\n<meta property=\"og:locale\" content=\"de_DE\" \/>\n<meta property=\"og:type\" content=\"article\" \/>\n<meta property=\"og:title\" content=\"GESCHIRRSP\u00dcLMASCHINE MIT F\u00d6RDERER. EINSTIEG RECHTS\/TROCKEN, OBK 1500 - Cold Cabinets Industrial Market &amp; Kitchen Equipment\" \/>\n<meta property=\"og:description\" content=\"Edelstahlgeh\u00e4use einschlie\u00dflich Wasch- und Boilertank  Hygienischer Waschtank  100 K\u00f6rbe pro Stunde f\u00fcr (Korbabmessungen 50x50 cm)  Effektives Trocknen durch einen leistungsstarken Ventilator  3 Liter Wasserverbrauch pro Zyklus  Automatisches, benutzerfreundliches Bedienfeld  Kontinuierliches Waschen durch F\u00f6rderanlage mit Trockner  Spart Energie, Waschmittel und Wasser  Wascharme aus Edelstahl  Verstellbare F\u00fc\u00dfe zur H\u00f6henoptimierung  Einfache Inbetriebnahme: Ein Knopf zum Bef\u00fcllen und Erhitzen des Wassers im Boilertank  Elektrische Komponenten und Verkabelung nach internationalen Normen und Sicherheitsvorschriften  Der Geschirrsp\u00fcler ist vollst\u00e4ndig versiegelt, um IPX5-Wasserschutz zu gew\u00e4hrleisten  Thermostatgesteuerte Sp\u00fcl- und Waschtemperaturen f\u00fcr effizientes Waschen  Nicht zur\u00fcckgegeben - R\u00fcckschlagventilsystem  Waschtemperatur bei 55-60\u00b0C (Wasserzufuhr bei mind. 2 bar und 50\u00b0C)  Sp\u00fcltemperatur bei 80-85\u00b0C (Wasserversorgung bei mind. 2 bar und 50\u00b0C)  Richtiger Typ\" \/>\n<meta property=\"og:url\" content=\"https:\/\/www.coldcabinets.com\/de\/produkt\/spulmaschine-mit-band-rechter-einstieg-trocken-obk-1500\/\" \/>\n<meta property=\"og:site_name\" content=\"Cold Cabinets Industrial Market &amp; Kitchen Equipment\" \/>\n<meta property=\"og:image\" content=\"https:\/\/www.coldcabinets.com\/wp-content\/uploads\/2023\/01\/DISHWASHER-WITH-CONVEYOR.-RIGHT-ENTRY-DRY-OBK-1500.jpg\" \/>\n\t<meta property=\"og:image:width\" content=\"1200\" \/>\n\t<meta property=\"og:image:height\" content=\"1200\" \/>\n\t<meta property=\"og:image:type\" content=\"image\/jpeg\" \/>\n<meta name=\"twitter:card\" content=\"summary_large_image\" \/>\n<meta name=\"twitter:label1\" content=\"Gesch\u00e4tzte Lesezeit\" \/>\n\t<meta name=\"twitter:data1\" content=\"1\u00a0Minute\" \/>\n<script type=\"application\/ld+json\" class=\"yoast-schema-graph\">{\"@context\":\"https:\/\/schema.org\",\"@graph\":[{\"@type\":\"WebPage\",\"@id\":\"https:\/\/www.coldcabinets.com\/de\/produkt\/spulmaschine-mit-band-rechter-einstieg-trocken-obk-1500\/\",\"url\":\"https:\/\/www.coldcabinets.com\/de\/produkt\/spulmaschine-mit-band-rechter-einstieg-trocken-obk-1500\/\",\"name\":\"GESCHIRRSP\u00dcLMASCHINE MIT F\u00d6RDERER. EINSTIEG RECHTS\/TROCKEN, OBK 1500 - Cold Cabinets Industrial Market &amp; Kitchen Equipment\",\"isPartOf\":{\"@id\":\"https:\/\/www.coldcabinets.com\/de\/#website\"},\"primaryImageOfPage\":{\"@id\":\"https:\/\/www.coldcabinets.com\/de\/produkt\/spulmaschine-mit-band-rechter-einstieg-trocken-obk-1500\/#primaryimage\"},\"image\":{\"@id\":\"https:\/\/www.coldcabinets.com\/de\/produkt\/spulmaschine-mit-band-rechter-einstieg-trocken-obk-1500\/#primaryimage\"},\"thumbnailUrl\":\"https:\/\/www.coldcabinets.com\/wp-content\/uploads\/2023\/01\/DISHWASHER-WITH-CONVEYOR.-RIGHT-ENTRY-DRY-OBK-1500.jpg\",\"datePublished\":\"2023-01-16T11:01:02+00:00\",\"breadcrumb\":{\"@id\":\"https:\/\/www.coldcabinets.com\/de\/produkt\/spulmaschine-mit-band-rechter-einstieg-trocken-obk-1500\/#breadcrumb\"},\"inLanguage\":\"de\",\"potentialAction\":[{\"@type\":\"ReadAction\",\"target\":[\"https:\/\/www.coldcabinets.com\/de\/produkt\/spulmaschine-mit-band-rechter-einstieg-trocken-obk-1500\/\"]}]},{\"@type\":\"ImageObject\",\"inLanguage\":\"de\",\"@id\":\"https:\/\/www.coldcabinets.com\/de\/produkt\/spulmaschine-mit-band-rechter-einstieg-trocken-obk-1500\/#primaryimage\",\"url\":\"https:\/\/www.coldcabinets.com\/wp-content\/uploads\/2023\/01\/DISHWASHER-WITH-CONVEYOR.-RIGHT-ENTRY-DRY-OBK-1500.jpg\",\"contentUrl\":\"https:\/\/www.coldcabinets.com\/wp-content\/uploads\/2023\/01\/DISHWASHER-WITH-CONVEYOR.-RIGHT-ENTRY-DRY-OBK-1500.jpg\",\"width\":1200,\"height\":1200},{\"@type\":\"BreadcrumbList\",\"@id\":\"https:\/\/www.coldcabinets.com\/de\/produkt\/spulmaschine-mit-band-rechter-einstieg-trocken-obk-1500\/#breadcrumb\",\"itemListElement\":[{\"@type\":\"ListItem\",\"position\":1,\"name\":\"Home\",\"item\":\"https:\/\/www.coldcabinets.com\/de\/shop-2\/\"},{\"@type\":\"ListItem\",\"position\":2,\"name\":\"GESCHIRRSP\u00dcLMASCHINE MIT F\u00d6RDERER. EINSTIEG RECHTS\/TROCKEN, OBK 1500\"}]},{\"@type\":\"WebSite\",\"@id\":\"https:\/\/www.coldcabinets.com\/de\/#website\",\"url\":\"https:\/\/www.coldcabinets.com\/de\/\",\"name\":\"Cold Cabinets Industrial Market Equipment\",\"description\":\"Refrigeration Cabinets, Dishwasher Equipment ,Ovens,Tea &amp; Coffee Equipment , Cafe &amp; Bar Equipment, Main Kitchen Equipment, Cold Rooms\",\"publisher\":{\"@id\":\"https:\/\/www.coldcabinets.com\/de\/#organization\"},\"potentialAction\":[{\"@type\":\"SearchAction\",\"target\":{\"@type\":\"EntryPoint\",\"urlTemplate\":\"https:\/\/www.coldcabinets.com\/de\/?s={search_term_string}\"},\"query-input\":{\"@type\":\"PropertyValueSpecification\",\"valueRequired\":true,\"valueName\":\"search_term_string\"}}],\"inLanguage\":\"de\"},{\"@type\":\"Organization\",\"@id\":\"https:\/\/www.coldcabinets.com\/de\/#organization\",\"name\":\"Cold Cabinets - Refrigeration Cabinets, Dishwasher Equipment ,Ovens,Tea & Coffee Equipment , Cafe & Bar Equipment ,Main Kitchen Equipment ,Cold Rooms\",\"url\":\"https:\/\/www.coldcabinets.com\/de\/\",\"logo\":{\"@type\":\"ImageObject\",\"inLanguage\":\"de\",\"@id\":\"https:\/\/www.coldcabinets.com\/de\/#\/schema\/logo\/image\/\",\"url\":\"https:\/\/www.coldcabinets.com\/wp-content\/uploads\/2022\/12\/cold-cabinets-logo@3x.png\",\"contentUrl\":\"https:\/\/www.coldcabinets.com\/wp-content\/uploads\/2022\/12\/cold-cabinets-logo@3x.png\",\"width\":1632,\"height\":536,\"caption\":\"Cold Cabinets - Refrigeration Cabinets, Dishwasher Equipment ,Ovens,Tea & Coffee Equipment , Cafe & Bar Equipment ,Main Kitchen Equipment ,Cold Rooms\"},\"image\":{\"@id\":\"https:\/\/www.coldcabinets.com\/de\/#\/schema\/logo\/image\/\"},\"sameAs\":[\"https:\/\/www.linkedin.com\/company\/coldcabinets\/\"]}]}<\/script>\n<!-- \/ Yoast SEO plugin. -->","yoast_head_json":{"title":"GESCHIRRSP\u00dcLMASCHINE MIT F\u00d6RDERER. EINSTIEG RECHTS\/TROCKEN, OBK 1500 - Cold Cabinets Industrial Market &amp; Kitchen Equipment","robots":{"index":"index","follow":"follow","max-snippet":"max-snippet:-1","max-image-preview":"max-image-preview:large","max-video-preview":"max-video-preview:-1"},"canonical":"https:\/\/www.coldcabinets.com\/de\/produkt\/spulmaschine-mit-band-rechter-einstieg-trocken-obk-1500\/","og_locale":"de_DE","og_type":"article","og_title":"GESCHIRRSP\u00dcLMASCHINE MIT F\u00d6RDERER. EINSTIEG RECHTS\/TROCKEN, OBK 1500 - Cold Cabinets Industrial Market &amp; Kitchen Equipment","og_description":"Edelstahlgeh\u00e4use einschlie\u00dflich Wasch- und Boilertank  Hygienischer Waschtank  100 K\u00f6rbe pro Stunde f\u00fcr (Korbabmessungen 50x50 cm)  Effektives Trocknen durch einen leistungsstarken Ventilator  3 Liter Wasserverbrauch pro Zyklus  Automatisches, benutzerfreundliches Bedienfeld  Kontinuierliches Waschen durch F\u00f6rderanlage mit Trockner  Spart Energie, Waschmittel und Wasser  Wascharme aus Edelstahl  Verstellbare F\u00fc\u00dfe zur H\u00f6henoptimierung  Einfache Inbetriebnahme: Ein Knopf zum Bef\u00fcllen und Erhitzen des Wassers im Boilertank  Elektrische Komponenten und Verkabelung nach internationalen Normen und Sicherheitsvorschriften  Der Geschirrsp\u00fcler ist vollst\u00e4ndig versiegelt, um IPX5-Wasserschutz zu gew\u00e4hrleisten  Thermostatgesteuerte Sp\u00fcl- und Waschtemperaturen f\u00fcr effizientes Waschen  Nicht zur\u00fcckgegeben - R\u00fcckschlagventilsystem  Waschtemperatur bei 55-60\u00b0C (Wasserzufuhr bei mind. 2 bar und 50\u00b0C)  Sp\u00fcltemperatur bei 80-85\u00b0C (Wasserversorgung bei mind. 2 bar und 50\u00b0C)  Richtiger Typ","og_url":"https:\/\/www.coldcabinets.com\/de\/produkt\/spulmaschine-mit-band-rechter-einstieg-trocken-obk-1500\/","og_site_name":"Cold Cabinets Industrial Market &amp; Kitchen Equipment","og_image":[{"width":1200,"height":1200,"url":"https:\/\/www.coldcabinets.com\/wp-content\/uploads\/2023\/01\/DISHWASHER-WITH-CONVEYOR.-RIGHT-ENTRY-DRY-OBK-1500.jpg","type":"image\/jpeg"}],"twitter_card":"summary_large_image","twitter_misc":{"Gesch\u00e4tzte Lesezeit":"1\u00a0Minute"},"schema":{"@context":"https:\/\/schema.org","@graph":[{"@type":"WebPage","@id":"https:\/\/www.coldcabinets.com\/de\/produkt\/spulmaschine-mit-band-rechter-einstieg-trocken-obk-1500\/","url":"https:\/\/www.coldcabinets.com\/de\/produkt\/spulmaschine-mit-band-rechter-einstieg-trocken-obk-1500\/","name":"GESCHIRRSP\u00dcLMASCHINE MIT F\u00d6RDERER. EINSTIEG RECHTS\/TROCKEN, OBK 1500 - Cold Cabinets Industrial Market &amp; Kitchen Equipment","isPartOf":{"@id":"https:\/\/www.coldcabinets.com\/de\/#website"},"primaryImageOfPage":{"@id":"https:\/\/www.coldcabinets.com\/de\/produkt\/spulmaschine-mit-band-rechter-einstieg-trocken-obk-1500\/#primaryimage"},"image":{"@id":"https:\/\/www.coldcabinets.com\/de\/produkt\/spulmaschine-mit-band-rechter-einstieg-trocken-obk-1500\/#primaryimage"},"thumbnailUrl":"https:\/\/www.coldcabinets.com\/wp-content\/uploads\/2023\/01\/DISHWASHER-WITH-CONVEYOR.-RIGHT-ENTRY-DRY-OBK-1500.jpg","datePublished":"2023-01-16T11:01:02+00:00","breadcrumb":{"@id":"https:\/\/www.coldcabinets.com\/de\/produkt\/spulmaschine-mit-band-rechter-einstieg-trocken-obk-1500\/#breadcrumb"},"inLanguage":"de","potentialAction":[{"@type":"ReadAction","target":["https:\/\/www.coldcabinets.com\/de\/produkt\/spulmaschine-mit-band-rechter-einstieg-trocken-obk-1500\/"]}]},{"@type":"ImageObject","inLanguage":"de","@id":"https:\/\/www.coldcabinets.com\/de\/produkt\/spulmaschine-mit-band-rechter-einstieg-trocken-obk-1500\/#primaryimage","url":"https:\/\/www.coldcabinets.com\/wp-content\/uploads\/2023\/01\/DISHWASHER-WITH-CONVEYOR.-RIGHT-ENTRY-DRY-OBK-1500.jpg","contentUrl":"https:\/\/www.coldcabinets.com\/wp-content\/uploads\/2023\/01\/DISHWASHER-WITH-CONVEYOR.-RIGHT-ENTRY-DRY-OBK-1500.jpg","width":1200,"height":1200},{"@type":"BreadcrumbList","@id":"https:\/\/www.coldcabinets.com\/de\/produkt\/spulmaschine-mit-band-rechter-einstieg-trocken-obk-1500\/#breadcrumb","itemListElement":[{"@type":"ListItem","position":1,"name":"Home","item":"https:\/\/www.coldcabinets.com\/de\/shop-2\/"},{"@type":"ListItem","position":2,"name":"GESCHIRRSP\u00dcLMASCHINE MIT F\u00d6RDERER. EINSTIEG RECHTS\/TROCKEN, OBK 1500"}]},{"@type":"WebSite","@id":"https:\/\/www.coldcabinets.com\/de\/#website","url":"https:\/\/www.coldcabinets.com\/de\/","name":"Cold Cabinets Industrial Market Equipment","description":"Refrigeration Cabinets, Dishwasher Equipment ,Ovens,Tea &amp; Coffee Equipment , Cafe &amp; Bar Equipment, Main Kitchen Equipment, Cold Rooms","publisher":{"@id":"https:\/\/www.coldcabinets.com\/de\/#organization"},"potentialAction":[{"@type":"SearchAction","target":{"@type":"EntryPoint","urlTemplate":"https:\/\/www.coldcabinets.com\/de\/?s={search_term_string}"},"query-input":{"@type":"PropertyValueSpecification","valueRequired":true,"valueName":"search_term_string"}}],"inLanguage":"de"},{"@type":"Organization","@id":"https:\/\/www.coldcabinets.com\/de\/#organization","name":"Cold Cabinets - Refrigeration Cabinets, Dishwasher Equipment ,Ovens,Tea & Coffee Equipment , Cafe & Bar Equipment ,Main Kitchen Equipment ,Cold Rooms","url":"https:\/\/www.coldcabinets.com\/de\/","logo":{"@type":"ImageObject","inLanguage":"de","@id":"https:\/\/www.coldcabinets.com\/de\/#\/schema\/logo\/image\/","url":"https:\/\/www.coldcabinets.com\/wp-content\/uploads\/2022\/12\/cold-cabinets-logo@3x.png","contentUrl":"https:\/\/www.coldcabinets.com\/wp-content\/uploads\/2022\/12\/cold-cabinets-logo@3x.png","width":1632,"height":536,"caption":"Cold Cabinets - Refrigeration Cabinets, Dishwasher Equipment ,Ovens,Tea & Coffee Equipment , Cafe & Bar Equipment ,Main Kitchen Equipment ,Cold Rooms"},"image":{"@id":"https:\/\/www.coldcabinets.com\/de\/#\/schema\/logo\/image\/"},"sameAs":["https:\/\/www.linkedin.com\/company\/coldcabinets\/"]}]}},"_links":{"self":[{"href":"https:\/\/www.coldcabinets.com\/de\/wp-json\/wp\/v2\/product\/10213","targetHints":{"allow":["GET"]}}],"collection":[{"href":"https:\/\/www.coldcabinets.com\/de\/wp-json\/wp\/v2\/product"}],"about":[{"href":"https:\/\/www.coldcabinets.com\/de\/wp-json\/wp\/v2\/types\/product"}],"replies":[{"embeddable":true,"href":"https:\/\/www.coldcabinets.com\/de\/wp-json\/wp\/v2\/comments?post=10213"}],"version-history":[{"count":0,"href":"https:\/\/www.coldcabinets.com\/de\/wp-json\/wp\/v2\/product\/10213\/revisions"}],"wp:featuredmedia":[{"embeddable":true,"href":"https:\/\/www.coldcabinets.com\/de\/wp-json\/wp\/v2\/media\/8985"}],"wp:attachment":[{"href":"https:\/\/www.coldcabinets.com\/de\/wp-json\/wp\/v2\/media?parent=10213"}],"wp:term":[{"taxonomy":"product_brand","embeddable":true,"href":"https:\/\/www.coldcabinets.com\/de\/wp-json\/wp\/v2\/product_brand?post=10213"},{"taxonomy":"product_cat","embeddable":true,"href":"https:\/\/www.coldcabinets.com\/de\/wp-json\/wp\/v2\/product_cat?post=10213"},{"taxonomy":"product_tag","embeddable":true,"href":"https:\/\/www.coldcabinets.com\/de\/wp-json\/wp\/v2\/product_tag?post=10213"}],"curies":[{"name":"wp","href":"https:\/\/api.w.org\/{rel}","templated":true}]}}