{"id":10211,"date":"2023-01-02T19:46:16","date_gmt":"2023-01-02T19:46:16","guid":{"rendered":"https:\/\/www.coldcabinets.com\/product\/spectra-kombi-gefrierschraenke-kuehlschraenke\/"},"modified":"2023-01-02T19:46:16","modified_gmt":"2023-01-02T19:46:16","slug":"spectra-kombi-gefrierschranke-kuhlschranke","status":"publish","type":"product","link":"https:\/\/www.coldcabinets.com\/de\/produkt\/spectra-kombi-gefrierschranke-kuhlschranke\/","title":{"rendered":"Spectra Kombi-Gefrierschr\u00e4nke K\u00fchlschr\u00e4nke"},"content":{"rendered":"<div class=\"col-sm-6 m-b-10 p-l-5 p-r-5\">\n<p>Spectra bietet sowohl Druck- als auch Schiebeglasabdeckungen f\u00fcr seine horizontalen und Kombi-Gefrierger\u00e4te an. Beide Versionen bieten erhebliche Energieeinsparungen und halten gleichzeitig die Temperaturen f\u00fcr die Tiefk\u00fchlprodukte sicher.<\/p>\n<p><img fetchpriority=\"high\" decoding=\"async\" class=\"alignnone size-full wp-image-8847\" src=\"http:\/\/www.coldcabinets.com\/wp-content\/uploads\/2023\/01\/Deepfreezers-for-sliding.jpg\" alt=\"\" width=\"536\" height=\"223\" srcset=\"https:\/\/www.coldcabinets.com\/wp-content\/uploads\/2023\/01\/Deepfreezers-for-sliding.jpg 536w, https:\/\/www.coldcabinets.com\/wp-content\/uploads\/2023\/01\/Deepfreezers-for-sliding-400x166.jpg 400w, https:\/\/www.coldcabinets.com\/wp-content\/uploads\/2023\/01\/Deepfreezers-for-sliding-430x179.jpg 430w, https:\/\/www.coldcabinets.com\/wp-content\/uploads\/2023\/01\/Deepfreezers-for-sliding-150x62.jpg 150w\" sizes=\"(max-width: 536px) 100vw, 536px\" \/><\/p>\n<p><strong>Glasabdeckungen<\/strong><br \/>\nViele Gesch\u00e4fte entscheiden sich f\u00fcr Glasabdeckungen, um den Energieverbrauch zu senken. Das Design der neuen Generation von Glasabdeckungen ist vollst\u00e4ndig in das Geh\u00e4usedesign integriert und harmoniert perfekt mit den Geh\u00e4usen mit offener Front. Mensa bietet eine Reihe verschiedener Glasabdeckungen an, die zu einer Energieeinsparung von bis zu 50 % f\u00fchren.<\/p>\n<p><img decoding=\"async\" class=\"alignnone size-full wp-image-8845\" src=\"http:\/\/www.coldcabinets.com\/wp-content\/uploads\/2023\/01\/Deepfreezers-for-Glass-covers.jpg\" alt=\"\" width=\"269\" height=\"240\" srcset=\"https:\/\/www.coldcabinets.com\/wp-content\/uploads\/2023\/01\/Deepfreezers-for-Glass-covers.jpg 269w, https:\/\/www.coldcabinets.com\/wp-content\/uploads\/2023\/01\/Deepfreezers-for-Glass-covers-150x134.jpg 150w\" sizes=\"(max-width: 269px) 100vw, 269px\" \/><\/p>\n<p><strong>HAUPTMERKMALE<\/strong><\/p>\n<ul>\n<li>Vertikale Remote-Vitrinen<\/li>\n<li>Temperature Range : 3L1-3L2-3L3<\/li>\n<li>Umweltfreundlicher K\u00f6rper aus Cyclopentan-Polyurethan<\/li>\n<li>Zuverl\u00e4ssiges K\u00fchlsystem<\/li>\n<li>Einfach multiplexierbar<\/li>\n<li>Einfache Reinigung<\/li>\n<\/ul>\n<\/div>\n<div class=\"col-sm-6 m-b-10 p-l-5 p-r-5\">\n<p><strong>OPTIONEN<\/strong><\/p>\n<ul>\n<li>Elektronische Steuerung<\/li>\n<li>Verstellbare Regale<\/li>\n<li>Spiegel\/doppelt verglaste Seitenw\u00e4nde<\/li>\n<li>Schiebe-\/Schiebet\u00fcren aus Glas<\/li>\n<\/ul>\n<p><a href=\"http:\/\/www.coldcabinets.com\/wp-content\/uploads\/2023\/01\/Deepfreezerscataloguespecifications_Sayfa_3.png\"><img decoding=\"async\" class=\"alignnone wp-image-667 size-full\" src=\"http:\/\/www.coldcabinets.com\/wp-content\/uploads\/2023\/01\/Deepfreezerscataloguespecifications_Sayfa_3.png\" alt=\"\" width=\"1654\" height=\"2339\" srcset=\"https:\/\/www.coldcabinets.com\/wp-content\/uploads\/2023\/01\/Deepfreezerscataloguespecifications_Sayfa_3.png 1654w, https:\/\/www.coldcabinets.com\/wp-content\/uploads\/2023\/01\/Deepfreezerscataloguespecifications_Sayfa_3-430x608.png 430w, https:\/\/www.coldcabinets.com\/wp-content\/uploads\/2023\/01\/Deepfreezerscataloguespecifications_Sayfa_3-150x212.png 150w, https:\/\/www.coldcabinets.com\/wp-content\/uploads\/2023\/01\/Deepfreezerscataloguespecifications_Sayfa_3-700x990.png 700w, https:\/\/www.coldcabinets.com\/wp-content\/uploads\/2023\/01\/Deepfreezerscataloguespecifications_Sayfa_3-212x300.png 212w, https:\/\/www.coldcabinets.com\/wp-content\/uploads\/2023\/01\/Deepfreezerscataloguespecifications_Sayfa_3-724x1024.png 724w, https:\/\/www.coldcabinets.com\/wp-content\/uploads\/2023\/01\/Deepfreezerscataloguespecifications_Sayfa_3-768x1086.png 768w, https:\/\/www.coldcabinets.com\/wp-content\/uploads\/2023\/01\/Deepfreezerscataloguespecifications_Sayfa_3-1086x1536.png 1086w, https:\/\/www.coldcabinets.com\/wp-content\/uploads\/2023\/01\/Deepfreezerscataloguespecifications_Sayfa_3-1448x2048.png 1448w\" sizes=\"(max-width: 1654px) 100vw, 1654px\" \/><\/a><\/p>\n<\/div>\n","protected":false},"excerpt":{"rendered":"<p>Die Produktpalette der Kombi-Gefrierschr\u00e4nke bietet L\u00f6sungen f\u00fcr nahezu alle Ladenlayouts. Mit clever gestalteten Kronenenden der Tiefk\u00fchlserie k\u00f6nnen Sie sch\u00f6n ausgerichtete durchgehende Linien erzielen.<\/p>\n","protected":false},"featured_media":8791,"comment_status":"open","ping_status":"closed","template":"","meta":{"om_disable_all_campaigns":false,"_monsterinsights_skip_tracking":false,"_monsterinsights_sitenote_active":false,"_monsterinsights_sitenote_note":"","_monsterinsights_sitenote_category":0},"product_brand":[],"product_cat":[241,240],"product_tag":[255,254,256],"class_list":{"0":"post-10211","1":"product","2":"type-product","3":"status-publish","4":"has-post-thumbnail","6":"product_cat-kombi-gefrierschranke","7":"product_cat-kuhlschranke","8":"product_tag-kombi-gefrierschranke","9":"product_tag-kuhlschranke","10":"product_tag-spectra-de","12":"first","13":"instock","14":"shipping-taxable","15":"product-type-simple"},"yoast_head":"<!-- This site is optimized with the Yoast SEO plugin v25.2 - https:\/\/yoast.com\/wordpress\/plugins\/seo\/ -->\n<title>Spectra Kombi-Gefrierschr\u00e4nke K\u00fchlschr\u00e4nke - Cold Cabinets Industrial Market &amp; Kitchen Equipment<\/title>\n<meta name=\"robots\" content=\"index, follow, max-snippet:-1, max-image-preview:large, max-video-preview:-1\" \/>\n<link rel=\"canonical\" href=\"https:\/\/www.coldcabinets.com\/de\/produkt\/spectra-kombi-gefrierschranke-kuhlschranke\/\" \/>\n<meta property=\"og:locale\" content=\"de_DE\" \/>\n<meta property=\"og:type\" content=\"article\" \/>\n<meta property=\"og:title\" content=\"Spectra Kombi-Gefrierschr\u00e4nke K\u00fchlschr\u00e4nke - Cold Cabinets Industrial Market &amp; Kitchen Equipment\" \/>\n<meta property=\"og:description\" content=\"Die Produktpalette der Kombi-Gefrierschr\u00e4nke bietet L\u00f6sungen f\u00fcr nahezu alle Ladenlayouts. Mit clever gestalteten Kronenenden der Tiefk\u00fchlserie k\u00f6nnen Sie sch\u00f6n ausgerichtete durchgehende Linien erzielen.\" \/>\n<meta property=\"og:url\" content=\"https:\/\/www.coldcabinets.com\/de\/produkt\/spectra-kombi-gefrierschranke-kuhlschranke\/\" \/>\n<meta property=\"og:site_name\" content=\"Cold Cabinets Industrial Market &amp; Kitchen Equipment\" \/>\n<meta property=\"og:image\" content=\"https:\/\/www.coldcabinets.com\/wp-content\/uploads\/2023\/01\/Spica-Combi-Freezers-Refrigeration-Cabinets2.jpg\" \/>\n\t<meta property=\"og:image:width\" content=\"1200\" \/>\n\t<meta property=\"og:image:height\" content=\"1200\" \/>\n\t<meta property=\"og:image:type\" content=\"image\/jpeg\" \/>\n<meta name=\"twitter:card\" content=\"summary_large_image\" \/>\n<meta name=\"twitter:label1\" content=\"Gesch\u00e4tzte Lesezeit\" \/>\n\t<meta name=\"twitter:data1\" content=\"1\u00a0Minute\" \/>\n<script type=\"application\/ld+json\" class=\"yoast-schema-graph\">{\"@context\":\"https:\/\/schema.org\",\"@graph\":[{\"@type\":\"WebPage\",\"@id\":\"https:\/\/www.coldcabinets.com\/de\/produkt\/spectra-kombi-gefrierschranke-kuhlschranke\/\",\"url\":\"https:\/\/www.coldcabinets.com\/de\/produkt\/spectra-kombi-gefrierschranke-kuhlschranke\/\",\"name\":\"Spectra Kombi-Gefrierschr\u00e4nke K\u00fchlschr\u00e4nke - Cold Cabinets Industrial Market &amp; Kitchen Equipment\",\"isPartOf\":{\"@id\":\"https:\/\/www.coldcabinets.com\/de\/#website\"},\"primaryImageOfPage\":{\"@id\":\"https:\/\/www.coldcabinets.com\/de\/produkt\/spectra-kombi-gefrierschranke-kuhlschranke\/#primaryimage\"},\"image\":{\"@id\":\"https:\/\/www.coldcabinets.com\/de\/produkt\/spectra-kombi-gefrierschranke-kuhlschranke\/#primaryimage\"},\"thumbnailUrl\":\"https:\/\/www.coldcabinets.com\/wp-content\/uploads\/2023\/01\/Spica-Combi-Freezers-Refrigeration-Cabinets2.jpg\",\"datePublished\":\"2023-01-02T19:46:16+00:00\",\"breadcrumb\":{\"@id\":\"https:\/\/www.coldcabinets.com\/de\/produkt\/spectra-kombi-gefrierschranke-kuhlschranke\/#breadcrumb\"},\"inLanguage\":\"de\",\"potentialAction\":[{\"@type\":\"ReadAction\",\"target\":[\"https:\/\/www.coldcabinets.com\/de\/produkt\/spectra-kombi-gefrierschranke-kuhlschranke\/\"]}]},{\"@type\":\"ImageObject\",\"inLanguage\":\"de\",\"@id\":\"https:\/\/www.coldcabinets.com\/de\/produkt\/spectra-kombi-gefrierschranke-kuhlschranke\/#primaryimage\",\"url\":\"https:\/\/www.coldcabinets.com\/wp-content\/uploads\/2023\/01\/Spica-Combi-Freezers-Refrigeration-Cabinets2.jpg\",\"contentUrl\":\"https:\/\/www.coldcabinets.com\/wp-content\/uploads\/2023\/01\/Spica-Combi-Freezers-Refrigeration-Cabinets2.jpg\",\"width\":1200,\"height\":1200},{\"@type\":\"BreadcrumbList\",\"@id\":\"https:\/\/www.coldcabinets.com\/de\/produkt\/spectra-kombi-gefrierschranke-kuhlschranke\/#breadcrumb\",\"itemListElement\":[{\"@type\":\"ListItem\",\"position\":1,\"name\":\"Home\",\"item\":\"https:\/\/www.coldcabinets.com\/de\/shop-2\/\"},{\"@type\":\"ListItem\",\"position\":2,\"name\":\"Spectra Kombi-Gefrierschr\u00e4nke K\u00fchlschr\u00e4nke\"}]},{\"@type\":\"WebSite\",\"@id\":\"https:\/\/www.coldcabinets.com\/de\/#website\",\"url\":\"https:\/\/www.coldcabinets.com\/de\/\",\"name\":\"Cold Cabinets Industrial Market Equipment\",\"description\":\"Refrigeration Cabinets, Dishwasher Equipment ,Ovens,Tea &amp; Coffee Equipment , Cafe &amp; Bar Equipment, Main Kitchen Equipment, Cold Rooms\",\"publisher\":{\"@id\":\"https:\/\/www.coldcabinets.com\/de\/#organization\"},\"potentialAction\":[{\"@type\":\"SearchAction\",\"target\":{\"@type\":\"EntryPoint\",\"urlTemplate\":\"https:\/\/www.coldcabinets.com\/de\/?s={search_term_string}\"},\"query-input\":{\"@type\":\"PropertyValueSpecification\",\"valueRequired\":true,\"valueName\":\"search_term_string\"}}],\"inLanguage\":\"de\"},{\"@type\":\"Organization\",\"@id\":\"https:\/\/www.coldcabinets.com\/de\/#organization\",\"name\":\"Cold Cabinets - Refrigeration Cabinets, Dishwasher Equipment ,Ovens,Tea & Coffee Equipment , Cafe & Bar Equipment ,Main Kitchen Equipment ,Cold Rooms\",\"url\":\"https:\/\/www.coldcabinets.com\/de\/\",\"logo\":{\"@type\":\"ImageObject\",\"inLanguage\":\"de\",\"@id\":\"https:\/\/www.coldcabinets.com\/de\/#\/schema\/logo\/image\/\",\"url\":\"https:\/\/www.coldcabinets.com\/wp-content\/uploads\/2022\/12\/cold-cabinets-logo@3x.png\",\"contentUrl\":\"https:\/\/www.coldcabinets.com\/wp-content\/uploads\/2022\/12\/cold-cabinets-logo@3x.png\",\"width\":1632,\"height\":536,\"caption\":\"Cold Cabinets - Refrigeration Cabinets, Dishwasher Equipment ,Ovens,Tea & Coffee Equipment , Cafe & Bar Equipment ,Main Kitchen Equipment ,Cold Rooms\"},\"image\":{\"@id\":\"https:\/\/www.coldcabinets.com\/de\/#\/schema\/logo\/image\/\"},\"sameAs\":[\"https:\/\/www.linkedin.com\/company\/coldcabinets\/\"]}]}<\/script>\n<!-- \/ Yoast SEO plugin. -->","yoast_head_json":{"title":"Spectra Kombi-Gefrierschr\u00e4nke K\u00fchlschr\u00e4nke - Cold Cabinets Industrial Market &amp; Kitchen Equipment","robots":{"index":"index","follow":"follow","max-snippet":"max-snippet:-1","max-image-preview":"max-image-preview:large","max-video-preview":"max-video-preview:-1"},"canonical":"https:\/\/www.coldcabinets.com\/de\/produkt\/spectra-kombi-gefrierschranke-kuhlschranke\/","og_locale":"de_DE","og_type":"article","og_title":"Spectra Kombi-Gefrierschr\u00e4nke K\u00fchlschr\u00e4nke - Cold Cabinets Industrial Market &amp; Kitchen Equipment","og_description":"Die Produktpalette der Kombi-Gefrierschr\u00e4nke bietet L\u00f6sungen f\u00fcr nahezu alle Ladenlayouts. Mit clever gestalteten Kronenenden der Tiefk\u00fchlserie k\u00f6nnen Sie sch\u00f6n ausgerichtete durchgehende Linien erzielen.","og_url":"https:\/\/www.coldcabinets.com\/de\/produkt\/spectra-kombi-gefrierschranke-kuhlschranke\/","og_site_name":"Cold Cabinets Industrial Market &amp; Kitchen Equipment","og_image":[{"width":1200,"height":1200,"url":"https:\/\/www.coldcabinets.com\/wp-content\/uploads\/2023\/01\/Spica-Combi-Freezers-Refrigeration-Cabinets2.jpg","type":"image\/jpeg"}],"twitter_card":"summary_large_image","twitter_misc":{"Gesch\u00e4tzte Lesezeit":"1\u00a0Minute"},"schema":{"@context":"https:\/\/schema.org","@graph":[{"@type":"WebPage","@id":"https:\/\/www.coldcabinets.com\/de\/produkt\/spectra-kombi-gefrierschranke-kuhlschranke\/","url":"https:\/\/www.coldcabinets.com\/de\/produkt\/spectra-kombi-gefrierschranke-kuhlschranke\/","name":"Spectra Kombi-Gefrierschr\u00e4nke K\u00fchlschr\u00e4nke - Cold Cabinets Industrial Market &amp; Kitchen Equipment","isPartOf":{"@id":"https:\/\/www.coldcabinets.com\/de\/#website"},"primaryImageOfPage":{"@id":"https:\/\/www.coldcabinets.com\/de\/produkt\/spectra-kombi-gefrierschranke-kuhlschranke\/#primaryimage"},"image":{"@id":"https:\/\/www.coldcabinets.com\/de\/produkt\/spectra-kombi-gefrierschranke-kuhlschranke\/#primaryimage"},"thumbnailUrl":"https:\/\/www.coldcabinets.com\/wp-content\/uploads\/2023\/01\/Spica-Combi-Freezers-Refrigeration-Cabinets2.jpg","datePublished":"2023-01-02T19:46:16+00:00","breadcrumb":{"@id":"https:\/\/www.coldcabinets.com\/de\/produkt\/spectra-kombi-gefrierschranke-kuhlschranke\/#breadcrumb"},"inLanguage":"de","potentialAction":[{"@type":"ReadAction","target":["https:\/\/www.coldcabinets.com\/de\/produkt\/spectra-kombi-gefrierschranke-kuhlschranke\/"]}]},{"@type":"ImageObject","inLanguage":"de","@id":"https:\/\/www.coldcabinets.com\/de\/produkt\/spectra-kombi-gefrierschranke-kuhlschranke\/#primaryimage","url":"https:\/\/www.coldcabinets.com\/wp-content\/uploads\/2023\/01\/Spica-Combi-Freezers-Refrigeration-Cabinets2.jpg","contentUrl":"https:\/\/www.coldcabinets.com\/wp-content\/uploads\/2023\/01\/Spica-Combi-Freezers-Refrigeration-Cabinets2.jpg","width":1200,"height":1200},{"@type":"BreadcrumbList","@id":"https:\/\/www.coldcabinets.com\/de\/produkt\/spectra-kombi-gefrierschranke-kuhlschranke\/#breadcrumb","itemListElement":[{"@type":"ListItem","position":1,"name":"Home","item":"https:\/\/www.coldcabinets.com\/de\/shop-2\/"},{"@type":"ListItem","position":2,"name":"Spectra Kombi-Gefrierschr\u00e4nke K\u00fchlschr\u00e4nke"}]},{"@type":"WebSite","@id":"https:\/\/www.coldcabinets.com\/de\/#website","url":"https:\/\/www.coldcabinets.com\/de\/","name":"Cold Cabinets Industrial Market Equipment","description":"Refrigeration Cabinets, Dishwasher Equipment ,Ovens,Tea &amp; Coffee Equipment , Cafe &amp; Bar Equipment, Main Kitchen Equipment, Cold Rooms","publisher":{"@id":"https:\/\/www.coldcabinets.com\/de\/#organization"},"potentialAction":[{"@type":"SearchAction","target":{"@type":"EntryPoint","urlTemplate":"https:\/\/www.coldcabinets.com\/de\/?s={search_term_string}"},"query-input":{"@type":"PropertyValueSpecification","valueRequired":true,"valueName":"search_term_string"}}],"inLanguage":"de"},{"@type":"Organization","@id":"https:\/\/www.coldcabinets.com\/de\/#organization","name":"Cold Cabinets - Refrigeration Cabinets, Dishwasher Equipment ,Ovens,Tea & Coffee Equipment , Cafe & Bar Equipment ,Main Kitchen Equipment ,Cold Rooms","url":"https:\/\/www.coldcabinets.com\/de\/","logo":{"@type":"ImageObject","inLanguage":"de","@id":"https:\/\/www.coldcabinets.com\/de\/#\/schema\/logo\/image\/","url":"https:\/\/www.coldcabinets.com\/wp-content\/uploads\/2022\/12\/cold-cabinets-logo@3x.png","contentUrl":"https:\/\/www.coldcabinets.com\/wp-content\/uploads\/2022\/12\/cold-cabinets-logo@3x.png","width":1632,"height":536,"caption":"Cold Cabinets - Refrigeration Cabinets, Dishwasher Equipment ,Ovens,Tea & Coffee Equipment , Cafe & Bar Equipment ,Main Kitchen Equipment ,Cold Rooms"},"image":{"@id":"https:\/\/www.coldcabinets.com\/de\/#\/schema\/logo\/image\/"},"sameAs":["https:\/\/www.linkedin.com\/company\/coldcabinets\/"]}]}},"_links":{"self":[{"href":"https:\/\/www.coldcabinets.com\/de\/wp-json\/wp\/v2\/product\/10211","targetHints":{"allow":["GET"]}}],"collection":[{"href":"https:\/\/www.coldcabinets.com\/de\/wp-json\/wp\/v2\/product"}],"about":[{"href":"https:\/\/www.coldcabinets.com\/de\/wp-json\/wp\/v2\/types\/product"}],"replies":[{"embeddable":true,"href":"https:\/\/www.coldcabinets.com\/de\/wp-json\/wp\/v2\/comments?post=10211"}],"version-history":[{"count":0,"href":"https:\/\/www.coldcabinets.com\/de\/wp-json\/wp\/v2\/product\/10211\/revisions"}],"wp:featuredmedia":[{"embeddable":true,"href":"https:\/\/www.coldcabinets.com\/de\/wp-json\/wp\/v2\/media\/8791"}],"wp:attachment":[{"href":"https:\/\/www.coldcabinets.com\/de\/wp-json\/wp\/v2\/media?parent=10211"}],"wp:term":[{"taxonomy":"product_brand","embeddable":true,"href":"https:\/\/www.coldcabinets.com\/de\/wp-json\/wp\/v2\/product_brand?post=10211"},{"taxonomy":"product_cat","embeddable":true,"href":"https:\/\/www.coldcabinets.com\/de\/wp-json\/wp\/v2\/product_cat?post=10211"},{"taxonomy":"product_tag","embeddable":true,"href":"https:\/\/www.coldcabinets.com\/de\/wp-json\/wp\/v2\/product_tag?post=10211"}],"curies":[{"name":"wp","href":"https:\/\/api.w.org\/{rel}","templated":true}]}}